{"id":13,"date":"2016-09-01T09:57:40","date_gmt":"2016-09-01T09:57:40","guid":{"rendered":"http:\/\/www.retro-games.hu\/?page_id=13"},"modified":"2024-04-30T19:56:11","modified_gmt":"2024-04-30T19:56:11","slug":"atalakitasfeltoltes-alatt","status":"publish","type":"page","link":"https:\/\/www.retro-games.hu\/","title":{"rendered":"\u00dcdv\u00f6zl\u00fcnk web\u00e1ruh\u00e1zunkban!"},"content":{"rendered":"<p>[et_pb_section fb_built=&#8221;1&#8243; _builder_version=&#8221;4.16&#8243; use_background_color_gradient=&#8221;on&#8221; background_color_gradient_type=&#8221;circular&#8221; background_color_gradient_stops=&#8221;#26630f 0%|#000000 100%&#8221; background_color_gradient_start=&#8221;#26630f&#8221; background_color_gradient_end=&#8221;#000000&#8243; custom_padding=&#8221;2px|||||&#8221; global_colors_info=&#8221;{}&#8221;][et_pb_row column_structure=&#8221;1_5,3_5,1_5&#8243; use_custom_gutter=&#8221;on&#8221; gutter_width=&#8221;2&#8243; _builder_version=&#8221;4.16&#8243; animation_style=&#8221;bounce&#8221; global_colors_info=&#8221;{}&#8221;][et_pb_column type=&#8221;1_5&#8243; _builder_version=&#8221;4.16&#8243; global_colors_info=&#8221;{}&#8221;][\/et_pb_column][et_pb_column type=&#8221;3_5&#8243; _builder_version=&#8221;4.16&#8243; global_colors_info=&#8221;{}&#8221;][et_pb_text _builder_version=&#8221;4.16&#8243; header_text_color=&#8221;#7cda24&#8243; background_color=&#8221;#51aa1d&#8221; background_enable_image=&#8221;off&#8221; background_blend=&#8221;multiply&#8221; width=&#8221;100%&#8221; min_height=&#8221;185px&#8221; custom_margin=&#8221;29px||||false|false&#8221; custom_padding=&#8221;9px||13px|19px|false|false&#8221; link_option_url=&#8221;https:\/\/www.retro-games.hu\/index.php\/termekkategoria\/jatekok\/?query_type_platform=or&#038;filter_platform=pc-dos,pc-windows-3-x,pc-windows-78,pc-windows-95-98,pc-windows-9598,pc_dos,pc_windows&#8221; border_width_all=&#8221;5px&#8221; border_color_all=&#8221;#51aa1d&#8221; box_shadow_style=&#8221;preset1&#8243; global_colors_info=&#8221;{}&#8221; transform_styles__hover_enabled=&#8221;on|hover&#8221; transform_scale__hover_enabled=&#8221;on|hover&#8221; transform_translate__hover_enabled=&#8221;on|desktop&#8221; transform_rotate__hover_enabled=&#8221;on|desktop&#8221; transform_skew__hover_enabled=&#8221;on|desktop&#8221; transform_origin__hover_enabled=&#8221;on|desktop&#8221; box_shadow_color__hover_enabled=&#8221;on|hover&#8221; transform_scale__hover=&#8221;104%|104%&#8221;]<\/p>\n<p><img loading=\"lazy\" decoding=\"async\" src=\"https:\/\/www.retro-games.hu\/wp-content\/uploads\/2019\/12\/simon-300x263.png\" width=\"300\" height=\"263\" alt=\"\" class=\"wp-image-148 alignnone size-medium\" \/><img loading=\"lazy\" decoding=\"async\" src=\"https:\/\/www.retro-games.hu\/wp-content\/uploads\/2019\/12\/pc2.png\" width=\"263\" height=\"263\" alt=\"\" class=\"wp-image-147 alignnone size-full\" \/><\/p>\n<p>[\/et_pb_text][\/et_pb_column][et_pb_column type=&#8221;1_5&#8243; _builder_version=&#8221;4.16&#8243; global_colors_info=&#8221;{}&#8221;][\/et_pb_column][\/et_pb_row][et_pb_row column_structure=&#8221;1_5,1_5,1_5,1_5,1_5&#8243; use_custom_gutter=&#8221;on&#8221; gutter_width=&#8221;2&#8243; _builder_version=&#8221;4.16&#8243; animation_style=&#8221;bounce&#8221; global_colors_info=&#8221;{}&#8221;][et_pb_column type=&#8221;1_5&#8243; _builder_version=&#8221;4.16&#8243; global_colors_info=&#8221;{}&#8221;][et_pb_text _builder_version=&#8221;4.16&#8243; header_text_color=&#8221;#7cda24&#8243; background_color=&#8221;#51aa1d&#8221; background_enable_image=&#8221;off&#8221; background_blend=&#8221;multiply&#8221; width=&#8221;100%&#8221; min_height=&#8221;200px&#8221; custom_margin=&#8221;||||false|false&#8221; custom_padding=&#8221;0px||||false|false&#8221; link_option_url=&#8221;https:\/\/www.retro-games.hu\/index.php\/termekkategoria\/jatekok\/?query_type_platform=or&#038;filter_platform=playstation-2,sony-playstation-1,sony-playstation-3&#8243; border_width_all=&#8221;5px&#8221; border_color_all=&#8221;#51aa1d&#8221; box_shadow_style=&#8221;preset2&#8243; box_shadow_color=&#8221;rgba(0,0,0,0)&#8221; global_colors_info=&#8221;{}&#8221; transform_styles__hover_enabled=&#8221;on|hover&#8221; transform_scale__hover_enabled=&#8221;on|hover&#8221; transform_translate__hover_enabled=&#8221;on|desktop&#8221; transform_rotate__hover_enabled=&#8221;on|hover&#8221; transform_skew__hover_enabled=&#8221;on|desktop&#8221; transform_origin__hover_enabled=&#8221;on|desktop&#8221; transform_scale__hover=&#8221;110%|110%&#8221; transform_rotate__hover=&#8221;0deg|0deg|-2deg&#8221; box_shadow_color__hover_enabled=&#8221;on|hover&#8221; box_shadow_color__hover=&#8221;rgba(0,0,0,0.3)&#8221;]<\/p>\n<p><img loading=\"lazy\" decoding=\"async\" src=\"https:\/\/www.retro-games.hu\/wp-content\/uploads\/2019\/12\/ps-lara-300x263.png\" width=\"300\" height=\"263\" alt=\"\" class=\"wp-image-131 alignnone size-medium\" \/><img loading=\"lazy\" decoding=\"async\" src=\"https:\/\/www.retro-games.hu\/wp-content\/uploads\/2019\/12\/playstation.png\" width=\"300\" height=\"300\" alt=\"\" class=\"wp-image-130 alignnone size-full\" \/><\/p>\n<p>[\/et_pb_text][\/et_pb_column][et_pb_column type=&#8221;1_5&#8243; _builder_version=&#8221;4.16&#8243; global_colors_info=&#8221;{}&#8221;][et_pb_text _builder_version=&#8221;4.16&#8243; header_text_color=&#8221;#7cda24&#8243; background_color=&#8221;#51aa1d&#8221; background_enable_image=&#8221;off&#8221; background_blend=&#8221;multiply&#8221; width=&#8221;100%&#8221; min_height=&#8221;200px&#8221; custom_margin=&#8221;||||false|false&#8221; custom_padding=&#8221;0px||||false|false&#8221; link_option_url=&#8221;https:\/\/www.retro-games.hu\/index.php\/termekkategoria\/jatekok\/?filter_platform=sega-dreamcast&#038;query_type_platform=or&#8221; border_width_all=&#8221;5px&#8221; border_color_all=&#8221;#51aa1d&#8221; box_shadow_style=&#8221;preset1&#8243; box_shadow_color=&#8221;rgba(0,0,0,0)&#8221; global_colors_info=&#8221;{}&#8221; transform_styles__hover_enabled=&#8221;on|hover&#8221; transform_scale__hover_enabled=&#8221;on|hover&#8221; transform_translate__hover_enabled=&#8221;on|desktop&#8221; transform_rotate__hover_enabled=&#8221;on|hover&#8221; transform_skew__hover_enabled=&#8221;on|desktop&#8221; transform_origin__hover_enabled=&#8221;on|desktop&#8221; transform_scale__hover=&#8221;110%|110%&#8221; transform_rotate__hover=&#8221;0deg|0deg|-1deg&#8221; box_shadow_color__hover=&#8221;rgba(0,0,0,0.3)&#8221; box_shadow_color__hover_enabled=&#8221;on|hover&#8221;]<\/p>\n<p><img loading=\"lazy\" decoding=\"async\" src=\"https:\/\/www.retro-games.hu\/wp-content\/uploads\/2019\/12\/ecco-300x263.png\" width=\"300\" height=\"263\" alt=\"\" class=\"wp-image-135 alignnone size-medium\" \/><img loading=\"lazy\" decoding=\"async\" src=\"https:\/\/www.retro-games.hu\/wp-content\/uploads\/2019\/12\/sega.png\" width=\"300\" height=\"300\" alt=\"\" class=\"wp-image-134 alignnone size-full\" \/><\/p>\n<p>[\/et_pb_text][\/et_pb_column][et_pb_column type=&#8221;1_5&#8243; _builder_version=&#8221;4.16&#8243; global_colors_info=&#8221;{}&#8221;][et_pb_text _builder_version=&#8221;4.16&#8243; header_text_color=&#8221;#7cda24&#8243; background_color=&#8221;#51aa1d&#8221; background_enable_image=&#8221;off&#8221; background_blend=&#8221;multiply&#8221; width=&#8221;100%&#8221; min_height=&#8221;200px&#8221; custom_margin=&#8221;||||false|false&#8221; custom_padding=&#8221;0px||||false|false&#8221; link_option_url=&#8221;https:\/\/www.retro-games.hu\/index.php\/termekkategoria\/jatekok\/?query_type_platform=or&#038;filter_platform=xbox-360,xbox-classic&#8221; border_width_all=&#8221;5px&#8221; border_color_all=&#8221;#51aa1d&#8221; box_shadow_style=&#8221;preset1&#8243; box_shadow_color=&#8221;rgba(0,0,0,0)&#8221; global_colors_info=&#8221;{}&#8221; transform_styles__hover_enabled=&#8221;on|hover&#8221; transform_scale__hover_enabled=&#8221;on|hover&#8221; transform_translate__hover_enabled=&#8221;on|desktop&#8221; transform_rotate__hover_enabled=&#8221;on|hover&#8221; transform_skew__hover_enabled=&#8221;on|desktop&#8221; transform_origin__hover_enabled=&#8221;on|desktop&#8221; transform_scale__hover=&#8221;110%|110%&#8221; box_shadow_color__hover=&#8221;rgba(0,0,0,0.3)&#8221; box_shadow_color__hover_enabled=&#8221;on|hover&#8221;]<\/p>\n<p><img loading=\"lazy\" decoding=\"async\" src=\"https:\/\/www.retro-games.hu\/wp-content\/uploads\/2019\/12\/gta-300x263.png\" width=\"300\" height=\"263\" alt=\"\" class=\"wp-image-139 alignnone size-medium\" \/><img loading=\"lazy\" decoding=\"async\" src=\"https:\/\/www.retro-games.hu\/wp-content\/uploads\/2019\/12\/xbox.png\" width=\"300\" height=\"300\" alt=\"\" class=\"wp-image-138 alignnone size-full\" \/><\/p>\n<p>[\/et_pb_text][\/et_pb_column][et_pb_column type=&#8221;1_5&#8243; _builder_version=&#8221;4.16&#8243; global_colors_info=&#8221;{}&#8221;][et_pb_text _builder_version=&#8221;4.16&#8243; header_text_color=&#8221;#7cda24&#8243; background_color=&#8221;#51aa1d&#8221; background_enable_image=&#8221;off&#8221; background_blend=&#8221;multiply&#8221; width=&#8221;100%&#8221; min_height=&#8221;200px&#8221; custom_margin=&#8221;||||false|false&#8221; custom_padding=&#8221;0px||||false|false&#8221; link_option_url=&#8221;https:\/\/www.retro-games.hu\/index.php\/termekkategoria\/jatekok\/?query_type_platform=or&#038;filter_platform=game-boy-advance,nintendo-64,nintendo-game-boy-color,nintendo-gamecube,super-nintendo-snes&#8221; border_width_all=&#8221;5px&#8221; border_color_all=&#8221;#51aa1d&#8221; box_shadow_style=&#8221;preset1&#8243; box_shadow_color=&#8221;rgba(0,0,0,0)&#8221; global_colors_info=&#8221;{}&#8221; transform_styles__hover_enabled=&#8221;on|hover&#8221; transform_scale__hover_enabled=&#8221;on|hover&#8221; transform_translate__hover_enabled=&#8221;on|desktop&#8221; transform_rotate__hover_enabled=&#8221;on|hover&#8221; transform_skew__hover_enabled=&#8221;on|desktop&#8221; transform_origin__hover_enabled=&#8221;on|desktop&#8221; transform_scale__hover=&#8221;110%|110%&#8221; box_shadow_color__hover=&#8221;rgba(0,0,0,0.3)&#8221; box_shadow_color__hover_enabled=&#8221;on|hover&#8221; transform_rotate__hover=&#8221;0deg|0deg|1deg&#8221;]<\/p>\n<p><img loading=\"lazy\" decoding=\"async\" src=\"https:\/\/www.retro-games.hu\/wp-content\/uploads\/2019\/12\/NES-Super_Mario_Bros-300x263.gif\" width=\"300\" height=\"263\" alt=\"\" class=\"wp-image-116 alignnone size-medium\" \/><img loading=\"lazy\" decoding=\"async\" src=\"https:\/\/www.retro-games.hu\/wp-content\/uploads\/2019\/12\/nintendo.png\" width=\"300\" height=\"300\" alt=\"\" class=\"wp-image-122 alignnone size-full\" \/><\/p>\n<p>[\/et_pb_text][\/et_pb_column][et_pb_column type=&#8221;1_5&#8243; _builder_version=&#8221;4.16&#8243; global_colors_info=&#8221;{}&#8221;][et_pb_text _builder_version=&#8221;4.16&#8243; header_text_color=&#8221;#7cda24&#8243; background_color=&#8221;#51aa1d&#8221; background_enable_image=&#8221;off&#8221; background_blend=&#8221;multiply&#8221; width=&#8221;100%&#8221; min_height=&#8221;200px&#8221; custom_margin=&#8221;||||false|false&#8221; custom_padding=&#8221;0px||||false|false&#8221; link_option_url=&#8221;https:\/\/www.retro-games.hu\/index.php\/termekkategoria\/jatekok\/?query_type_platform=or&#038;filter_platform=applepower-macintosh,commodore-64&#8243; border_width_all=&#8221;5px&#8221; border_color_all=&#8221;#51aa1d&#8221; box_shadow_style=&#8221;preset1&#8243; box_shadow_color=&#8221;rgba(0,0,0,0)&#8221; global_colors_info=&#8221;{}&#8221; transform_styles__hover_enabled=&#8221;on|hover&#8221; transform_scale__hover_enabled=&#8221;on|hover&#8221; transform_translate__hover_enabled=&#8221;on|desktop&#8221; transform_rotate__hover_enabled=&#8221;on|hover&#8221; transform_skew__hover_enabled=&#8221;on|desktop&#8221; transform_origin__hover_enabled=&#8221;on|desktop&#8221; transform_scale__hover=&#8221;110%|110%&#8221; transform_rotate__hover=&#8221;0deg|0deg|2deg&#8221; box_shadow_color__hover=&#8221;rgba(0,0,0,0.3)&#8221; box_shadow_color__hover_enabled=&#8221;on|hover&#8221;]<\/p>\n<p><img loading=\"lazy\" decoding=\"async\" src=\"https:\/\/www.retro-games.hu\/wp-content\/uploads\/2019\/12\/flimbo-300x263.png\" width=\"300\" height=\"263\" alt=\"\" class=\"wp-image-154 alignnone size-medium\" \/><img loading=\"lazy\" decoding=\"async\" src=\"https:\/\/www.retro-games.hu\/wp-content\/uploads\/2019\/12\/egyebretro.png\" width=\"300\" height=\"300\" alt=\"\" class=\"wp-image-157 alignnone size-full\" \/><\/p>\n<p>[\/et_pb_text][\/et_pb_column][\/et_pb_row][et_pb_row column_structure=&#8221;3_4,1_4&#8243; _builder_version=&#8221;4.16&#8243; global_colors_info=&#8221;{}&#8221;][et_pb_column type=&#8221;3_4&#8243; _builder_version=&#8221;4.16&#8243; global_colors_info=&#8221;{}&#8221;][et_pb_text _builder_version=&#8221;4.16&#8243; text_font=&#8221;Titillium Web||||||||&#8221; text_text_color=&#8221;#ffffff&#8221; header_font=&#8221;Titillium Web|600|||||||&#8221; header_text_color=&#8221;#ffffff&#8221; background_enable_color=&#8221;off&#8221; background_enable_image=&#8221;off&#8221; background_repeat=&#8221;repeat-x&#8221; height=&#8221;50px&#8221; custom_margin=&#8221;0px||||false|false&#8221; custom_padding=&#8221;||||false|false&#8221; header_text_shadow_style=&#8221;preset2&#8243; global_colors_info=&#8221;{}&#8221;]<\/p>\n<header class=\"entry-header\">\n<h1 class=\"entry-title\">\u00dcdv\u00f6zl\u00fcnk web\u00e1ruh\u00e1zunkban!<\/h1>\n<\/header>\n<p>[\/et_pb_text][\/et_pb_column][et_pb_column type=&#8221;1_4&#8243; _builder_version=&#8221;4.16&#8243; global_colors_info=&#8221;{}&#8221;][et_pb_text _builder_version=&#8221;4.16&#8243; text_font=&#8221;Titillium Web||||||||&#8221; text_text_color=&#8221;#ffffff&#8221; header_font=&#8221;Titillium Web|600|||||||&#8221; header_text_color=&#8221;#ffffff&#8221; background_enable_color=&#8221;off&#8221; background_enable_image=&#8221;off&#8221; background_repeat=&#8221;repeat-x&#8221; height=&#8221;50px&#8221; custom_margin=&#8221;0px||||false|false&#8221; custom_padding=&#8221;||||false|false&#8221; header_text_shadow_style=&#8221;preset2&#8243; global_colors_info=&#8221;{}&#8221;]<\/p>\n<header class=\"entry-header\">\n<h1 class=\"entry-title\">Kateg\u00f3ri\u00e1k<\/h1>\n<\/header>\n<p>[\/et_pb_text][\/et_pb_column][\/et_pb_row][et_pb_row column_structure=&#8221;3_4,1_4&#8243; _builder_version=&#8221;4.16&#8243; global_colors_info=&#8221;{}&#8221;][et_pb_column type=&#8221;3_4&#8243; _builder_version=&#8221;4.16&#8243; global_colors_info=&#8221;{}&#8221;][et_pb_text _builder_version=&#8221;4.16&#8243; text_font=&#8221;Titillium Web||||||||&#8221; text_text_color=&#8221;#003163&#8243; link_text_color=&#8221;#7cda24&#8243; header_font=&#8221;Titillium Web|600|||||||&#8221; header_text_color=&#8221;#ffffff&#8221; global_colors_info=&#8221;{}&#8221;]<\/p>\n<header class=\"entry-header\">\n<h2 class=\"entry-title\"><strong style=\"font-size: 16px;\">Bemutatkoz\u00e1s<\/strong><\/h2>\n<\/header>\n<div class=\"entry-content\">\n<p>T\u00f6bb mint 2500 term\u00e9k, PC \u00e9s retr\u00f3 j\u00e1t\u00e9kok, konzolok, konzolj\u00e1t\u00e9kok \u00e9s kieg\u00e9sz\u00edt\u0151k sz\u00e9les v\u00e1laszt\u00e9k\u00e1val v\u00e1rjuk. Minden term\u00e9k\u00fcnk rakt\u00e1ron van \u00e9s \u00e1tvehet\u0151 budapesti irod\u00e1nkban. \u00d6sszes j\u00e1t\u00e9kunk eredeti, gy\u00e1ri j\u00e1t\u00e9k, m\u00e1soltakat nem forgalmazunk. A megrendel\u00e9seket post\u00e1zzuk is, a sz\u00e1ll\u00edt\u00e1s 30.000 Ft feletti v\u00e1s\u00e1rl\u00e1s eset\u00e9n ingyenes.<\/p>\n<p>&nbsp;<\/p>\n<p><strong>C\u00edm\u00fcnk: Budapest, XI. ker\u00fclet, Budafoki \u00fat 34\/b. fsz. 3.<\/strong><span>\u00a0<\/span>(az Allee bev\u00e1s\u00e1rl\u00f3k\u00f6zpontt\u00f3l 5 percre).<\/p>\n<p>Irod\u00e1nkban els\u0151sorban a web\u00e1ruh\u00e1zban leadott rendel\u00e9seket lehet \u00e1tvenni, de valamennyi \u00e1ltalunk k\u00edn\u00e1lt j\u00e1t\u00e9k szem\u00e9lyesen is megtekinthet\u0151. Hivatalos nyitvatart\u00e1sunk nincs, de h\u00e9tk\u00f6znap napk\u00f6zben 9-12 \u00e9s 13-18 k\u00f6z\u00f6tt \u00e1ltal\u00e1ban itt vagyunk (de nem mindig). Ha felkeresn\u00e9l minket, el\u0151tte c\u00e9lszer\u0171 telefon\u00e1lni\u2026<\/p>\n<p>Minden visszajelz\u00e9st sz\u00edvesen fogadunk, a<span>\u00a0<\/span><a href=\"https:\/\/www.retro-games.hu\/index.php\/kapcsolat\/\">Kapcsolat men\u00fcpontban<\/a><span>\u00a0<\/span>tal\u00e1lhat\u00f3 el\u00e9rhet\u0151s\u00e9geken tal\u00e1lsz meg minket.<\/p>\n<\/div>\n<p>[\/et_pb_text][\/et_pb_column][et_pb_column type=&#8221;1_4&#8243; _builder_version=&#8221;4.16&#8243; global_colors_info=&#8221;{}&#8221;][et_pb_text _builder_version=&#8221;4.16&#8243; text_font=&#8221;Titillium Web||||||||&#8221; text_text_color=&#8221;#ffffff&#8221; link_text_color=&#8221;#7cda24&#8243; header_font=&#8221;Titillium Web|600|||||||&#8221; header_text_color=&#8221;#ffffff&#8221; global_colors_info=&#8221;{}&#8221;]<\/p>\n<ul class=\"product-categories\">\n<li class=\"cat-item cat-item-85\"><a href=\"https:\/\/www.retro-games.hu\/index.php\/termekkategoria\/felhasznaloi-program\/\">Felhaszn\u00e1l\u00f3i program<\/a><span class=\"count\">(6)<\/span><\/li>\n<li class=\"cat-item cat-item-196\"><a href=\"https:\/\/www.retro-games.hu\/index.php\/termekkategoria\/kezikonyv\/\">K\u00e9zik\u00f6nyv<\/a><span class=\"count\">(36)<\/span><\/li>\n<li class=\"cat-item cat-item-154 cat-parent\"><a href=\"https:\/\/www.retro-games.hu\/index.php\/termekkategoria\/konzolok-kiegeszitok\/\">Konzol, sz\u00e1m\u00edt\u00f3g\u00e9p, kieg\u00e9sz\u00edt\u0151k<\/a><span class=\"count\">(20)<\/span><\/li>\n<li class=\"cat-item cat-item-155 cat-parent\"><a href=\"https:\/\/www.retro-games.hu\/index.php\/termekkategoria\/jatekok\/&quot;\">PC- \u00e9s konzolj\u00e1t\u00e9k<\/a><span class=\"count\">(2093)<\/span><\/li>\n<li class=\"cat-item cat-item-298\"><a href=\"https:\/\/www.retro-games.hu\/index.php\/termekkategoria\/utmutato\/\">\u00datmutat\u00f3<\/a><span class=\"count\">(3)<\/span><\/li>\n<li class=\"cat-item cat-item-139\"><a href=\"https:\/\/www.retro-games.hu\/index.php\/termekkategoria\/zene-cd-jatek-soundtrack\/\">Zene CD (j\u00e1t\u00e9k soundtrack)<\/a><span class=\"count\">(3)<\/span><\/li>\n<\/ul>\n<p>[\/et_pb_text][\/et_pb_column][\/et_pb_row][\/et_pb_section]<\/p>\n","protected":false},"excerpt":{"rendered":"<p>\u00dcdv\u00f6zl\u00fcnk web\u00e1ruh\u00e1zunkban! Kateg\u00f3ri\u00e1k Bemutatkoz\u00e1s T\u00f6bb mint 2500 term\u00e9k, PC \u00e9s retr\u00f3 j\u00e1t\u00e9kok, konzolok, konzolj\u00e1t\u00e9kok \u00e9s kieg\u00e9sz\u00edt\u0151k sz\u00e9les v\u00e1laszt\u00e9k\u00e1val v\u00e1rjuk. Minden term\u00e9k\u00fcnk rakt\u00e1ron van \u00e9s \u00e1tvehet\u0151 budapesti irod\u00e1nkban. \u00d6sszes j\u00e1t\u00e9kunk eredeti, gy\u00e1ri j\u00e1t\u00e9k, m\u00e1soltakat nem forgalmazunk. A megrendel\u00e9seket post\u00e1zzuk is, a sz\u00e1ll\u00edt\u00e1s 30.000 Ft feletti v\u00e1s\u00e1rl\u00e1s eset\u00e9n ingyenes. &nbsp; C\u00edm\u00fcnk: Budapest, XI. ker\u00fclet, Budafoki \u00fat 34\/b. [&hellip;]<\/p>\n","protected":false},"author":1,"featured_media":0,"parent":0,"menu_order":0,"comment_status":"closed","ping_status":"closed","template":"","meta":{"_et_pb_use_builder":"on","_et_pb_old_content":"<strong>Bemutatkoz\u00e1s<\/strong>\n\nT\u00f6bb mint 2500 term\u00e9k, PC \u00e9s retr\u00f3 j\u00e1t\u00e9kok, konzolok, konzolj\u00e1t\u00e9kok \u00e9s kieg\u00e9sz\u00edt\u0151k sz\u00e9les v\u00e1laszt\u00e9k\u00e1val v\u00e1rjuk. Minden term\u00e9k\u00fcnk rakt\u00e1ron van \u00e9s \u00e1tvehet\u0151 budapesti irod\u00e1nkban. \u00d6sszes j\u00e1t\u00e9kunk eredeti, gy\u00e1ri j\u00e1t\u00e9k, m\u00e1soltakat nem forgalmazunk. A megrendel\u00e9seket post\u00e1zzuk is, a sz\u00e1ll\u00edt\u00e1s 15.000 Ft feletti v\u00e1s\u00e1rl\u00e1s eset\u00e9n ingyenes.\n\n<strong>K\u00d6LT\u00d6Z\u00c9S!<\/strong>\n\nFigyelem, elk\u00f6lt\u00f6zt\u00fcnk!\n\n<strong>\u00daj c\u00edm\u00fcnk: Budapest, XI. ker\u00fclet, Budafoki \u00fat 34\/b. fsz. 3.<\/strong> (az Allee bev\u00e1s\u00e1rl\u00f3k\u00f6zpontt\u00f3l 5 percre).\n\nIrod\u00e1nkban els\u0151sorban a web\u00e1ruh\u00e1zban leadott rendel\u00e9seket lehet \u00e1tvenni, de valamennyi \u00e1ltalunk k\u00edn\u00e1lt j\u00e1t\u00e9k szem\u00e9lyesen is megtekinthet\u0151. Hivatalos nyitvatart\u00e1sunk nincs, de h\u00e9tk\u00f6znap napk\u00f6zben 9-12 \u00e9s 13-18 k\u00f6z\u00f6tt \u00e1ltal\u00e1ban itt vagyunk (de nem mindig). Ha felkeresn\u00e9l minket, el\u0151tte c\u00e9lszer\u0171 telefon\u00e1lni...\n\nMinden visszajelz\u00e9st sz\u00edvesen fogadunk, a <a href=\"http:\/\/www.retro-games.hu\/index.php\/kapcsolat\/\">Kapcsolat men\u00fcpontban<\/a> tal\u00e1lhat\u00f3 el\u00e9rhet\u0151s\u00e9geken tal\u00e1lsz meg minket.","_et_gb_content_width":"","footnotes":""},"class_list":["post-13","page","type-page","status-publish","hentry"],"_links":{"self":[{"href":"https:\/\/www.retro-games.hu\/index.php\/wp-json\/wp\/v2\/pages\/13","targetHints":{"allow":["GET"]}}],"collection":[{"href":"https:\/\/www.retro-games.hu\/index.php\/wp-json\/wp\/v2\/pages"}],"about":[{"href":"https:\/\/www.retro-games.hu\/index.php\/wp-json\/wp\/v2\/types\/page"}],"author":[{"embeddable":true,"href":"https:\/\/www.retro-games.hu\/index.php\/wp-json\/wp\/v2\/users\/1"}],"replies":[{"embeddable":true,"href":"https:\/\/www.retro-games.hu\/index.php\/wp-json\/wp\/v2\/comments?post=13"}],"version-history":[{"count":22,"href":"https:\/\/www.retro-games.hu\/index.php\/wp-json\/wp\/v2\/pages\/13\/revisions"}],"predecessor-version":[{"id":54992,"href":"https:\/\/www.retro-games.hu\/index.php\/wp-json\/wp\/v2\/pages\/13\/revisions\/54992"}],"wp:attachment":[{"href":"https:\/\/www.retro-games.hu\/index.php\/wp-json\/wp\/v2\/media?parent=13"}],"curies":[{"name":"wp","href":"https:\/\/api.w.org\/{rel}","templated":true}]}}