{"id":4655,"date":"2016-10-13T10:04:17","date_gmt":"2016-10-13T10:04:17","guid":{"rendered":"http:\/\/www.retro-games.hu\/?page_id=4655"},"modified":"2016-10-13T12:48:06","modified_gmt":"2016-10-13T12:48:06","slug":"jogi-tajekoztatas","status":"publish","type":"page","link":"https:\/\/www.retro-games.hu\/index.php\/jogi-tajekoztatas\/","title":{"rendered":"Jogi t\u00e1j\u00e9koztat\u00e1s"},"content":{"rendered":"<p>Az adatv\u00e9delmi szab\u00e1lyzatunk itt \u00e9rhet\u0151 el: <a href=\"http:\/\/www.retro-games.hu\/index.php\/adatvedelmi-es-adatkezelesi-szabalyzat\/\">Retro-games.hu adatv\u00e9delmi szab\u00e1lyzat<\/a>\u00a0(<a href=\"http:\/\/www.retro-games.hu\/docs\/adatv.pdf\">let\u00f6lt\u00e9s PDF-ben<\/a>)<\/p>\n<p>Az \u00e1ltal\u00e1nos szerz\u0151d\u00e9si felt\u00e9telek (\u00c1SZF)\u00a0itt \u00e9rhet\u0151ek el: <a href=\"http:\/\/www.retro-games.hu\/index.php\/altalanos-szerzodesi-feltetelek\/\">Retro-games.hu \u00c1SZF<\/a>\u00a0<a href=\"http:\/\/www.retro-games.hu\/docs\/aszf.pdf\">(let\u00f6lt\u00e9s PDF-ben<\/a>)<\/p>\n","protected":false},"excerpt":{"rendered":"<p>Az adatv\u00e9delmi szab\u00e1lyzatunk itt \u00e9rhet\u0151 el: Retro-games.hu adatv\u00e9delmi szab\u00e1lyzat\u00a0(let\u00f6lt\u00e9s PDF-ben) Az \u00e1ltal\u00e1nos szerz\u0151d\u00e9si felt\u00e9telek (\u00c1SZF)\u00a0itt \u00e9rhet\u0151ek el: Retro-games.hu \u00c1SZF\u00a0(let\u00f6lt\u00e9s PDF-ben)<\/p>\n","protected":false},"author":1,"featured_media":0,"parent":0,"menu_order":0,"comment_status":"closed","ping_status":"closed","template":"","meta":{"_et_pb_use_builder":"","_et_pb_old_content":"","_et_gb_content_width":"","footnotes":""},"class_list":["post-4655","page","type-page","status-publish","hentry"],"_links":{"self":[{"href":"https:\/\/www.retro-games.hu\/index.php\/wp-json\/wp\/v2\/pages\/4655","targetHints":{"allow":["GET"]}}],"collection":[{"href":"https:\/\/www.retro-games.hu\/index.php\/wp-json\/wp\/v2\/pages"}],"about":[{"href":"https:\/\/www.retro-games.hu\/index.php\/wp-json\/wp\/v2\/types\/page"}],"author":[{"embeddable":true,"href":"https:\/\/www.retro-games.hu\/index.php\/wp-json\/wp\/v2\/users\/1"}],"replies":[{"embeddable":true,"href":"https:\/\/www.retro-games.hu\/index.php\/wp-json\/wp\/v2\/comments?post=4655"}],"version-history":[{"count":4,"href":"https:\/\/www.retro-games.hu\/index.php\/wp-json\/wp\/v2\/pages\/4655\/revisions"}],"predecessor-version":[{"id":4665,"href":"https:\/\/www.retro-games.hu\/index.php\/wp-json\/wp\/v2\/pages\/4655\/revisions\/4665"}],"wp:attachment":[{"href":"https:\/\/www.retro-games.hu\/index.php\/wp-json\/wp\/v2\/media?parent=4655"}],"curies":[{"name":"wp","href":"https:\/\/api.w.org\/{rel}","templated":true}]}}