{"id":4666,"date":"2016-10-13T13:00:48","date_gmt":"2016-10-13T13:00:48","guid":{"rendered":"http:\/\/www.retro-games.hu\/?page_id=4666"},"modified":"2019-08-17T10:22:00","modified_gmt":"2019-08-17T10:22:00","slug":"kapcsolat","status":"publish","type":"page","link":"https:\/\/www.retro-games.hu\/index.php\/kapcsolat\/","title":{"rendered":"Kapcsolat"},"content":{"rendered":"<p style=\"text-align: center;\"><strong>RETRO-GAMES.HU WEB\u00c1RUH\u00c1Z<\/strong><\/p>\n<p><strong>\u00c1tv\u00e9teli iroda\/\u00fcgyf\u00e9lszolg\u00e1lat c\u00edme:<\/strong><\/p>\n<p>1111 Budapest, XI. ker\u00fclet, Budafoki \u00fat 34\/b. fsz. 3.<\/p>\n<p><strong>Nyitvatart\u00e1s:<\/strong><\/p>\n<p>h\u00e9tf\u0151-p\u00e9ntek, <strong>\u00e1ltal\u00e1ban<\/strong> 9:00 \u00e9s 18:00 k\u00f6z\u00f6tt (ez azt jelenti, hogy nem mindig van itt valaki, \u00e9s mindenk\u00e9pp \u00e9rdemes indul\u00e1s el\u0151tt\u00a0 a megadott vonalas telefonsz\u00e1mon ellen\u0151rizni, hogy van-e valaki az \u00e1tv\u00e9teli irod\u00e1ban)<\/p>\n<p>Megjegyz\u00e9s: \u00fcnnepnapokon \u00e9s munkasz\u00fcneti napokon z\u00e1rva tartunk.<\/p>\n<p><strong>Telefonsz\u00e1m:<\/strong><\/p>\n<p>+36 1\u00a0781 3578 (nyitvatart\u00e1si id\u0151ben \u00e9rhet\u0151 el)<\/p>\n<p><strong>E-mail:<\/strong><\/p>\n<p>bbnetltd@gmail.com<\/p>\n<p><strong>\u00dczemeltet\u0151:<\/strong><\/p>\n<p>Bonyai \u00e9s Balogh Online Kft.<br \/>\n1016 Budapest, Alad\u00e1r u. 19. V\/2.<br \/>\nC\u00e9gjegyz\u00e9ksz\u00e1m:\u00a001-09-980070<br \/>\nAd\u00f3sz\u00e1m:\u00a023827459-1-41<br \/>\nJegyz\u0151i enged\u00e9ly sz\u00e1ma: IKERKER\/835\/2013<br \/>\nAdatkezel\u00e9si\u00a0nyilv\u00e1ntart\u00e1si sz\u00e1m:\u00a0NAIH-69946\/2013<\/p>\n","protected":false},"excerpt":{"rendered":"<p>RETRO-GAMES.HU WEB\u00c1RUH\u00c1Z \u00c1tv\u00e9teli iroda\/\u00fcgyf\u00e9lszolg\u00e1lat c\u00edme: 1111 Budapest, XI. ker\u00fclet, Budafoki \u00fat 34\/b. fsz. 3. Nyitvatart\u00e1s: h\u00e9tf\u0151-p\u00e9ntek, \u00e1ltal\u00e1ban 9:00 \u00e9s 18:00 k\u00f6z\u00f6tt (ez azt jelenti, hogy nem mindig van itt valaki, \u00e9s mindenk\u00e9pp \u00e9rdemes indul\u00e1s el\u0151tt\u00a0 a megadott vonalas telefonsz\u00e1mon ellen\u0151rizni, hogy van-e valaki az \u00e1tv\u00e9teli irod\u00e1ban) Megjegyz\u00e9s: \u00fcnnepnapokon \u00e9s munkasz\u00fcneti napokon z\u00e1rva tartunk. Telefonsz\u00e1m: +36 [&hellip;]<\/p>\n","protected":false},"author":1,"featured_media":0,"parent":0,"menu_order":0,"comment_status":"closed","ping_status":"closed","template":"","meta":{"_et_pb_use_builder":"","_et_pb_old_content":"","_et_gb_content_width":"","footnotes":""},"class_list":["post-4666","page","type-page","status-publish","hentry"],"_links":{"self":[{"href":"https:\/\/www.retro-games.hu\/index.php\/wp-json\/wp\/v2\/pages\/4666","targetHints":{"allow":["GET"]}}],"collection":[{"href":"https:\/\/www.retro-games.hu\/index.php\/wp-json\/wp\/v2\/pages"}],"about":[{"href":"https:\/\/www.retro-games.hu\/index.php\/wp-json\/wp\/v2\/types\/page"}],"author":[{"embeddable":true,"href":"https:\/\/www.retro-games.hu\/index.php\/wp-json\/wp\/v2\/users\/1"}],"replies":[{"embeddable":true,"href":"https:\/\/www.retro-games.hu\/index.php\/wp-json\/wp\/v2\/comments?post=4666"}],"version-history":[{"count":10,"href":"https:\/\/www.retro-games.hu\/index.php\/wp-json\/wp\/v2\/pages\/4666\/revisions"}],"predecessor-version":[{"id":22184,"href":"https:\/\/www.retro-games.hu\/index.php\/wp-json\/wp\/v2\/pages\/4666\/revisions\/22184"}],"wp:attachment":[{"href":"https:\/\/www.retro-games.hu\/index.php\/wp-json\/wp\/v2\/media?parent=4666"}],"curies":[{"name":"wp","href":"https:\/\/api.w.org\/{rel}","templated":true}]}}