{"id":59393,"date":"2025-11-03T13:12:20","date_gmt":"2025-11-03T13:12:20","guid":{"rendered":"https:\/\/www.retro-games.hu\/index.php\/termek\/aerowings\/"},"modified":"2025-11-03T13:12:21","modified_gmt":"2025-11-03T13:12:21","slug":"aerowings","status":"publish","type":"product","link":"https:\/\/www.retro-games.hu\/index.php\/termek\/aerowings\/","title":{"rendered":"AeroWings"},"content":{"rendered":"<p>platform: Sega Dreamcast; r\u00e9gi\u00f3k\u00f3d: PAL; k\u00f3d: T-40202D-50, els\u0151 kiad\u00e1s, csak a cd, bor\u00edt\u00f3k n\u00e9lk\u00fcl, angol, francia, n\u00e9met nyelv\u0171 j\u00e1t\u00e9k; a cd alig haszn\u00e1lt, tesztelt, m\u0171k\u00f6dik<\/p>\n","protected":false},"excerpt":{"rendered":"<p>platform: Sega Dreamcast; r\u00e9gi\u00f3k\u00f3d: PAL; k\u00f3d: T-40202D-50, els\u0151 kiad\u00e1s, csak a cd, bor\u00edt\u00f3k n\u00e9lk\u00fcl, angol, francia, n\u00e9met nyelv\u0171 j\u00e1t\u00e9k; a cd alig haszn\u00e1lt, tesztelt, m\u0171k\u00f6dik<\/p>\n","protected":false},"featured_media":59392,"comment_status":"open","ping_status":"closed","template":"","meta":{"_et_pb_use_builder":"","_et_pb_old_content":"","_et_gb_content_width":""},"product_brand":[],"product_cat":[10,9,8],"product_tag":[],"class_list":{"0":"post-59393","1":"product","2":"type-product","3":"status-publish","4":"has-post-thumbnail","6":"product_cat-polgari","7":"product_cat-repulogep-szimulator-szimulator","8":"product_cat-szimulator","9":"pa_allapot-hasznalt","10":"pa_kivitel-csak-a-lemezcddvdkazetta","11":"pa_nyelv-angol","12":"pa_nyelv-francia","13":"pa_nyelv-nemet","14":"pa_platform-sega-dreamcast","16":"first","17":"instock","18":"shipping-taxable","19":"purchasable","20":"product-type-simple"},"_links":{"self":[{"href":"https:\/\/www.retro-games.hu\/index.php\/wp-json\/wp\/v2\/product\/59393","targetHints":{"allow":["GET"]}}],"collection":[{"href":"https:\/\/www.retro-games.hu\/index.php\/wp-json\/wp\/v2\/product"}],"about":[{"href":"https:\/\/www.retro-games.hu\/index.php\/wp-json\/wp\/v2\/types\/product"}],"replies":[{"embeddable":true,"href":"https:\/\/www.retro-games.hu\/index.php\/wp-json\/wp\/v2\/comments?post=59393"}],"wp:featuredmedia":[{"embeddable":true,"href":"https:\/\/www.retro-games.hu\/index.php\/wp-json\/wp\/v2\/media\/59392"}],"wp:attachment":[{"href":"https:\/\/www.retro-games.hu\/index.php\/wp-json\/wp\/v2\/media?parent=59393"}],"wp:term":[{"taxonomy":"product_brand","embeddable":true,"href":"https:\/\/www.retro-games.hu\/index.php\/wp-json\/wp\/v2\/product_brand?post=59393"},{"taxonomy":"product_cat","embeddable":true,"href":"https:\/\/www.retro-games.hu\/index.php\/wp-json\/wp\/v2\/product_cat?post=59393"},{"taxonomy":"product_tag","embeddable":true,"href":"https:\/\/www.retro-games.hu\/index.php\/wp-json\/wp\/v2\/product_tag?post=59393"}],"curies":[{"name":"wp","href":"https:\/\/api.w.org\/{rel}","templated":true}]}}