{"id":59395,"date":"2025-11-03T13:12:23","date_gmt":"2025-11-03T13:12:23","guid":{"rendered":"https:\/\/www.retro-games.hu\/index.php\/termek\/sven-goran-erikssons-world-challenge\/"},"modified":"2025-11-03T13:12:24","modified_gmt":"2025-11-03T13:12:24","slug":"sven-goran-erikssons-world-challenge","status":"publish","type":"product","link":"https:\/\/www.retro-games.hu\/index.php\/termek\/sven-goran-erikssons-world-challenge\/","title":{"rendered":"Sven-G\u00f6ran Eriksson&#8217;s World Challenge"},"content":{"rendered":"<p>platform: Sony Playstation 1; r\u00e9gi\u00f3k\u00f3d: PAL; k\u00f3d: SLES-03867, els\u0151 kiad\u00e1s, tok n\u00e9lk\u00fcl, pap\u00edrokkal &#8211; angol nyelv\u0171 pap\u00edrk\u00e9zik\u00f6nyv, angol feliratos h\u00e1ts\u00f3 \u00e9s els\u0151 bor\u00edt\u00f3; eredeti cd, angol nyelv\u0171 j\u00e1t\u00e9k; a cd haszn\u00e1lt, tesztelt \u00e9s m\u0171k\u00f6dik<\/p>\n","protected":false},"excerpt":{"rendered":"<p>platform: Sony Playstation 1; r\u00e9gi\u00f3k\u00f3d: PAL; k\u00f3d: SLES-03867, els\u0151 kiad\u00e1s, tok n\u00e9lk\u00fcl, pap\u00edrokkal &#8211; angol nyelv\u0171 pap\u00edrk\u00e9zik\u00f6nyv, angol feliratos h\u00e1ts\u00f3 \u00e9s els\u0151 bor\u00edt\u00f3; eredeti cd, angol nyelv\u0171 j\u00e1t\u00e9k; a cd haszn\u00e1lt, tesztelt \u00e9s m\u0171k\u00f6dik<\/p>\n","protected":false},"featured_media":59394,"comment_status":"open","ping_status":"closed","template":"","meta":{"_et_pb_use_builder":"","_et_pb_old_content":"","_et_gb_content_width":""},"product_brand":[],"product_cat":[155,8,81],"product_tag":[],"class_list":{"0":"post-59395","1":"product","2":"type-product","3":"status-publish","4":"has-post-thumbnail","6":"product_cat-jatekok","7":"product_cat-szimulator","8":"product_cat-uzlet-menedzsment","9":"pa_allapot-hasznalt","10":"pa_kivitel-csak-a-lemezcddvdkazetta","11":"pa_nyelv-angol","12":"pa_platform-sony-playstation-1","14":"first","15":"instock","16":"shipping-taxable","17":"purchasable","18":"product-type-simple"},"_links":{"self":[{"href":"https:\/\/www.retro-games.hu\/index.php\/wp-json\/wp\/v2\/product\/59395","targetHints":{"allow":["GET"]}}],"collection":[{"href":"https:\/\/www.retro-games.hu\/index.php\/wp-json\/wp\/v2\/product"}],"about":[{"href":"https:\/\/www.retro-games.hu\/index.php\/wp-json\/wp\/v2\/types\/product"}],"replies":[{"embeddable":true,"href":"https:\/\/www.retro-games.hu\/index.php\/wp-json\/wp\/v2\/comments?post=59395"}],"wp:featuredmedia":[{"embeddable":true,"href":"https:\/\/www.retro-games.hu\/index.php\/wp-json\/wp\/v2\/media\/59394"}],"wp:attachment":[{"href":"https:\/\/www.retro-games.hu\/index.php\/wp-json\/wp\/v2\/media?parent=59395"}],"wp:term":[{"taxonomy":"product_brand","embeddable":true,"href":"https:\/\/www.retro-games.hu\/index.php\/wp-json\/wp\/v2\/product_brand?post=59395"},{"taxonomy":"product_cat","embeddable":true,"href":"https:\/\/www.retro-games.hu\/index.php\/wp-json\/wp\/v2\/product_cat?post=59395"},{"taxonomy":"product_tag","embeddable":true,"href":"https:\/\/www.retro-games.hu\/index.php\/wp-json\/wp\/v2\/product_tag?post=59395"}],"curies":[{"name":"wp","href":"https:\/\/api.w.org\/{rel}","templated":true}]}}