{"id":59399,"date":"2025-11-03T13:12:30","date_gmt":"2025-11-03T13:12:30","guid":{"rendered":"https:\/\/www.retro-games.hu\/index.php\/termek\/super-match-soccer\/"},"modified":"2025-11-03T13:12:30","modified_gmt":"2025-11-03T13:12:30","slug":"super-match-soccer","status":"publish","type":"product","link":"https:\/\/www.retro-games.hu\/index.php\/termek\/super-match-soccer\/","title":{"rendered":"Super Match Soccer"},"content":{"rendered":"<p>platform: Sony Playstation 1; r\u00e9gi\u00f3k\u00f3d: PAL; k\u00f3d: SLES-01175, els\u0151 kiad\u00e1s, tok n\u00e9lk\u00fcl, pap\u00edrokkal &#8211; angol\/n\u00e9met\/holland\/olasz\/spanyol feliratos h\u00e1ts\u00f3 bor\u00edt\u00f3; eredeti cd, angol, francia, n\u00e9met, olasz, spanyol nyelv\u0171 j\u00e1t\u00e9k; a cd haszn\u00e1lt, tesztelt \u00e9s m\u0171k\u00f6dik<\/p>\n","protected":false},"excerpt":{"rendered":"<p>platform: Sony Playstation 1; r\u00e9gi\u00f3k\u00f3d: PAL; k\u00f3d: SLES-01175, els\u0151 kiad\u00e1s, tok n\u00e9lk\u00fcl, pap\u00edrokkal &#8211; angol\/n\u00e9met\/holland\/olasz\/spanyol feliratos h\u00e1ts\u00f3 bor\u00edt\u00f3; eredeti cd, angol, francia, n\u00e9met, olasz, spanyol nyelv\u0171 j\u00e1t\u00e9k; a cd haszn\u00e1lt, tesztelt \u00e9s m\u0171k\u00f6dik<\/p>\n","protected":false},"featured_media":59398,"comment_status":"open","ping_status":"closed","template":"","meta":{"_et_pb_use_builder":"","_et_pb_old_content":"","_et_gb_content_width":""},"product_brand":[],"product_cat":[41,155,40],"product_tag":[],"class_list":{"0":"post-59399","1":"product","2":"type-product","3":"status-publish","4":"has-post-thumbnail","6":"product_cat-futball","7":"product_cat-jatekok","8":"product_cat-sportjatek","9":"pa_allapot-hasznalt","10":"pa_kivitel-csak-a-lemezcddvdkazetta","11":"pa_nyelv-angol","12":"pa_nyelv-francia","13":"pa_nyelv-nemet","14":"pa_nyelv-olasz","15":"pa_nyelv-spanyol","16":"pa_platform-sony-playstation-1","18":"first","19":"instock","20":"shipping-taxable","21":"purchasable","22":"product-type-simple"},"_links":{"self":[{"href":"https:\/\/www.retro-games.hu\/index.php\/wp-json\/wp\/v2\/product\/59399","targetHints":{"allow":["GET"]}}],"collection":[{"href":"https:\/\/www.retro-games.hu\/index.php\/wp-json\/wp\/v2\/product"}],"about":[{"href":"https:\/\/www.retro-games.hu\/index.php\/wp-json\/wp\/v2\/types\/product"}],"replies":[{"embeddable":true,"href":"https:\/\/www.retro-games.hu\/index.php\/wp-json\/wp\/v2\/comments?post=59399"}],"wp:featuredmedia":[{"embeddable":true,"href":"https:\/\/www.retro-games.hu\/index.php\/wp-json\/wp\/v2\/media\/59398"}],"wp:attachment":[{"href":"https:\/\/www.retro-games.hu\/index.php\/wp-json\/wp\/v2\/media?parent=59399"}],"wp:term":[{"taxonomy":"product_brand","embeddable":true,"href":"https:\/\/www.retro-games.hu\/index.php\/wp-json\/wp\/v2\/product_brand?post=59399"},{"taxonomy":"product_cat","embeddable":true,"href":"https:\/\/www.retro-games.hu\/index.php\/wp-json\/wp\/v2\/product_cat?post=59399"},{"taxonomy":"product_tag","embeddable":true,"href":"https:\/\/www.retro-games.hu\/index.php\/wp-json\/wp\/v2\/product_tag?post=59399"}],"curies":[{"name":"wp","href":"https:\/\/api.w.org\/{rel}","templated":true}]}}