{"id":59403,"date":"2025-11-03T13:12:38","date_gmt":"2025-11-03T13:12:38","guid":{"rendered":"https:\/\/www.retro-games.hu\/index.php\/termek\/enchanted-arms\/"},"modified":"2025-11-03T13:12:38","modified_gmt":"2025-11-03T13:12:38","slug":"enchanted-arms","status":"publish","type":"product","link":"https:\/\/www.retro-games.hu\/index.php\/termek\/enchanted-arms\/","title":{"rendered":"Enchanted Arms"},"content":{"rendered":"<p>platform: Sony PS3; r\u00e9gi\u00f3k\u00f3d: PAL; k\u00f3d: BLES-00049, prom\u00f3ci\u00f3s, teljes verzi\u00f3s kiad\u00e1s, csak a lemez, bor\u00edt\u00f3k n\u00e9lk\u00fcl, angol nyelv\u0171 j\u00e1t\u00e9k; a lemez karcmentes<\/p>\n","protected":false},"excerpt":{"rendered":"<p>platform: Sony PS3; r\u00e9gi\u00f3k\u00f3d: PAL; k\u00f3d: BLES-00049, prom\u00f3ci\u00f3s, teljes verzi\u00f3s kiad\u00e1s, csak a lemez, bor\u00edt\u00f3k n\u00e9lk\u00fcl, angol nyelv\u0171 j\u00e1t\u00e9k; a lemez karcmentes<\/p>\n","protected":false},"featured_media":59402,"comment_status":"open","ping_status":"closed","template":"","meta":{"_et_pb_use_builder":"","_et_pb_old_content":"","_et_gb_content_width":""},"product_brand":[],"product_cat":[116,155,272],"product_tag":[],"class_list":{"0":"post-59403","1":"product","2":"type-product","3":"status-publish","4":"has-post-thumbnail","6":"product_cat-klasszikus-szerepjatek","7":"product_cat-jatekok","8":"product_cat-szerepjatek-rpg","9":"pa_allapot-hasznalt","10":"pa_kivitel-csak-a-lemezcddvdkazetta","11":"pa_nyelv-angol","12":"pa_platform-sony-playstation-3","14":"first","15":"instock","16":"shipping-taxable","17":"purchasable","18":"product-type-simple"},"_links":{"self":[{"href":"https:\/\/www.retro-games.hu\/index.php\/wp-json\/wp\/v2\/product\/59403","targetHints":{"allow":["GET"]}}],"collection":[{"href":"https:\/\/www.retro-games.hu\/index.php\/wp-json\/wp\/v2\/product"}],"about":[{"href":"https:\/\/www.retro-games.hu\/index.php\/wp-json\/wp\/v2\/types\/product"}],"replies":[{"embeddable":true,"href":"https:\/\/www.retro-games.hu\/index.php\/wp-json\/wp\/v2\/comments?post=59403"}],"wp:featuredmedia":[{"embeddable":true,"href":"https:\/\/www.retro-games.hu\/index.php\/wp-json\/wp\/v2\/media\/59402"}],"wp:attachment":[{"href":"https:\/\/www.retro-games.hu\/index.php\/wp-json\/wp\/v2\/media?parent=59403"}],"wp:term":[{"taxonomy":"product_brand","embeddable":true,"href":"https:\/\/www.retro-games.hu\/index.php\/wp-json\/wp\/v2\/product_brand?post=59403"},{"taxonomy":"product_cat","embeddable":true,"href":"https:\/\/www.retro-games.hu\/index.php\/wp-json\/wp\/v2\/product_cat?post=59403"},{"taxonomy":"product_tag","embeddable":true,"href":"https:\/\/www.retro-games.hu\/index.php\/wp-json\/wp\/v2\/product_tag?post=59403"}],"curies":[{"name":"wp","href":"https:\/\/api.w.org\/{rel}","templated":true}]}}