{"id":59413,"date":"2025-11-03T13:12:57","date_gmt":"2025-11-03T13:12:57","guid":{"rendered":"https:\/\/www.retro-games.hu\/index.php\/termek\/nba-2k8\/"},"modified":"2025-11-03T13:13:03","modified_gmt":"2025-11-03T13:13:03","slug":"nba-2k8","status":"publish","type":"product","link":"https:\/\/www.retro-games.hu\/index.php\/termek\/nba-2k8\/","title":{"rendered":"NBA 2k8"},"content":{"rendered":"<p>platform: Sony Playstation 3, r\u00e9gi\u00f3k\u00f3d: PAL, k\u00f3d: BLES 00138, els\u0151 kiad\u00e1s, angol feliratos bor\u00edt\u00f3, angol nyelv\u0171 k\u00e9zik\u00f6nyv, eredeti lemez, angol nyelv\u0171 j\u00e1t\u00e9k; a lemez alig haszn\u00e1lt, p\u00e1r hajsz\u00e1lkarccal<\/p>\n","protected":false},"excerpt":{"rendered":"<p>platform: Sony Playstation 3, r\u00e9gi\u00f3k\u00f3d: PAL, k\u00f3d: BLES 00138, els\u0151 kiad\u00e1s, angol feliratos bor\u00edt\u00f3, angol nyelv\u0171 k\u00e9zik\u00f6nyv, eredeti lemez, angol nyelv\u0171 j\u00e1t\u00e9k; a lemez alig haszn\u00e1lt, p\u00e1r hajsz\u00e1lkarccal<\/p>\n","protected":false},"featured_media":59412,"comment_status":"open","ping_status":"closed","template":"","meta":{"_et_pb_use_builder":"","_et_pb_old_content":"","_et_gb_content_width":""},"product_brand":[],"product_cat":[88,155,40],"product_tag":[],"class_list":{"0":"post-59413","1":"product","2":"type-product","3":"status-publish","4":"has-post-thumbnail","6":"product_cat-kosarlabda","7":"product_cat-jatekok","8":"product_cat-sportjatek","9":"pa_allapot-hasznalt","10":"pa_kivitel-dvd-tokos","11":"pa_nyelv-angol","12":"pa_platform-sony-playstation-3","14":"first","15":"instock","16":"shipping-taxable","17":"purchasable","18":"product-type-simple"},"_links":{"self":[{"href":"https:\/\/www.retro-games.hu\/index.php\/wp-json\/wp\/v2\/product\/59413","targetHints":{"allow":["GET"]}}],"collection":[{"href":"https:\/\/www.retro-games.hu\/index.php\/wp-json\/wp\/v2\/product"}],"about":[{"href":"https:\/\/www.retro-games.hu\/index.php\/wp-json\/wp\/v2\/types\/product"}],"replies":[{"embeddable":true,"href":"https:\/\/www.retro-games.hu\/index.php\/wp-json\/wp\/v2\/comments?post=59413"}],"wp:featuredmedia":[{"embeddable":true,"href":"https:\/\/www.retro-games.hu\/index.php\/wp-json\/wp\/v2\/media\/59412"}],"wp:attachment":[{"href":"https:\/\/www.retro-games.hu\/index.php\/wp-json\/wp\/v2\/media?parent=59413"}],"wp:term":[{"taxonomy":"product_brand","embeddable":true,"href":"https:\/\/www.retro-games.hu\/index.php\/wp-json\/wp\/v2\/product_brand?post=59413"},{"taxonomy":"product_cat","embeddable":true,"href":"https:\/\/www.retro-games.hu\/index.php\/wp-json\/wp\/v2\/product_cat?post=59413"},{"taxonomy":"product_tag","embeddable":true,"href":"https:\/\/www.retro-games.hu\/index.php\/wp-json\/wp\/v2\/product_tag?post=59413"}],"curies":[{"name":"wp","href":"https:\/\/api.w.org\/{rel}","templated":true}]}}