{"id":59435,"date":"2025-11-03T13:13:45","date_gmt":"2025-11-03T13:13:45","guid":{"rendered":"https:\/\/www.retro-games.hu\/index.php\/termek\/formula-one-2001\/"},"modified":"2025-11-03T13:13:52","modified_gmt":"2025-11-03T13:13:52","slug":"formula-one-2001","status":"publish","type":"product","link":"https:\/\/www.retro-games.hu\/index.php\/termek\/formula-one-2001\/","title":{"rendered":"Formula One 2001"},"content":{"rendered":"<p>platform: Sony PS2; r\u00e9gi\u00f3k\u00f3d: PAL; k\u00f3d: SCES-50004, Platinum kiad\u00e1s, angol feliratos bor\u00edt\u00f3, eredeti dvd, angol, n\u00e9met, francia, olasz, spanyol, finn nyelv\u0171 j\u00e1t\u00e9k; a dvd szinte karcmentes,, tesztelt \u00e9s m\u0171k\u00f6dik<\/p>\n","protected":false},"excerpt":{"rendered":"<p>platform: Sony PS2; r\u00e9gi\u00f3k\u00f3d: PAL; k\u00f3d: SCES-50004, Platinum kiad\u00e1s, angol feliratos bor\u00edt\u00f3, eredeti dvd, angol, n\u00e9met, francia, olasz, spanyol, finn nyelv\u0171 j\u00e1t\u00e9k; a dvd szinte karcmentes,, tesztelt \u00e9s m\u0171k\u00f6dik<\/p>\n","protected":false},"featured_media":59434,"comment_status":"open","ping_status":"closed","template":"","meta":{"_et_pb_use_builder":"","_et_pb_old_content":"","_et_gb_content_width":""},"product_brand":[],"product_cat":[33,155,8],"product_tag":[],"class_list":{"0":"post-59435","1":"product","2":"type-product","3":"status-publish","4":"has-post-thumbnail","6":"product_cat-autoversenyzos","7":"product_cat-jatekok","8":"product_cat-szimulator","9":"pa_allapot-hasznalt","10":"pa_kivitel-dvd-tokos","11":"pa_nyelv-angol","12":"pa_nyelv-finn","13":"pa_nyelv-francia","14":"pa_nyelv-nemet","15":"pa_nyelv-olasz","16":"pa_nyelv-spanyol","17":"pa_platform-playstation-2","19":"first","20":"instock","21":"shipping-taxable","22":"purchasable","23":"product-type-simple"},"_links":{"self":[{"href":"https:\/\/www.retro-games.hu\/index.php\/wp-json\/wp\/v2\/product\/59435","targetHints":{"allow":["GET"]}}],"collection":[{"href":"https:\/\/www.retro-games.hu\/index.php\/wp-json\/wp\/v2\/product"}],"about":[{"href":"https:\/\/www.retro-games.hu\/index.php\/wp-json\/wp\/v2\/types\/product"}],"replies":[{"embeddable":true,"href":"https:\/\/www.retro-games.hu\/index.php\/wp-json\/wp\/v2\/comments?post=59435"}],"wp:featuredmedia":[{"embeddable":true,"href":"https:\/\/www.retro-games.hu\/index.php\/wp-json\/wp\/v2\/media\/59434"}],"wp:attachment":[{"href":"https:\/\/www.retro-games.hu\/index.php\/wp-json\/wp\/v2\/media?parent=59435"}],"wp:term":[{"taxonomy":"product_brand","embeddable":true,"href":"https:\/\/www.retro-games.hu\/index.php\/wp-json\/wp\/v2\/product_brand?post=59435"},{"taxonomy":"product_cat","embeddable":true,"href":"https:\/\/www.retro-games.hu\/index.php\/wp-json\/wp\/v2\/product_cat?post=59435"},{"taxonomy":"product_tag","embeddable":true,"href":"https:\/\/www.retro-games.hu\/index.php\/wp-json\/wp\/v2\/product_tag?post=59435"}],"curies":[{"name":"wp","href":"https:\/\/api.w.org\/{rel}","templated":true}]}}