{"id":59439,"date":"2025-11-03T13:13:56","date_gmt":"2025-11-03T13:13:56","guid":{"rendered":"https:\/\/www.retro-games.hu\/index.php\/termek\/tiger-woods-pga-tour-2005\/"},"modified":"2025-11-03T13:14:01","modified_gmt":"2025-11-03T13:14:01","slug":"tiger-woods-pga-tour-2005","status":"publish","type":"product","link":"https:\/\/www.retro-games.hu\/index.php\/termek\/tiger-woods-pga-tour-2005\/","title":{"rendered":"Tiger Woods PGA Tour 2005"},"content":{"rendered":"<p>platform: Sony PS2, r\u00e9gi\u00f3k\u00f3d: PAL, k\u00f3d: SLES-52509, els\u0151 kiad\u00e1s, n\u00e9met nyelv\u0171 bor\u00edt\u00f3, n\u00e9met nyelv\u0171 pap\u00edrk\u00e9zik\u00f6nyv, angol, n\u00e9met, francia, sv\u00e9d nyelv\u0171 j\u00e1t\u00e9k; a dvd haszn\u00e1lt, enyh\u00e9n karcos (hajsz\u00e1lkarcok), tesztelt \u00e9s m\u0171k\u00f6dik<\/p>\n","protected":false},"excerpt":{"rendered":"<p>platform: Sony PS2, r\u00e9gi\u00f3k\u00f3d: PAL, k\u00f3d: SLES-52509, els\u0151 kiad\u00e1s, n\u00e9met nyelv\u0171 bor\u00edt\u00f3, n\u00e9met nyelv\u0171 pap\u00edrk\u00e9zik\u00f6nyv, angol, n\u00e9met, francia, sv\u00e9d nyelv\u0171 j\u00e1t\u00e9k; a dvd haszn\u00e1lt, enyh\u00e9n karcos (hajsz\u00e1lkarcok), tesztelt \u00e9s m\u0171k\u00f6dik<\/p>\n","protected":false},"featured_media":59438,"comment_status":"open","ping_status":"closed","template":"","meta":{"_et_pb_use_builder":"","_et_pb_old_content":"","_et_gb_content_width":""},"product_brand":[],"product_cat":[60,40],"product_tag":[],"class_list":{"0":"post-59439","1":"product","2":"type-product","3":"status-publish","4":"has-post-thumbnail","6":"product_cat-golf","7":"product_cat-sportjatek","8":"pa_allapot-hasznalt","9":"pa_kivitel-dvd-tokos","10":"pa_nyelv-angol","11":"pa_nyelv-francia","12":"pa_nyelv-nemet","13":"pa_nyelv-sved","14":"pa_platform-playstation-2","16":"first","17":"instock","18":"shipping-taxable","19":"purchasable","20":"product-type-simple"},"_links":{"self":[{"href":"https:\/\/www.retro-games.hu\/index.php\/wp-json\/wp\/v2\/product\/59439","targetHints":{"allow":["GET"]}}],"collection":[{"href":"https:\/\/www.retro-games.hu\/index.php\/wp-json\/wp\/v2\/product"}],"about":[{"href":"https:\/\/www.retro-games.hu\/index.php\/wp-json\/wp\/v2\/types\/product"}],"replies":[{"embeddable":true,"href":"https:\/\/www.retro-games.hu\/index.php\/wp-json\/wp\/v2\/comments?post=59439"}],"wp:featuredmedia":[{"embeddable":true,"href":"https:\/\/www.retro-games.hu\/index.php\/wp-json\/wp\/v2\/media\/59438"}],"wp:attachment":[{"href":"https:\/\/www.retro-games.hu\/index.php\/wp-json\/wp\/v2\/media?parent=59439"}],"wp:term":[{"taxonomy":"product_brand","embeddable":true,"href":"https:\/\/www.retro-games.hu\/index.php\/wp-json\/wp\/v2\/product_brand?post=59439"},{"taxonomy":"product_cat","embeddable":true,"href":"https:\/\/www.retro-games.hu\/index.php\/wp-json\/wp\/v2\/product_cat?post=59439"},{"taxonomy":"product_tag","embeddable":true,"href":"https:\/\/www.retro-games.hu\/index.php\/wp-json\/wp\/v2\/product_tag?post=59439"}],"curies":[{"name":"wp","href":"https:\/\/api.w.org\/{rel}","templated":true}]}}