{"id":59450,"date":"2025-11-03T13:14:19","date_gmt":"2025-11-03T13:14:19","guid":{"rendered":"https:\/\/www.retro-games.hu\/index.php\/termek\/arita-dvd-r-8x-25-db-os-csomag\/"},"modified":"2025-11-03T13:14:22","modified_gmt":"2025-11-03T13:14:22","slug":"arita-dvd-r-8x-25-db-os-csomag","status":"publish","type":"product","link":"https:\/\/www.retro-games.hu\/index.php\/termek\/arita-dvd-r-8x-25-db-os-csomag\/","title":{"rendered":"Arita DVD-R 8x 25 db-os csomag"},"content":{"rendered":"<p>Arita \u00edrhat\u00f3 DVD-R 8x 25 db-os csomag, \u00faj.<\/p>\n","protected":false},"excerpt":{"rendered":"<p>Arita \u00edrhat\u00f3 DVD-R 8x 25 db-os csomag, \u00faj.<\/p>\n","protected":false},"featured_media":59449,"comment_status":"open","ping_status":"closed","template":"","meta":{"_et_pb_use_builder":"","_et_pb_old_content":"","_et_gb_content_width":""},"product_brand":[],"product_cat":[240,324],"product_tag":[],"class_list":{"0":"post-59450","1":"product","2":"type-product","3":"status-publish","4":"has-post-thumbnail","6":"product_cat-retro-adathordozo","7":"product_cat-irhato-dvd","8":"pa_allapot-uj","10":"first","11":"instock","12":"shipping-taxable","13":"purchasable","14":"product-type-simple"},"_links":{"self":[{"href":"https:\/\/www.retro-games.hu\/index.php\/wp-json\/wp\/v2\/product\/59450","targetHints":{"allow":["GET"]}}],"collection":[{"href":"https:\/\/www.retro-games.hu\/index.php\/wp-json\/wp\/v2\/product"}],"about":[{"href":"https:\/\/www.retro-games.hu\/index.php\/wp-json\/wp\/v2\/types\/product"}],"replies":[{"embeddable":true,"href":"https:\/\/www.retro-games.hu\/index.php\/wp-json\/wp\/v2\/comments?post=59450"}],"wp:featuredmedia":[{"embeddable":true,"href":"https:\/\/www.retro-games.hu\/index.php\/wp-json\/wp\/v2\/media\/59449"}],"wp:attachment":[{"href":"https:\/\/www.retro-games.hu\/index.php\/wp-json\/wp\/v2\/media?parent=59450"}],"wp:term":[{"taxonomy":"product_brand","embeddable":true,"href":"https:\/\/www.retro-games.hu\/index.php\/wp-json\/wp\/v2\/product_brand?post=59450"},{"taxonomy":"product_cat","embeddable":true,"href":"https:\/\/www.retro-games.hu\/index.php\/wp-json\/wp\/v2\/product_cat?post=59450"},{"taxonomy":"product_tag","embeddable":true,"href":"https:\/\/www.retro-games.hu\/index.php\/wp-json\/wp\/v2\/product_tag?post=59450"}],"curies":[{"name":"wp","href":"https:\/\/api.w.org\/{rel}","templated":true}]}}