{"id":59453,"date":"2025-11-03T13:14:25","date_gmt":"2025-11-03T13:14:25","guid":{"rendered":"https:\/\/www.retro-games.hu\/index.php\/termek\/ps-ps1-psx-ps2-kontroller-joy-kar-hosszabbito-kabel\/"},"modified":"2025-12-07T09:48:56","modified_gmt":"2025-12-07T09:48:56","slug":"ps-ps1-psx-ps2-kontroller-joy-kar-hosszabbito-kabel","status":"publish","type":"product","link":"https:\/\/www.retro-games.hu\/index.php\/termek\/ps-ps1-psx-ps2-kontroller-joy-kar-hosszabbito-kabel\/","title":{"rendered":"PS PS1 PSX PS2 kontroller joy kar hosszabb\u00edt\u00f3 k\u00e1bel"},"content":{"rendered":"<p>Hosszabb\u00edt\u00f3 k\u00e1bel PS1 \u00e9s PS2 karokhoz. Hossza: 1,8 m\u00e9ter. \u00daj.<\/p>\n","protected":false},"excerpt":{"rendered":"<p>Hosszabb\u00edt\u00f3 k\u00e1bel PS1 \u00e9s PS2 karokhoz. Hossza: 1,8 m\u00e9ter. \u00daj.<\/p>\n","protected":false},"featured_media":59452,"comment_status":"open","ping_status":"closed","template":"","meta":{"_et_pb_use_builder":"","_et_pb_old_content":"","_et_gb_content_width":""},"product_brand":[],"product_cat":[167,162,154],"product_tag":[],"class_list":{"0":"post-59453","1":"product","2":"type-product","3":"status-publish","4":"has-post-thumbnail","6":"product_cat-hosszabbito-kabel","7":"product_cat-kabel","8":"product_cat-konzolok-kiegeszitok","9":"pa_allapot-uj","10":"pa_platform-sony-playstation-1","11":"pa_platform-playstation-2","13":"first","14":"instock","15":"shipping-taxable","16":"purchasable","17":"product-type-simple"},"_links":{"self":[{"href":"https:\/\/www.retro-games.hu\/index.php\/wp-json\/wp\/v2\/product\/59453","targetHints":{"allow":["GET"]}}],"collection":[{"href":"https:\/\/www.retro-games.hu\/index.php\/wp-json\/wp\/v2\/product"}],"about":[{"href":"https:\/\/www.retro-games.hu\/index.php\/wp-json\/wp\/v2\/types\/product"}],"replies":[{"embeddable":true,"href":"https:\/\/www.retro-games.hu\/index.php\/wp-json\/wp\/v2\/comments?post=59453"}],"wp:featuredmedia":[{"embeddable":true,"href":"https:\/\/www.retro-games.hu\/index.php\/wp-json\/wp\/v2\/media\/59452"}],"wp:attachment":[{"href":"https:\/\/www.retro-games.hu\/index.php\/wp-json\/wp\/v2\/media?parent=59453"}],"wp:term":[{"taxonomy":"product_brand","embeddable":true,"href":"https:\/\/www.retro-games.hu\/index.php\/wp-json\/wp\/v2\/product_brand?post=59453"},{"taxonomy":"product_cat","embeddable":true,"href":"https:\/\/www.retro-games.hu\/index.php\/wp-json\/wp\/v2\/product_cat?post=59453"},{"taxonomy":"product_tag","embeddable":true,"href":"https:\/\/www.retro-games.hu\/index.php\/wp-json\/wp\/v2\/product_tag?post=59453"}],"curies":[{"name":"wp","href":"https:\/\/api.w.org\/{rel}","templated":true}]}}