{"id":59458,"date":"2025-11-03T13:14:35","date_gmt":"2025-11-03T13:14:35","guid":{"rendered":"https:\/\/www.retro-games.hu\/index.php\/termek\/ps-psx-ps2-rgb-scart-tv-kompozit-kabel-uj\/"},"modified":"2025-11-03T13:14:35","modified_gmt":"2025-11-03T13:14:35","slug":"ps-psx-ps2-rgb-scart-tv-kompozit-kabel-uj","status":"publish","type":"product","link":"https:\/\/www.retro-games.hu\/index.php\/termek\/ps-psx-ps2-rgb-scart-tv-kompozit-kabel-uj\/","title":{"rendered":"PS PSX PS2 RGB SCART TV kompozit k\u00e1bel \u00faj"},"content":{"rendered":"<p>Sony Playstation 1\/2 RGB SCART k\u00e1bel. \u00d6sszek\u00f6ti a TV SCART bemenet\u00e9t a konzollal. RCA dobozt is tartalmaz tov\u00e1bbi hang- \u00e9s videokimenetekkel (kompozit vide\u00f3 \u00e9s sztere\u00f3 hang). \u00daj, m\u00e9g nem volt haszn\u00e1lva. Gy\u00e1rt\u00f3: Madrics.<\/p>\n","protected":false},"excerpt":{"rendered":"<p>Sony Playstation 1\/2 RGB SCART k\u00e1bel. \u00d6sszek\u00f6ti a TV SCART bemenet\u00e9t a konzollal. RCA dobozt is tartalmaz tov\u00e1bbi hang- \u00e9s videokimenetekkel (kompozit vide\u00f3 \u00e9s sztere\u00f3 hang). \u00daj, m\u00e9g nem volt haszn\u00e1lva. Gy\u00e1rt\u00f3: Madrics.<\/p>\n","protected":false},"featured_media":59457,"comment_status":"open","ping_status":"closed","template":"","meta":{"_et_pb_use_builder":"","_et_pb_old_content":"","_et_gb_content_width":""},"product_brand":[],"product_cat":[162,154,165],"product_tag":[],"class_list":{"0":"post-59458","1":"product","2":"type-product","3":"status-publish","4":"has-post-thumbnail","6":"product_cat-kabel","7":"product_cat-konzolok-kiegeszitok","8":"product_cat-tv-kabel","9":"pa_allapot-uj","10":"pa_platform-sony-playstation-1","11":"pa_platform-playstation-2","13":"first","14":"instock","15":"shipping-taxable","16":"purchasable","17":"product-type-simple"},"_links":{"self":[{"href":"https:\/\/www.retro-games.hu\/index.php\/wp-json\/wp\/v2\/product\/59458","targetHints":{"allow":["GET"]}}],"collection":[{"href":"https:\/\/www.retro-games.hu\/index.php\/wp-json\/wp\/v2\/product"}],"about":[{"href":"https:\/\/www.retro-games.hu\/index.php\/wp-json\/wp\/v2\/types\/product"}],"replies":[{"embeddable":true,"href":"https:\/\/www.retro-games.hu\/index.php\/wp-json\/wp\/v2\/comments?post=59458"}],"wp:featuredmedia":[{"embeddable":true,"href":"https:\/\/www.retro-games.hu\/index.php\/wp-json\/wp\/v2\/media\/59457"}],"wp:attachment":[{"href":"https:\/\/www.retro-games.hu\/index.php\/wp-json\/wp\/v2\/media?parent=59458"}],"wp:term":[{"taxonomy":"product_brand","embeddable":true,"href":"https:\/\/www.retro-games.hu\/index.php\/wp-json\/wp\/v2\/product_brand?post=59458"},{"taxonomy":"product_cat","embeddable":true,"href":"https:\/\/www.retro-games.hu\/index.php\/wp-json\/wp\/v2\/product_cat?post=59458"},{"taxonomy":"product_tag","embeddable":true,"href":"https:\/\/www.retro-games.hu\/index.php\/wp-json\/wp\/v2\/product_tag?post=59458"}],"curies":[{"name":"wp","href":"https:\/\/api.w.org\/{rel}","templated":true}]}}