{"id":59475,"date":"2025-11-03T13:15:11","date_gmt":"2025-11-03T13:15:11","guid":{"rendered":"https:\/\/www.retro-games.hu\/index.php\/termek\/pgr-project-gotham-racing-3\/"},"modified":"2025-11-03T13:15:17","modified_gmt":"2025-11-03T13:15:17","slug":"pgr-project-gotham-racing-3","status":"publish","type":"product","link":"https:\/\/www.retro-games.hu\/index.php\/termek\/pgr-project-gotham-racing-3\/","title":{"rendered":"PGR (Project Gotham Racing) 3"},"content":{"rendered":"<p>platform: XBOX 360; r\u00e9gi\u00f3k\u00f3d: PAL; els\u0151 kiad\u00e1s, francia feliratos bor\u00edt\u00f3, francia nyelv\u0171 pap\u00edrk\u00e9zik\u00f6nyv, eredeti dvd, francia nyelv\u0171 j\u00e1t\u00e9k; a dvd keveset haszn\u00e1lt, tesztelt, m\u0171k\u00f6dik<\/p>\n","protected":false},"excerpt":{"rendered":"<p>platform: XBOX 360; r\u00e9gi\u00f3k\u00f3d: PAL; els\u0151 kiad\u00e1s, francia feliratos bor\u00edt\u00f3, francia nyelv\u0171 pap\u00edrk\u00e9zik\u00f6nyv, eredeti dvd, francia nyelv\u0171 j\u00e1t\u00e9k; a dvd keveset haszn\u00e1lt, tesztelt, m\u0171k\u00f6dik<\/p>\n","protected":false},"featured_media":59474,"comment_status":"open","ping_status":"closed","template":"","meta":{"_et_pb_use_builder":"","_et_pb_old_content":"","_et_gb_content_width":""},"product_brand":[],"product_cat":[33,8],"product_tag":[],"class_list":{"0":"post-59475","1":"product","2":"type-product","3":"status-publish","4":"has-post-thumbnail","6":"product_cat-autoversenyzos","7":"product_cat-szimulator","8":"pa_allapot-hasznalt","9":"pa_kivitel-dvd-tokos","10":"pa_nyelv-francia","11":"pa_platform-xbox-360","13":"first","14":"instock","15":"shipping-taxable","16":"purchasable","17":"product-type-simple"},"_links":{"self":[{"href":"https:\/\/www.retro-games.hu\/index.php\/wp-json\/wp\/v2\/product\/59475","targetHints":{"allow":["GET"]}}],"collection":[{"href":"https:\/\/www.retro-games.hu\/index.php\/wp-json\/wp\/v2\/product"}],"about":[{"href":"https:\/\/www.retro-games.hu\/index.php\/wp-json\/wp\/v2\/types\/product"}],"replies":[{"embeddable":true,"href":"https:\/\/www.retro-games.hu\/index.php\/wp-json\/wp\/v2\/comments?post=59475"}],"wp:featuredmedia":[{"embeddable":true,"href":"https:\/\/www.retro-games.hu\/index.php\/wp-json\/wp\/v2\/media\/59474"}],"wp:attachment":[{"href":"https:\/\/www.retro-games.hu\/index.php\/wp-json\/wp\/v2\/media?parent=59475"}],"wp:term":[{"taxonomy":"product_brand","embeddable":true,"href":"https:\/\/www.retro-games.hu\/index.php\/wp-json\/wp\/v2\/product_brand?post=59475"},{"taxonomy":"product_cat","embeddable":true,"href":"https:\/\/www.retro-games.hu\/index.php\/wp-json\/wp\/v2\/product_cat?post=59475"},{"taxonomy":"product_tag","embeddable":true,"href":"https:\/\/www.retro-games.hu\/index.php\/wp-json\/wp\/v2\/product_tag?post=59475"}],"curies":[{"name":"wp","href":"https:\/\/api.w.org\/{rel}","templated":true}]}}