{"id":59499,"date":"2025-11-03T13:16:05","date_gmt":"2025-11-03T13:16:05","guid":{"rendered":"https:\/\/www.retro-games.hu\/index.php\/termek\/game-boy-advance-gba-sp-taska-szurke\/"},"modified":"2025-11-03T13:16:05","modified_gmt":"2025-11-03T13:16:05","slug":"game-boy-advance-gba-sp-taska-szurke","status":"publish","type":"product","link":"https:\/\/www.retro-games.hu\/index.php\/termek\/game-boy-advance-gba-sp-taska-szurke\/","title":{"rendered":"Game Boy Advance GBA SP t\u00e1ska sz\u00fcrke"},"content":{"rendered":"<p>Game Boy Advance SP t\u00e1ska. \u00daj, bontatlan eredeti csomagol\u00e1sban. Gy\u00e1rt\u00f3: Madrics.<\/p>\n","protected":false},"excerpt":{"rendered":"<p>Game Boy Advance SP t\u00e1ska. \u00daj, bontatlan eredeti csomagol\u00e1sban. Gy\u00e1rt\u00f3: Madrics.<\/p>\n","protected":false},"featured_media":59498,"comment_status":"open","ping_status":"closed","template":"","meta":{"_et_pb_use_builder":"","_et_pb_old_content":"","_et_gb_content_width":""},"product_brand":[],"product_cat":[154,156,159],"product_tag":[],"class_list":{"0":"post-59499","1":"product","2":"type-product","3":"status-publish","4":"has-post-thumbnail","6":"product_cat-konzolok-kiegeszitok","7":"product_cat-tarto-tok","8":"product_cat-taska","9":"pa_allapot-uj","10":"pa_platform-nintendo-game-boy-advance-sp","12":"first","13":"instock","14":"shipping-taxable","15":"purchasable","16":"product-type-simple"},"_links":{"self":[{"href":"https:\/\/www.retro-games.hu\/index.php\/wp-json\/wp\/v2\/product\/59499","targetHints":{"allow":["GET"]}}],"collection":[{"href":"https:\/\/www.retro-games.hu\/index.php\/wp-json\/wp\/v2\/product"}],"about":[{"href":"https:\/\/www.retro-games.hu\/index.php\/wp-json\/wp\/v2\/types\/product"}],"replies":[{"embeddable":true,"href":"https:\/\/www.retro-games.hu\/index.php\/wp-json\/wp\/v2\/comments?post=59499"}],"wp:featuredmedia":[{"embeddable":true,"href":"https:\/\/www.retro-games.hu\/index.php\/wp-json\/wp\/v2\/media\/59498"}],"wp:attachment":[{"href":"https:\/\/www.retro-games.hu\/index.php\/wp-json\/wp\/v2\/media?parent=59499"}],"wp:term":[{"taxonomy":"product_brand","embeddable":true,"href":"https:\/\/www.retro-games.hu\/index.php\/wp-json\/wp\/v2\/product_brand?post=59499"},{"taxonomy":"product_cat","embeddable":true,"href":"https:\/\/www.retro-games.hu\/index.php\/wp-json\/wp\/v2\/product_cat?post=59499"},{"taxonomy":"product_tag","embeddable":true,"href":"https:\/\/www.retro-games.hu\/index.php\/wp-json\/wp\/v2\/product_tag?post=59499"}],"curies":[{"name":"wp","href":"https:\/\/api.w.org\/{rel}","templated":true}]}}