{"id":59508,"date":"2025-11-03T13:16:27","date_gmt":"2025-11-03T13:16:27","guid":{"rendered":"https:\/\/www.retro-games.hu\/index.php\/termek\/ps2-dvd-taviranyito-uj-2\/"},"modified":"2025-11-03T13:16:31","modified_gmt":"2025-11-03T13:16:31","slug":"ps2-dvd-taviranyito-uj-2","status":"publish","type":"product","link":"https:\/\/www.retro-games.hu\/index.php\/termek\/ps2-dvd-taviranyito-uj-2\/","title":{"rendered":"PS2 DVD t\u00e1vir\u00e1ny\u00edt\u00f3 \u00faj"},"content":{"rendered":"<p>PS2 DVD t\u00e1vir\u00e1ny\u00edt\u00f3 fogad\u00f3egys\u00e9ggel. Ut\u00e1ngy\u00e1rtott, nem eredeti Sony. \u00daj, m\u00e9g nem volt haszn\u00e1lva, bontatlan eredeti csomagol\u00e1sban.<\/p>\n","protected":false},"excerpt":{"rendered":"<p>PS2 DVD t\u00e1vir\u00e1ny\u00edt\u00f3 fogad\u00f3egys\u00e9ggel. Ut\u00e1ngy\u00e1rtott, nem eredeti Sony. \u00daj, m\u00e9g nem volt haszn\u00e1lva, bontatlan eredeti csomagol\u00e1sban.<\/p>\n","protected":false},"featured_media":59507,"comment_status":"open","ping_status":"closed","template":"","meta":{"_et_pb_use_builder":"","_et_pb_old_content":"","_et_gb_content_width":""},"product_brand":[],"product_cat":[161,154],"product_tag":[],"class_list":{"0":"post-59508","1":"product","2":"type-product","3":"status-publish","4":"has-post-thumbnail","6":"product_cat-egyeb-kiegeszito","7":"product_cat-konzolok-kiegeszitok","8":"pa_allapot-uj","9":"pa_platform-playstation-2","11":"first","12":"instock","13":"shipping-taxable","14":"purchasable","15":"product-type-simple"},"_links":{"self":[{"href":"https:\/\/www.retro-games.hu\/index.php\/wp-json\/wp\/v2\/product\/59508","targetHints":{"allow":["GET"]}}],"collection":[{"href":"https:\/\/www.retro-games.hu\/index.php\/wp-json\/wp\/v2\/product"}],"about":[{"href":"https:\/\/www.retro-games.hu\/index.php\/wp-json\/wp\/v2\/types\/product"}],"replies":[{"embeddable":true,"href":"https:\/\/www.retro-games.hu\/index.php\/wp-json\/wp\/v2\/comments?post=59508"}],"wp:featuredmedia":[{"embeddable":true,"href":"https:\/\/www.retro-games.hu\/index.php\/wp-json\/wp\/v2\/media\/59507"}],"wp:attachment":[{"href":"https:\/\/www.retro-games.hu\/index.php\/wp-json\/wp\/v2\/media?parent=59508"}],"wp:term":[{"taxonomy":"product_brand","embeddable":true,"href":"https:\/\/www.retro-games.hu\/index.php\/wp-json\/wp\/v2\/product_brand?post=59508"},{"taxonomy":"product_cat","embeddable":true,"href":"https:\/\/www.retro-games.hu\/index.php\/wp-json\/wp\/v2\/product_cat?post=59508"},{"taxonomy":"product_tag","embeddable":true,"href":"https:\/\/www.retro-games.hu\/index.php\/wp-json\/wp\/v2\/product_tag?post=59508"}],"curies":[{"name":"wp","href":"https:\/\/api.w.org\/{rel}","templated":true}]}}