{"id":59511,"date":"2025-11-03T13:16:33","date_gmt":"2025-11-03T13:16:33","guid":{"rendered":"https:\/\/www.retro-games.hu\/index.php\/termek\/ps2-halozati-osszekoto-link-kabel-uj\/"},"modified":"2025-11-03T13:16:37","modified_gmt":"2025-11-03T13:16:37","slug":"ps2-halozati-osszekoto-link-kabel-uj","status":"publish","type":"product","link":"https:\/\/www.retro-games.hu\/index.php\/termek\/ps2-halozati-osszekoto-link-kabel-uj\/","title":{"rendered":"PS2 h\u00e1l\u00f3zati \u00f6sszek\u00f6t\u0151 link k\u00e1bel \u00faj"},"content":{"rendered":"<p>H\u00e1l\u00f3zati k\u00e1bel PS2 konzolhoz. Firewire link k\u00e1bel, mellyel \u00f6sszek\u00f6thet\u0151 2 konzol. Gy\u00e1rt\u00f3: Madrics. \u00daj, bontatlan.<\/p>\n","protected":false},"excerpt":{"rendered":"<p>H\u00e1l\u00f3zati k\u00e1bel PS2 konzolhoz. Firewire link k\u00e1bel, mellyel \u00f6sszek\u00f6thet\u0151 2 konzol. Gy\u00e1rt\u00f3: Madrics. \u00daj, bontatlan.<\/p>\n","protected":false},"featured_media":59510,"comment_status":"open","ping_status":"closed","template":"","meta":{"_et_pb_use_builder":"","_et_pb_old_content":"","_et_gb_content_width":""},"product_brand":[],"product_cat":[163,162,154],"product_tag":[],"class_list":{"0":"post-59511","1":"product","2":"type-product","3":"status-publish","4":"has-post-thumbnail","6":"product_cat-halozati-kabel","7":"product_cat-kabel","8":"product_cat-konzolok-kiegeszitok","9":"pa_allapot-uj","10":"pa_platform-playstation-2","12":"first","13":"instock","14":"shipping-taxable","15":"purchasable","16":"product-type-simple"},"_links":{"self":[{"href":"https:\/\/www.retro-games.hu\/index.php\/wp-json\/wp\/v2\/product\/59511","targetHints":{"allow":["GET"]}}],"collection":[{"href":"https:\/\/www.retro-games.hu\/index.php\/wp-json\/wp\/v2\/product"}],"about":[{"href":"https:\/\/www.retro-games.hu\/index.php\/wp-json\/wp\/v2\/types\/product"}],"replies":[{"embeddable":true,"href":"https:\/\/www.retro-games.hu\/index.php\/wp-json\/wp\/v2\/comments?post=59511"}],"wp:featuredmedia":[{"embeddable":true,"href":"https:\/\/www.retro-games.hu\/index.php\/wp-json\/wp\/v2\/media\/59510"}],"wp:attachment":[{"href":"https:\/\/www.retro-games.hu\/index.php\/wp-json\/wp\/v2\/media?parent=59511"}],"wp:term":[{"taxonomy":"product_brand","embeddable":true,"href":"https:\/\/www.retro-games.hu\/index.php\/wp-json\/wp\/v2\/product_brand?post=59511"},{"taxonomy":"product_cat","embeddable":true,"href":"https:\/\/www.retro-games.hu\/index.php\/wp-json\/wp\/v2\/product_cat?post=59511"},{"taxonomy":"product_tag","embeddable":true,"href":"https:\/\/www.retro-games.hu\/index.php\/wp-json\/wp\/v2\/product_tag?post=59511"}],"curies":[{"name":"wp","href":"https:\/\/api.w.org\/{rel}","templated":true}]}}