{"id":59519,"date":"2025-11-03T13:16:53","date_gmt":"2025-11-03T13:16:53","guid":{"rendered":"https:\/\/www.retro-games.hu\/index.php\/termek\/xbox-profi-tv-kabel-scart-s-video-spdif-uj\/"},"modified":"2025-11-03T13:16:57","modified_gmt":"2025-11-03T13:16:57","slug":"xbox-profi-tv-kabel-scart-s-video-spdif-uj","status":"publish","type":"product","link":"https:\/\/www.retro-games.hu\/index.php\/termek\/xbox-profi-tv-kabel-scart-s-video-spdif-uj\/","title":{"rendered":"XBOX profi TV k\u00e1bel (SCART, S-Video, SPDIF) \u00faj"},"content":{"rendered":"<p style=\"border-collapse: separate;border-spacing: 0px\"><span style=\"color: #5d5d5d;font-family: 'Source Sans Pro', HelveticaNeue-Light, 'Helvetica Neue Light', 'Helvetica Neue', Helvetica, Arial, 'Lucida Grande', sans-serif;font-size: medium\">XBOX RGB Cable Pro Advance. Csatlakoz\u00f3k: digit\u00e1lis SPDIF optikai audi\u00f3, sztere\u00f3 audi\u00f3, SCART, S-Video, kompozit. A csatlakoz\u00f3k aranyozott v\u00e9g\u0171ek. Amennyire tudjuk, csak XBOX Classic konzolhoz haszn\u00e1lhat\u00f3. \u00daj, m\u00e9g nem volt haszn\u00e1lva. Gy\u00e1rt\u00f3: Madrics. Eredeti, bontatlan csomagol\u00e1sban.<\/span><\/p>\n","protected":false},"excerpt":{"rendered":"<p>XBOX RGB Cable Pro Advance. Csatlakoz\u00f3k: digit\u00e1lis SPDIF optikai audi\u00f3, sztere\u00f3 audi\u00f3, SCART, S-Video, kompozit. A csatlakoz\u00f3k aranyozott v\u00e9g\u0171ek. Amennyire tudjuk, csak XBOX Classic konzolhoz haszn\u00e1lhat\u00f3. \u00daj, m\u00e9g nem volt haszn\u00e1lva. Gy\u00e1rt\u00f3: Madrics. Eredeti, bontatlan csomagol\u00e1sban.<\/p>\n","protected":false},"featured_media":59518,"comment_status":"open","ping_status":"closed","template":"","meta":{"_et_pb_use_builder":"","_et_pb_old_content":"","_et_gb_content_width":""},"product_brand":[],"product_cat":[162,154,165],"product_tag":[],"class_list":{"0":"post-59519","1":"product","2":"type-product","3":"status-publish","4":"has-post-thumbnail","6":"product_cat-kabel","7":"product_cat-konzolok-kiegeszitok","8":"product_cat-tv-kabel","9":"pa_allapot-uj","10":"pa_platform-xbox-classic","12":"first","13":"instock","14":"shipping-taxable","15":"purchasable","16":"product-type-simple"},"_links":{"self":[{"href":"https:\/\/www.retro-games.hu\/index.php\/wp-json\/wp\/v2\/product\/59519","targetHints":{"allow":["GET"]}}],"collection":[{"href":"https:\/\/www.retro-games.hu\/index.php\/wp-json\/wp\/v2\/product"}],"about":[{"href":"https:\/\/www.retro-games.hu\/index.php\/wp-json\/wp\/v2\/types\/product"}],"replies":[{"embeddable":true,"href":"https:\/\/www.retro-games.hu\/index.php\/wp-json\/wp\/v2\/comments?post=59519"}],"wp:featuredmedia":[{"embeddable":true,"href":"https:\/\/www.retro-games.hu\/index.php\/wp-json\/wp\/v2\/media\/59518"}],"wp:attachment":[{"href":"https:\/\/www.retro-games.hu\/index.php\/wp-json\/wp\/v2\/media?parent=59519"}],"wp:term":[{"taxonomy":"product_brand","embeddable":true,"href":"https:\/\/www.retro-games.hu\/index.php\/wp-json\/wp\/v2\/product_brand?post=59519"},{"taxonomy":"product_cat","embeddable":true,"href":"https:\/\/www.retro-games.hu\/index.php\/wp-json\/wp\/v2\/product_cat?post=59519"},{"taxonomy":"product_tag","embeddable":true,"href":"https:\/\/www.retro-games.hu\/index.php\/wp-json\/wp\/v2\/product_tag?post=59519"}],"curies":[{"name":"wp","href":"https:\/\/api.w.org\/{rel}","templated":true}]}}