{"id":59524,"date":"2025-11-03T13:17:03","date_gmt":"2025-11-03T13:17:03","guid":{"rendered":"https:\/\/www.retro-games.hu\/index.php\/termek\/grandslam-sega-mega-drive-kezikonyv\/"},"modified":"2025-11-03T13:17:03","modified_gmt":"2025-11-03T13:17:03","slug":"grandslam-sega-mega-drive-kezikonyv","status":"publish","type":"product","link":"https:\/\/www.retro-games.hu\/index.php\/termek\/grandslam-sega-mega-drive-kezikonyv\/","title":{"rendered":"Grandslam &#8211; Sega Mega Drive k\u00e9zik\u00f6nyv"},"content":{"rendered":"<p>eredeti k\u00e9zik\u00f6nyv (csak az, lemez \u00e9s j\u00e1t\u00e9k nincs hozz\u00e1!). Nyelv: angol, francia, n\u00e9met, spanyol, olasz, holland, sv\u00e9d, finn<\/p>\n","protected":false},"excerpt":{"rendered":"<p>eredeti k\u00e9zik\u00f6nyv (csak az, lemez \u00e9s j\u00e1t\u00e9k nincs hozz\u00e1!). Nyelv: angol, francia, n\u00e9met, spanyol, olasz, holland, sv\u00e9d, finn<\/p>\n","protected":false},"featured_media":59523,"comment_status":"open","ping_status":"closed","template":"","meta":{"_et_pb_use_builder":"","_et_pb_old_content":"","_et_gb_content_width":""},"product_brand":[],"product_cat":[196],"product_tag":[],"class_list":{"0":"post-59524","1":"product","2":"type-product","3":"status-publish","4":"has-post-thumbnail","6":"product_cat-kezikonyv","7":"pa_allapot-hasznalt","8":"pa_nyelv-angol","9":"pa_nyelv-finn","10":"pa_nyelv-francia","11":"pa_nyelv-holland","12":"pa_nyelv-nemet","13":"pa_nyelv-olasz","14":"pa_nyelv-spanyol","15":"pa_nyelv-sved","16":"pa_platform-sega-mega-drive","18":"first","19":"instock","20":"shipping-taxable","21":"purchasable","22":"product-type-simple"},"_links":{"self":[{"href":"https:\/\/www.retro-games.hu\/index.php\/wp-json\/wp\/v2\/product\/59524","targetHints":{"allow":["GET"]}}],"collection":[{"href":"https:\/\/www.retro-games.hu\/index.php\/wp-json\/wp\/v2\/product"}],"about":[{"href":"https:\/\/www.retro-games.hu\/index.php\/wp-json\/wp\/v2\/types\/product"}],"replies":[{"embeddable":true,"href":"https:\/\/www.retro-games.hu\/index.php\/wp-json\/wp\/v2\/comments?post=59524"}],"wp:featuredmedia":[{"embeddable":true,"href":"https:\/\/www.retro-games.hu\/index.php\/wp-json\/wp\/v2\/media\/59523"}],"wp:attachment":[{"href":"https:\/\/www.retro-games.hu\/index.php\/wp-json\/wp\/v2\/media?parent=59524"}],"wp:term":[{"taxonomy":"product_brand","embeddable":true,"href":"https:\/\/www.retro-games.hu\/index.php\/wp-json\/wp\/v2\/product_brand?post=59524"},{"taxonomy":"product_cat","embeddable":true,"href":"https:\/\/www.retro-games.hu\/index.php\/wp-json\/wp\/v2\/product_cat?post=59524"},{"taxonomy":"product_tag","embeddable":true,"href":"https:\/\/www.retro-games.hu\/index.php\/wp-json\/wp\/v2\/product_tag?post=59524"}],"curies":[{"name":"wp","href":"https:\/\/api.w.org\/{rel}","templated":true}]}}