{"id":59530,"date":"2025-11-03T13:17:14","date_gmt":"2025-11-03T13:17:14","guid":{"rendered":"https:\/\/www.retro-games.hu\/index.php\/termek\/nba-live-97-sega-mega-drive-kezikonyv\/"},"modified":"2025-11-03T13:17:14","modified_gmt":"2025-11-03T13:17:14","slug":"nba-live-97-sega-mega-drive-kezikonyv","status":"publish","type":"product","link":"https:\/\/www.retro-games.hu\/index.php\/termek\/nba-live-97-sega-mega-drive-kezikonyv\/","title":{"rendered":"NBA Live 97 &#8211; Sega Mega Drive k\u00e9zik\u00f6nyv"},"content":{"rendered":"<p>eredeti k\u00e9zik\u00f6nyv (csak az, lemez \u00e9s j\u00e1t\u00e9k nincs hozz\u00e1!). Nyelv: angol, francia, n\u00e9met, spanyol<\/p>\n","protected":false},"excerpt":{"rendered":"<p>eredeti k\u00e9zik\u00f6nyv (csak az, lemez \u00e9s j\u00e1t\u00e9k nincs hozz\u00e1!). Nyelv: angol, francia, n\u00e9met, spanyol<\/p>\n","protected":false},"featured_media":59529,"comment_status":"open","ping_status":"closed","template":"","meta":{"_et_pb_use_builder":"","_et_pb_old_content":"","_et_gb_content_width":""},"product_brand":[],"product_cat":[196],"product_tag":[],"class_list":{"0":"post-59530","1":"product","2":"type-product","3":"status-publish","4":"has-post-thumbnail","6":"product_cat-kezikonyv","7":"pa_allapot-hasznalt","8":"pa_nyelv-angol","9":"pa_nyelv-francia","10":"pa_nyelv-nemet","11":"pa_nyelv-spanyol","12":"pa_platform-sega-mega-drive","14":"first","15":"instock","16":"shipping-taxable","17":"purchasable","18":"product-type-simple"},"_links":{"self":[{"href":"https:\/\/www.retro-games.hu\/index.php\/wp-json\/wp\/v2\/product\/59530","targetHints":{"allow":["GET"]}}],"collection":[{"href":"https:\/\/www.retro-games.hu\/index.php\/wp-json\/wp\/v2\/product"}],"about":[{"href":"https:\/\/www.retro-games.hu\/index.php\/wp-json\/wp\/v2\/types\/product"}],"replies":[{"embeddable":true,"href":"https:\/\/www.retro-games.hu\/index.php\/wp-json\/wp\/v2\/comments?post=59530"}],"wp:featuredmedia":[{"embeddable":true,"href":"https:\/\/www.retro-games.hu\/index.php\/wp-json\/wp\/v2\/media\/59529"}],"wp:attachment":[{"href":"https:\/\/www.retro-games.hu\/index.php\/wp-json\/wp\/v2\/media?parent=59530"}],"wp:term":[{"taxonomy":"product_brand","embeddable":true,"href":"https:\/\/www.retro-games.hu\/index.php\/wp-json\/wp\/v2\/product_brand?post=59530"},{"taxonomy":"product_cat","embeddable":true,"href":"https:\/\/www.retro-games.hu\/index.php\/wp-json\/wp\/v2\/product_cat?post=59530"},{"taxonomy":"product_tag","embeddable":true,"href":"https:\/\/www.retro-games.hu\/index.php\/wp-json\/wp\/v2\/product_tag?post=59530"}],"curies":[{"name":"wp","href":"https:\/\/api.w.org\/{rel}","templated":true}]}}