{"id":59544,"date":"2025-11-03T13:17:41","date_gmt":"2025-11-03T13:17:41","guid":{"rendered":"https:\/\/www.retro-games.hu\/index.php\/termek\/international-victory-goal-sega-saturn-kezikonyv\/"},"modified":"2025-11-03T13:17:42","modified_gmt":"2025-11-03T13:17:42","slug":"international-victory-goal-sega-saturn-kezikonyv","status":"publish","type":"product","link":"https:\/\/www.retro-games.hu\/index.php\/termek\/international-victory-goal-sega-saturn-kezikonyv\/","title":{"rendered":"International Victory Goal &#8211; Sega Saturn k\u00e9zik\u00f6nyv"},"content":{"rendered":"<p>eredeti k\u00e9zik\u00f6nyv (csak az, lemez \u00e9s j\u00e1t\u00e9k nincs hozz\u00e1!). Nyelv: angol, francia, n\u00e9met, spanyol, olasz, holland<\/p>\n","protected":false},"excerpt":{"rendered":"<p>eredeti k\u00e9zik\u00f6nyv (csak az, lemez \u00e9s j\u00e1t\u00e9k nincs hozz\u00e1!). Nyelv: angol, francia, n\u00e9met, spanyol, olasz, holland<\/p>\n","protected":false},"featured_media":59543,"comment_status":"open","ping_status":"closed","template":"","meta":{"_et_pb_use_builder":"","_et_pb_old_content":"","_et_gb_content_width":""},"product_brand":[],"product_cat":[196],"product_tag":[],"class_list":{"0":"post-59544","1":"product","2":"type-product","3":"status-publish","4":"has-post-thumbnail","6":"product_cat-kezikonyv","7":"pa_allapot-hasznalt","8":"pa_nyelv-angol","9":"pa_nyelv-francia","10":"pa_nyelv-holland","11":"pa_nyelv-nemet","12":"pa_nyelv-olasz","13":"pa_nyelv-spanyol","14":"pa_platform-sega-saturn","16":"first","17":"instock","18":"shipping-taxable","19":"purchasable","20":"product-type-simple"},"_links":{"self":[{"href":"https:\/\/www.retro-games.hu\/index.php\/wp-json\/wp\/v2\/product\/59544","targetHints":{"allow":["GET"]}}],"collection":[{"href":"https:\/\/www.retro-games.hu\/index.php\/wp-json\/wp\/v2\/product"}],"about":[{"href":"https:\/\/www.retro-games.hu\/index.php\/wp-json\/wp\/v2\/types\/product"}],"replies":[{"embeddable":true,"href":"https:\/\/www.retro-games.hu\/index.php\/wp-json\/wp\/v2\/comments?post=59544"}],"wp:featuredmedia":[{"embeddable":true,"href":"https:\/\/www.retro-games.hu\/index.php\/wp-json\/wp\/v2\/media\/59543"}],"wp:attachment":[{"href":"https:\/\/www.retro-games.hu\/index.php\/wp-json\/wp\/v2\/media?parent=59544"}],"wp:term":[{"taxonomy":"product_brand","embeddable":true,"href":"https:\/\/www.retro-games.hu\/index.php\/wp-json\/wp\/v2\/product_brand?post=59544"},{"taxonomy":"product_cat","embeddable":true,"href":"https:\/\/www.retro-games.hu\/index.php\/wp-json\/wp\/v2\/product_cat?post=59544"},{"taxonomy":"product_tag","embeddable":true,"href":"https:\/\/www.retro-games.hu\/index.php\/wp-json\/wp\/v2\/product_tag?post=59544"}],"curies":[{"name":"wp","href":"https:\/\/api.w.org\/{rel}","templated":true}]}}