{"id":59552,"date":"2025-11-03T13:17:55","date_gmt":"2025-11-03T13:17:55","guid":{"rendered":"https:\/\/www.retro-games.hu\/index.php\/termek\/monsters-inc-scare-island-ps1-kezikonyv\/"},"modified":"2025-11-03T13:17:55","modified_gmt":"2025-11-03T13:17:55","slug":"monsters-inc-scare-island-ps1-kezikonyv","status":"publish","type":"product","link":"https:\/\/www.retro-games.hu\/index.php\/termek\/monsters-inc-scare-island-ps1-kezikonyv\/","title":{"rendered":"Monsters, Inc. Scare Island &#8211; PS1 k\u00e9zik\u00f6nyv"},"content":{"rendered":"<p>eredeti k\u00e9zik\u00f6nyv (csak az, lemez \u00e9s j\u00e1t\u00e9k nincs hozz\u00e1!). Nyelv: cseh, szlov\u00e1k, lengyel, magyar<\/p>\n","protected":false},"excerpt":{"rendered":"<p>eredeti k\u00e9zik\u00f6nyv (csak az, lemez \u00e9s j\u00e1t\u00e9k nincs hozz\u00e1!). Nyelv: cseh, szlov\u00e1k, lengyel, magyar<\/p>\n","protected":false},"featured_media":59551,"comment_status":"open","ping_status":"closed","template":"","meta":{"_et_pb_use_builder":"","_et_pb_old_content":"","_et_gb_content_width":""},"product_brand":[],"product_cat":[196],"product_tag":[],"class_list":{"0":"post-59552","1":"product","2":"type-product","3":"status-publish","4":"has-post-thumbnail","6":"product_cat-kezikonyv","7":"pa_allapot-hasznalt","8":"pa_nyelv-cseh","9":"pa_nyelv-lengyel","10":"pa_nyelv-szlovak","11":"pa_platform-sony-playstation-1","13":"first","14":"instock","15":"shipping-taxable","16":"purchasable","17":"product-type-simple"},"_links":{"self":[{"href":"https:\/\/www.retro-games.hu\/index.php\/wp-json\/wp\/v2\/product\/59552","targetHints":{"allow":["GET"]}}],"collection":[{"href":"https:\/\/www.retro-games.hu\/index.php\/wp-json\/wp\/v2\/product"}],"about":[{"href":"https:\/\/www.retro-games.hu\/index.php\/wp-json\/wp\/v2\/types\/product"}],"replies":[{"embeddable":true,"href":"https:\/\/www.retro-games.hu\/index.php\/wp-json\/wp\/v2\/comments?post=59552"}],"wp:featuredmedia":[{"embeddable":true,"href":"https:\/\/www.retro-games.hu\/index.php\/wp-json\/wp\/v2\/media\/59551"}],"wp:attachment":[{"href":"https:\/\/www.retro-games.hu\/index.php\/wp-json\/wp\/v2\/media?parent=59552"}],"wp:term":[{"taxonomy":"product_brand","embeddable":true,"href":"https:\/\/www.retro-games.hu\/index.php\/wp-json\/wp\/v2\/product_brand?post=59552"},{"taxonomy":"product_cat","embeddable":true,"href":"https:\/\/www.retro-games.hu\/index.php\/wp-json\/wp\/v2\/product_cat?post=59552"},{"taxonomy":"product_tag","embeddable":true,"href":"https:\/\/www.retro-games.hu\/index.php\/wp-json\/wp\/v2\/product_tag?post=59552"}],"curies":[{"name":"wp","href":"https:\/\/api.w.org\/{rel}","templated":true}]}}