{"id":59578,"date":"2025-11-03T13:18:57","date_gmt":"2025-11-03T13:18:57","guid":{"rendered":"https:\/\/www.retro-games.hu\/index.php\/termek\/age-of-wonders-iii-csak-doboz-es-kezikonyv\/"},"modified":"2025-11-03T13:19:05","modified_gmt":"2025-11-03T13:19:05","slug":"age-of-wonders-iii-csak-doboz-es-kezikonyv","status":"publish","type":"product","link":"https:\/\/www.retro-games.hu\/index.php\/termek\/age-of-wonders-iii-csak-doboz-es-kezikonyv\/","title":{"rendered":"Age of Wonders III (csak doboz \u00e9s k\u00e9zik\u00f6nyv)"},"content":{"rendered":"<p>csak a doboz\/tok\/k\u00e9zik\u00f6nyv stb, gy\u0171jt\u0151knek\/polcra\/digit\u00e1lis v\u00e1s\u00e1rl\u00e1s mell\u00e9. A j\u00e1t\u00e9k k\u00f3dja Steamen aktiv\u00e1lva lett, j\u00e1tszani nem lehet vele. Tartalom: dvd tokos, els\u0151 kiad\u00e1s, magyar feliratos bor\u00edt\u00f3, magyar nyelv\u0171 r\u00f6vid \u00fatmutat\u00f3, 1 dvd<\/p>\n","protected":false},"excerpt":{"rendered":"<p>csak a doboz\/tok\/k\u00e9zik\u00f6nyv stb, gy\u0171jt\u0151knek\/polcra\/digit\u00e1lis v\u00e1s\u00e1rl\u00e1s mell\u00e9. A j\u00e1t\u00e9k k\u00f3dja Steamen aktiv\u00e1lva lett, j\u00e1tszani nem lehet vele. Tartalom: dvd tokos, els\u0151 kiad\u00e1s, magyar feliratos bor\u00edt\u00f3, magyar nyelv\u0171 r\u00f6vid \u00fatmutat\u00f3, 1 dvd<\/p>\n","protected":false},"featured_media":59577,"comment_status":"open","ping_status":"closed","template":"","meta":{"_et_pb_use_builder":"","_et_pb_old_content":"","_et_gb_content_width":""},"product_brand":[],"product_cat":[337,155],"product_tag":[],"class_list":{"0":"post-59578","1":"product","2":"type-product","3":"status-publish","4":"has-post-thumbnail","6":"product_cat-doboz-tok-kezikonyv","7":"product_cat-jatekok","8":"pa_allapot-hasznalt","9":"pa_kivitel-dvd-tokos","11":"first","12":"instock","13":"shipping-taxable","14":"purchasable","15":"product-type-simple"},"_links":{"self":[{"href":"https:\/\/www.retro-games.hu\/index.php\/wp-json\/wp\/v2\/product\/59578","targetHints":{"allow":["GET"]}}],"collection":[{"href":"https:\/\/www.retro-games.hu\/index.php\/wp-json\/wp\/v2\/product"}],"about":[{"href":"https:\/\/www.retro-games.hu\/index.php\/wp-json\/wp\/v2\/types\/product"}],"replies":[{"embeddable":true,"href":"https:\/\/www.retro-games.hu\/index.php\/wp-json\/wp\/v2\/comments?post=59578"}],"wp:featuredmedia":[{"embeddable":true,"href":"https:\/\/www.retro-games.hu\/index.php\/wp-json\/wp\/v2\/media\/59577"}],"wp:attachment":[{"href":"https:\/\/www.retro-games.hu\/index.php\/wp-json\/wp\/v2\/media?parent=59578"}],"wp:term":[{"taxonomy":"product_brand","embeddable":true,"href":"https:\/\/www.retro-games.hu\/index.php\/wp-json\/wp\/v2\/product_brand?post=59578"},{"taxonomy":"product_cat","embeddable":true,"href":"https:\/\/www.retro-games.hu\/index.php\/wp-json\/wp\/v2\/product_cat?post=59578"},{"taxonomy":"product_tag","embeddable":true,"href":"https:\/\/www.retro-games.hu\/index.php\/wp-json\/wp\/v2\/product_tag?post=59578"}],"curies":[{"name":"wp","href":"https:\/\/api.w.org\/{rel}","templated":true}]}}