{"id":59818,"date":"2025-11-03T13:28:38","date_gmt":"2025-11-03T13:28:38","guid":{"rendered":"https:\/\/www.retro-games.hu\/index.php\/termek\/wrc-4-fia-world-rally-championship\/"},"modified":"2025-11-05T10:38:48","modified_gmt":"2025-11-05T10:38:48","slug":"wrc-4-fia-world-rally-championship","status":"publish","type":"product","link":"https:\/\/www.retro-games.hu\/index.php\/termek\/wrc-4-fia-world-rally-championship\/","title":{"rendered":"WRC 4: FIA World Rally Championship (csak doboz \u00e9s k\u00e9zik\u00f6nyv)"},"content":{"rendered":"<p>csak a doboz\/tok\/k\u00e9zik\u00f6nyv stb, gy\u0171jt\u0151knek\/polcra\/digit\u00e1lis v\u00e1s\u00e1rl\u00e1s mell\u00e9. A j\u00e1t\u00e9k k\u00f3dja aktiv\u00e1lva lett, j\u00e1tszani nem lehet vele. Tartalom: els\u0151 kiad\u00e1s, r\u00f6vid ismertet\u0151, angol nyelv\u0171 bor\u00edt\u00f3, 1 DVD<\/p>\n","protected":false},"excerpt":{"rendered":"<p>csak a doboz\/tok\/k\u00e9zik\u00f6nyv stb, gy\u0171jt\u0151knek\/polcra\/digit\u00e1lis v\u00e1s\u00e1rl\u00e1s mell\u00e9. A j\u00e1t\u00e9k k\u00f3dja aktiv\u00e1lva lett, j\u00e1tszani nem lehet vele. Tartalom: els\u0151 kiad\u00e1s, r\u00f6vid ismertet\u0151, angol nyelv\u0171 bor\u00edt\u00f3, 1 DVD<\/p>\n","protected":false},"featured_media":59817,"comment_status":"open","ping_status":"closed","template":"","meta":{"_et_pb_use_builder":"","_et_pb_old_content":"","_et_gb_content_width":""},"product_brand":[],"product_cat":[337,155],"product_tag":[],"class_list":{"0":"post-59818","1":"product","2":"type-product","3":"status-publish","4":"has-post-thumbnail","6":"product_cat-doboz-tok-kezikonyv","7":"product_cat-jatekok","8":"pa_allapot-hasznalt","9":"pa_kivitel-dvd-tokos","11":"first","12":"instock","13":"shipping-taxable","14":"purchasable","15":"product-type-simple"},"_links":{"self":[{"href":"https:\/\/www.retro-games.hu\/index.php\/wp-json\/wp\/v2\/product\/59818","targetHints":{"allow":["GET"]}}],"collection":[{"href":"https:\/\/www.retro-games.hu\/index.php\/wp-json\/wp\/v2\/product"}],"about":[{"href":"https:\/\/www.retro-games.hu\/index.php\/wp-json\/wp\/v2\/types\/product"}],"replies":[{"embeddable":true,"href":"https:\/\/www.retro-games.hu\/index.php\/wp-json\/wp\/v2\/comments?post=59818"}],"wp:featuredmedia":[{"embeddable":true,"href":"https:\/\/www.retro-games.hu\/index.php\/wp-json\/wp\/v2\/media\/59817"}],"wp:attachment":[{"href":"https:\/\/www.retro-games.hu\/index.php\/wp-json\/wp\/v2\/media?parent=59818"}],"wp:term":[{"taxonomy":"product_brand","embeddable":true,"href":"https:\/\/www.retro-games.hu\/index.php\/wp-json\/wp\/v2\/product_brand?post=59818"},{"taxonomy":"product_cat","embeddable":true,"href":"https:\/\/www.retro-games.hu\/index.php\/wp-json\/wp\/v2\/product_cat?post=59818"},{"taxonomy":"product_tag","embeddable":true,"href":"https:\/\/www.retro-games.hu\/index.php\/wp-json\/wp\/v2\/product_tag?post=59818"}],"curies":[{"name":"wp","href":"https:\/\/api.w.org\/{rel}","templated":true}]}}