{"id":59833,"date":"2025-11-03T13:29:15","date_gmt":"2025-11-03T13:29:15","guid":{"rendered":"https:\/\/www.retro-games.hu\/index.php\/termek\/magic-mayhem\/"},"modified":"2025-11-03T13:29:26","modified_gmt":"2025-11-03T13:29:26","slug":"magic-mayhem","status":"publish","type":"product","link":"https:\/\/www.retro-games.hu\/index.php\/termek\/magic-mayhem\/","title":{"rendered":"Magic &#038; Mayhem"},"content":{"rendered":"<p>Val\u00f3s idej\u0171 strat\u00e9giai j\u00e1t\u00e9k. Kiad\u00e1s \u00e9ve: 1998. Platform: Windows 95\/98. Kivitel: pap\u00edrdobozos, els\u0151 kiad\u00e1s, magyar feliratos doboz, magyar nyelv\u0171 pap\u00edrk\u00e9zik\u00f6nyv,cd tokban az eredeti CD, angol nyelv\u0171 j\u00e1t\u00e9k. CD \u00e1llapota: karcmentes, \u00fajnak t\u0171nik<\/p>\n","protected":false},"excerpt":{"rendered":"<p>Val\u00f3s idej\u0171 strat\u00e9giai j\u00e1t\u00e9k. Kiad\u00e1s \u00e9ve: 1998. Platform: Windows 95\/98. Kivitel: pap\u00edrdobozos, els\u0151 kiad\u00e1s, magyar feliratos doboz, magyar nyelv\u0171 pap\u00edrk\u00e9zik\u00f6nyv,cd tokban az eredeti CD, angol nyelv\u0171 j\u00e1t\u00e9k. CD \u00e1llapota: karcmentes, \u00fajnak t\u0171nik<\/p>\n","protected":false},"featured_media":59832,"comment_status":"open","ping_status":"closed","template":"","meta":{"_et_pb_use_builder":"","_et_pb_old_content":"","_et_gb_content_width":""},"product_brand":[],"product_cat":[155,43,142],"product_tag":[],"class_list":{"0":"post-59833","1":"product","2":"type-product","3":"status-publish","4":"has-post-thumbnail","6":"product_cat-jatekok","7":"product_cat-strategiai-jatek","8":"product_cat-valos-ideju-szerepjatek-elemekkel","9":"pa_allapot-hasznalt","10":"pa_kivitel-papirdobozos","11":"pa_nyelv-angol","12":"pa_platform-pc-windows-95","13":"pa_platform-pc-windows-98","15":"first","16":"instock","17":"shipping-taxable","18":"purchasable","19":"product-type-simple"},"_links":{"self":[{"href":"https:\/\/www.retro-games.hu\/index.php\/wp-json\/wp\/v2\/product\/59833","targetHints":{"allow":["GET"]}}],"collection":[{"href":"https:\/\/www.retro-games.hu\/index.php\/wp-json\/wp\/v2\/product"}],"about":[{"href":"https:\/\/www.retro-games.hu\/index.php\/wp-json\/wp\/v2\/types\/product"}],"replies":[{"embeddable":true,"href":"https:\/\/www.retro-games.hu\/index.php\/wp-json\/wp\/v2\/comments?post=59833"}],"wp:featuredmedia":[{"embeddable":true,"href":"https:\/\/www.retro-games.hu\/index.php\/wp-json\/wp\/v2\/media\/59832"}],"wp:attachment":[{"href":"https:\/\/www.retro-games.hu\/index.php\/wp-json\/wp\/v2\/media?parent=59833"}],"wp:term":[{"taxonomy":"product_brand","embeddable":true,"href":"https:\/\/www.retro-games.hu\/index.php\/wp-json\/wp\/v2\/product_brand?post=59833"},{"taxonomy":"product_cat","embeddable":true,"href":"https:\/\/www.retro-games.hu\/index.php\/wp-json\/wp\/v2\/product_cat?post=59833"},{"taxonomy":"product_tag","embeddable":true,"href":"https:\/\/www.retro-games.hu\/index.php\/wp-json\/wp\/v2\/product_tag?post=59833"}],"curies":[{"name":"wp","href":"https:\/\/api.w.org\/{rel}","templated":true}]}}