{"id":59859,"date":"2025-11-03T13:30:22","date_gmt":"2025-11-03T13:30:22","guid":{"rendered":"https:\/\/www.retro-games.hu\/index.php\/termek\/4th-inches\/"},"modified":"2025-11-03T13:30:28","modified_gmt":"2025-11-03T13:30:28","slug":"4th-inches","status":"publish","type":"product","link":"https:\/\/www.retro-games.hu\/index.php\/termek\/4th-inches\/","title":{"rendered":"4th &#038; Inches"},"content":{"rendered":"<p>Amerikai futball j\u00e1t\u00e9k. Kiad\u00e1s \u00e9ve: 1987. Platform: DOS. Kivitel: pap\u00edrdobozos, els\u0151 kiad\u00e1s, angol feliratos pap\u00edrdobozos, angol nyelv\u0171 pap\u00edrk\u00e9zik\u00f6nyv, 1 db 3,5-es floppy, angol nyelv\u0171 j\u00e1t\u00e9k. A lemez tesztelt \u00e9s m\u0171k\u00f6dik.<\/p>\n","protected":false},"excerpt":{"rendered":"<p>Amerikai futball j\u00e1t\u00e9k. Kiad\u00e1s \u00e9ve: 1987. Platform: DOS. Kivitel: pap\u00edrdobozos, els\u0151 kiad\u00e1s, angol feliratos pap\u00edrdobozos, angol nyelv\u0171 pap\u00edrk\u00e9zik\u00f6nyv, 1 db 3,5-es floppy, angol nyelv\u0171 j\u00e1t\u00e9k. A lemez tesztelt \u00e9s m\u0171k\u00f6dik.<\/p>\n","protected":false},"featured_media":59858,"comment_status":"open","ping_status":"closed","template":"","meta":{"_et_pb_use_builder":"","_et_pb_old_content":"","_et_gb_content_width":""},"product_brand":[],"product_cat":[76,155,40],"product_tag":[],"class_list":{"0":"post-59859","1":"product","2":"type-product","3":"status-publish","4":"has-post-thumbnail","6":"product_cat-amerikai-futball","7":"product_cat-jatekok","8":"product_cat-sportjatek","9":"pa_allapot-hasznalt","10":"pa_kivitel-papirdobozos","11":"pa_nyelv-angol","12":"pa_platform-pc_dos","14":"first","15":"instock","16":"shipping-taxable","17":"purchasable","18":"product-type-simple"},"_links":{"self":[{"href":"https:\/\/www.retro-games.hu\/index.php\/wp-json\/wp\/v2\/product\/59859","targetHints":{"allow":["GET"]}}],"collection":[{"href":"https:\/\/www.retro-games.hu\/index.php\/wp-json\/wp\/v2\/product"}],"about":[{"href":"https:\/\/www.retro-games.hu\/index.php\/wp-json\/wp\/v2\/types\/product"}],"replies":[{"embeddable":true,"href":"https:\/\/www.retro-games.hu\/index.php\/wp-json\/wp\/v2\/comments?post=59859"}],"wp:featuredmedia":[{"embeddable":true,"href":"https:\/\/www.retro-games.hu\/index.php\/wp-json\/wp\/v2\/media\/59858"}],"wp:attachment":[{"href":"https:\/\/www.retro-games.hu\/index.php\/wp-json\/wp\/v2\/media?parent=59859"}],"wp:term":[{"taxonomy":"product_brand","embeddable":true,"href":"https:\/\/www.retro-games.hu\/index.php\/wp-json\/wp\/v2\/product_brand?post=59859"},{"taxonomy":"product_cat","embeddable":true,"href":"https:\/\/www.retro-games.hu\/index.php\/wp-json\/wp\/v2\/product_cat?post=59859"},{"taxonomy":"product_tag","embeddable":true,"href":"https:\/\/www.retro-games.hu\/index.php\/wp-json\/wp\/v2\/product_tag?post=59859"}],"curies":[{"name":"wp","href":"https:\/\/api.w.org\/{rel}","templated":true}]}}