{"id":59863,"date":"2025-11-03T13:30:32","date_gmt":"2025-11-03T13:30:32","guid":{"rendered":"https:\/\/www.retro-games.hu\/index.php\/termek\/the-11th-hour\/"},"modified":"2025-11-03T13:30:46","modified_gmt":"2025-11-03T13:30:46","slug":"the-11th-hour","status":"publish","type":"product","link":"https:\/\/www.retro-games.hu\/index.php\/termek\/the-11th-hour\/","title":{"rendered":"The 11th Hour"},"content":{"rendered":"<p>Rejtv\u00e9nymegold\u00f3 nyomoz\u00f3s kalandj\u00e1t\u00e9k. Kiad\u00e1s \u00e9ve: 1995. Platform: DOS. Kivitel: pap\u00edrdobozos (megs\u00e1rgult), While Label ut\u00e1nkiad\u00e1s, angol feliratos doboz, angol nyelv\u0171 pap\u00edrk\u00e9zik\u00f6nyv, telep\u00edt\u00e9si \u00fatmutat\u00f3, regisztr\u00e1ci\u00f3s k\u00e1rtya, cd tokban az eredeti 4 CD, angol nyelv\u0171 j\u00e1t\u00e9k. CD-k \u00e1llapota: karcmentes, \u00fajnak t\u0171nik<\/p>\n","protected":false},"excerpt":{"rendered":"<p>Rejtv\u00e9nymegold\u00f3 nyomoz\u00f3s kalandj\u00e1t\u00e9k. Kiad\u00e1s \u00e9ve: 1995. Platform: DOS. Kivitel: pap\u00edrdobozos (megs\u00e1rgult), While Label ut\u00e1nkiad\u00e1s, angol feliratos doboz, angol nyelv\u0171 pap\u00edrk\u00e9zik\u00f6nyv, telep\u00edt\u00e9si \u00fatmutat\u00f3, regisztr\u00e1ci\u00f3s k\u00e1rtya, cd tokban az eredeti 4 CD, angol nyelv\u0171 j\u00e1t\u00e9k. CD-k \u00e1llapota: karcmentes, \u00fajnak t\u0171nik<\/p>\n","protected":false},"featured_media":59862,"comment_status":"open","ping_status":"closed","template":"","meta":{"_et_pb_use_builder":"","_et_pb_old_content":"","_et_gb_content_width":""},"product_brand":[],"product_cat":[25,155,114],"product_tag":[],"class_list":{"0":"post-59863","1":"product","2":"type-product","3":"status-publish","4":"has-post-thumbnail","6":"product_cat-kaland","7":"product_cat-jatekok","8":"product_cat-rejtvenymegoldo","9":"pa_allapot-hasznalt","10":"pa_kivitel-papirdobozos","11":"pa_nyelv-angol","12":"pa_platform-pc_dos","14":"first","15":"instock","16":"shipping-taxable","17":"purchasable","18":"product-type-simple"},"_links":{"self":[{"href":"https:\/\/www.retro-games.hu\/index.php\/wp-json\/wp\/v2\/product\/59863","targetHints":{"allow":["GET"]}}],"collection":[{"href":"https:\/\/www.retro-games.hu\/index.php\/wp-json\/wp\/v2\/product"}],"about":[{"href":"https:\/\/www.retro-games.hu\/index.php\/wp-json\/wp\/v2\/types\/product"}],"replies":[{"embeddable":true,"href":"https:\/\/www.retro-games.hu\/index.php\/wp-json\/wp\/v2\/comments?post=59863"}],"wp:featuredmedia":[{"embeddable":true,"href":"https:\/\/www.retro-games.hu\/index.php\/wp-json\/wp\/v2\/media\/59862"}],"wp:attachment":[{"href":"https:\/\/www.retro-games.hu\/index.php\/wp-json\/wp\/v2\/media?parent=59863"}],"wp:term":[{"taxonomy":"product_brand","embeddable":true,"href":"https:\/\/www.retro-games.hu\/index.php\/wp-json\/wp\/v2\/product_brand?post=59863"},{"taxonomy":"product_cat","embeddable":true,"href":"https:\/\/www.retro-games.hu\/index.php\/wp-json\/wp\/v2\/product_cat?post=59863"},{"taxonomy":"product_tag","embeddable":true,"href":"https:\/\/www.retro-games.hu\/index.php\/wp-json\/wp\/v2\/product_tag?post=59863"}],"curies":[{"name":"wp","href":"https:\/\/api.w.org\/{rel}","templated":true}]}}