{"id":59938,"date":"2025-11-03T13:33:38","date_gmt":"2025-11-03T13:33:38","guid":{"rendered":"https:\/\/www.retro-games.hu\/index.php\/termek\/cyberstorm-2-corporate-wars\/"},"modified":"2025-11-03T13:33:52","modified_gmt":"2025-11-03T13:33:52","slug":"cyberstorm-2-corporate-wars","status":"publish","type":"product","link":"https:\/\/www.retro-games.hu\/index.php\/termek\/cyberstorm-2-corporate-wars\/","title":{"rendered":"Cyberstorm 2: Corporate Wars"},"content":{"rendered":"<p>K\u00f6r\u00f6kre osztott strat\u00e9giai-taktikai j\u00e1t\u00e9k. Kiad\u00e1s \u00e9ve: 1998. Platform: Windows 95. Kivitel: pap\u00edrdobozos, els\u0151 kiad\u00e1s, USA kiad\u00e1s, speci\u00e1lis kihajthat\u00f3 el\u0151lapos angol feliratos pap\u00edrdobozos, angol nyelv\u0171 pap\u00edrk\u00e9zik\u00f6nyv, billenty\u0171zet kioszt\u00e1s, cd tokban az eredeti cd, angol nyelv\u0171 j\u00e1t\u00e9k. CD \u00e1llapota: karcmentes, \u00fajnak t\u0171nik<\/p>\n","protected":false},"excerpt":{"rendered":"<p>K\u00f6r\u00f6kre osztott strat\u00e9giai-taktikai j\u00e1t\u00e9k. Kiad\u00e1s \u00e9ve: 1998. Platform: Windows 95. Kivitel: pap\u00edrdobozos, els\u0151 kiad\u00e1s, USA kiad\u00e1s, speci\u00e1lis kihajthat\u00f3 el\u0151lapos angol feliratos pap\u00edrdobozos, angol nyelv\u0171 pap\u00edrk\u00e9zik\u00f6nyv, billenty\u0171zet kioszt\u00e1s, cd tokban az eredeti cd, angol nyelv\u0171 j\u00e1t\u00e9k. CD \u00e1llapota: karcmentes, \u00fajnak t\u0171nik<\/p>\n","protected":false},"featured_media":59937,"comment_status":"open","ping_status":"closed","template":"","meta":{"_et_pb_use_builder":"","_et_pb_old_content":"","_et_gb_content_width":""},"product_brand":[],"product_cat":[138,155,43],"product_tag":[],"class_list":{"0":"post-59938","1":"product","2":"type-product","3":"status-publish","4":"has-post-thumbnail","6":"product_cat-korokre-osztott-taktikai","7":"product_cat-jatekok","8":"product_cat-strategiai-jatek","9":"pa_allapot-hasznalt","10":"pa_kivitel-papirdobozos","11":"pa_nyelv-angol","12":"pa_platform-pc-windows-95","14":"first","15":"instock","16":"shipping-taxable","17":"purchasable","18":"product-type-simple"},"_links":{"self":[{"href":"https:\/\/www.retro-games.hu\/index.php\/wp-json\/wp\/v2\/product\/59938","targetHints":{"allow":["GET"]}}],"collection":[{"href":"https:\/\/www.retro-games.hu\/index.php\/wp-json\/wp\/v2\/product"}],"about":[{"href":"https:\/\/www.retro-games.hu\/index.php\/wp-json\/wp\/v2\/types\/product"}],"replies":[{"embeddable":true,"href":"https:\/\/www.retro-games.hu\/index.php\/wp-json\/wp\/v2\/comments?post=59938"}],"wp:featuredmedia":[{"embeddable":true,"href":"https:\/\/www.retro-games.hu\/index.php\/wp-json\/wp\/v2\/media\/59937"}],"wp:attachment":[{"href":"https:\/\/www.retro-games.hu\/index.php\/wp-json\/wp\/v2\/media?parent=59938"}],"wp:term":[{"taxonomy":"product_brand","embeddable":true,"href":"https:\/\/www.retro-games.hu\/index.php\/wp-json\/wp\/v2\/product_brand?post=59938"},{"taxonomy":"product_cat","embeddable":true,"href":"https:\/\/www.retro-games.hu\/index.php\/wp-json\/wp\/v2\/product_cat?post=59938"},{"taxonomy":"product_tag","embeddable":true,"href":"https:\/\/www.retro-games.hu\/index.php\/wp-json\/wp\/v2\/product_tag?post=59938"}],"curies":[{"name":"wp","href":"https:\/\/api.w.org\/{rel}","templated":true}]}}