{"id":59984,"date":"2025-11-03T13:35:31","date_gmt":"2025-11-03T13:35:31","guid":{"rendered":"https:\/\/www.retro-games.hu\/index.php\/termek\/dragon-lore-ii-the-heart-of-the-dragon-man-gadget-past-as-future-double-pack\/"},"modified":"2025-11-03T13:35:46","modified_gmt":"2025-11-03T13:35:46","slug":"dragon-lore-ii-the-heart-of-the-dragon-man-gadget-past-as-future-double-pack","status":"publish","type":"product","link":"https:\/\/www.retro-games.hu\/index.php\/termek\/dragon-lore-ii-the-heart-of-the-dragon-man-gadget-past-as-future-double-pack\/","title":{"rendered":"Dragon Lore II: The Heart of the Dragon Man + Gadget: Past as Future Double Pack"},"content":{"rendered":"<p>Klasszikus kalandj\u00e1t\u00e9kok. Kiad\u00e1s \u00e9ve: 1999. Platform: DOS (Dragon Lore II) \u00e9s Windows 95 (Gadget). Kivitel: dupla pap\u00edrdobozos , gy\u0171jtem\u00e9nyes kiad\u00e1s, angol feliratos cs\u00fasztathat\u00f3 pap\u00edrtok, 2 db angol nyelv\u0171 pap\u00edrk\u00e9zik\u00f6nyv, cd tokban az eredeti 3 cd + 4 cd, angol nyelv\u0171 j\u00e1t\u00e9kok. CD-k \u00e1llapota: karcmentes, \u00fajnak t\u0171nnek<\/p>\n","protected":false},"excerpt":{"rendered":"<p>Klasszikus kalandj\u00e1t\u00e9kok. Kiad\u00e1s \u00e9ve: 1999. Platform: DOS (Dragon Lore II) \u00e9s Windows 95 (Gadget). Kivitel: dupla pap\u00edrdobozos , gy\u0171jtem\u00e9nyes kiad\u00e1s, angol feliratos cs\u00fasztathat\u00f3 pap\u00edrtok, 2 db angol nyelv\u0171 pap\u00edrk\u00e9zik\u00f6nyv, cd tokban az eredeti 3 cd + 4 cd, angol nyelv\u0171 j\u00e1t\u00e9kok. CD-k \u00e1llapota: karcmentes, \u00fajnak t\u0171nnek<\/p>\n","protected":false},"featured_media":59983,"comment_status":"open","ping_status":"closed","template":"","meta":{"_et_pb_use_builder":"","_et_pb_old_content":"","_et_gb_content_width":""},"product_brand":[],"product_cat":[25,120,155],"product_tag":[],"class_list":{"0":"post-59984","1":"product","2":"type-product","3":"status-publish","4":"has-post-thumbnail","6":"product_cat-kaland","7":"product_cat-klasszikus-point-n-click","8":"product_cat-jatekok","9":"pa_allapot-hasznalt","10":"pa_kivitel-papirdobozos","11":"pa_nyelv-angol","12":"pa_platform-pc_dos","13":"pa_platform-pc-windows-95","15":"first","16":"instock","17":"shipping-taxable","18":"purchasable","19":"product-type-simple"},"_links":{"self":[{"href":"https:\/\/www.retro-games.hu\/index.php\/wp-json\/wp\/v2\/product\/59984","targetHints":{"allow":["GET"]}}],"collection":[{"href":"https:\/\/www.retro-games.hu\/index.php\/wp-json\/wp\/v2\/product"}],"about":[{"href":"https:\/\/www.retro-games.hu\/index.php\/wp-json\/wp\/v2\/types\/product"}],"replies":[{"embeddable":true,"href":"https:\/\/www.retro-games.hu\/index.php\/wp-json\/wp\/v2\/comments?post=59984"}],"wp:featuredmedia":[{"embeddable":true,"href":"https:\/\/www.retro-games.hu\/index.php\/wp-json\/wp\/v2\/media\/59983"}],"wp:attachment":[{"href":"https:\/\/www.retro-games.hu\/index.php\/wp-json\/wp\/v2\/media?parent=59984"}],"wp:term":[{"taxonomy":"product_brand","embeddable":true,"href":"https:\/\/www.retro-games.hu\/index.php\/wp-json\/wp\/v2\/product_brand?post=59984"},{"taxonomy":"product_cat","embeddable":true,"href":"https:\/\/www.retro-games.hu\/index.php\/wp-json\/wp\/v2\/product_cat?post=59984"},{"taxonomy":"product_tag","embeddable":true,"href":"https:\/\/www.retro-games.hu\/index.php\/wp-json\/wp\/v2\/product_tag?post=59984"}],"curies":[{"name":"wp","href":"https:\/\/api.w.org\/{rel}","templated":true}]}}