{"id":59991,"date":"2025-11-03T13:35:48","date_gmt":"2025-11-03T13:35:48","guid":{"rendered":"https:\/\/www.retro-games.hu\/index.php\/termek\/dragon-lore-ii-the-heart-of-the-dragon-man\/"},"modified":"2025-11-03T13:35:59","modified_gmt":"2025-11-03T13:35:59","slug":"dragon-lore-ii-the-heart-of-the-dragon-man","status":"publish","type":"product","link":"https:\/\/www.retro-games.hu\/index.php\/termek\/dragon-lore-ii-the-heart-of-the-dragon-man\/","title":{"rendered":"Dragon Lore II: The Heart of the Dragon Man"},"content":{"rendered":"<p>Klasszikus kalandj\u00e1t\u00e9k. Kiad\u00e1s \u00e9ve: 1996. Platform: DOS. Kivitel: pap\u00edrdobozos, els\u0151 kiad\u00e1s, angol feliratos pap\u00edrdobozos, angol, francia, n\u00e9met nyelv\u0171 pap\u00edrk\u00e9zik\u00f6nyv, dupla cd-tokban az eredeti 3 cd, angol nyelv\u0171 j\u00e1t\u00e9k. CD-k \u00e1llapota: karcmentes, \u00fajnak t\u0171nik<\/p>\n","protected":false},"excerpt":{"rendered":"<p>Klasszikus kalandj\u00e1t\u00e9k. Kiad\u00e1s \u00e9ve: 1996. Platform: DOS. Kivitel: pap\u00edrdobozos, els\u0151 kiad\u00e1s, angol feliratos pap\u00edrdobozos, angol, francia, n\u00e9met nyelv\u0171 pap\u00edrk\u00e9zik\u00f6nyv, dupla cd-tokban az eredeti 3 cd, angol nyelv\u0171 j\u00e1t\u00e9k. CD-k \u00e1llapota: karcmentes, \u00fajnak t\u0171nik<\/p>\n","protected":false},"featured_media":59990,"comment_status":"open","ping_status":"closed","template":"","meta":{"_et_pb_use_builder":"","_et_pb_old_content":"","_et_gb_content_width":""},"product_brand":[],"product_cat":[25,155],"product_tag":[],"class_list":{"0":"post-59991","1":"product","2":"type-product","3":"status-publish","4":"has-post-thumbnail","6":"product_cat-kaland","7":"product_cat-jatekok","8":"pa_allapot-hasznalt","9":"pa_kivitel-papirdobozos","10":"pa_nyelv-angol","11":"pa_platform-pc_dos","13":"first","14":"instock","15":"shipping-taxable","16":"purchasable","17":"product-type-simple"},"_links":{"self":[{"href":"https:\/\/www.retro-games.hu\/index.php\/wp-json\/wp\/v2\/product\/59991","targetHints":{"allow":["GET"]}}],"collection":[{"href":"https:\/\/www.retro-games.hu\/index.php\/wp-json\/wp\/v2\/product"}],"about":[{"href":"https:\/\/www.retro-games.hu\/index.php\/wp-json\/wp\/v2\/types\/product"}],"replies":[{"embeddable":true,"href":"https:\/\/www.retro-games.hu\/index.php\/wp-json\/wp\/v2\/comments?post=59991"}],"wp:featuredmedia":[{"embeddable":true,"href":"https:\/\/www.retro-games.hu\/index.php\/wp-json\/wp\/v2\/media\/59990"}],"wp:attachment":[{"href":"https:\/\/www.retro-games.hu\/index.php\/wp-json\/wp\/v2\/media?parent=59991"}],"wp:term":[{"taxonomy":"product_brand","embeddable":true,"href":"https:\/\/www.retro-games.hu\/index.php\/wp-json\/wp\/v2\/product_brand?post=59991"},{"taxonomy":"product_cat","embeddable":true,"href":"https:\/\/www.retro-games.hu\/index.php\/wp-json\/wp\/v2\/product_cat?post=59991"},{"taxonomy":"product_tag","embeddable":true,"href":"https:\/\/www.retro-games.hu\/index.php\/wp-json\/wp\/v2\/product_tag?post=59991"}],"curies":[{"name":"wp","href":"https:\/\/api.w.org\/{rel}","templated":true}]}}