{"id":60004,"date":"2025-11-03T13:36:19","date_gmt":"2025-11-03T13:36:19","guid":{"rendered":"https:\/\/www.retro-games.hu\/index.php\/termek\/hoyle-kids-games\/"},"modified":"2025-11-03T13:36:27","modified_gmt":"2025-11-03T13:36:27","slug":"hoyle-kids-games","status":"publish","type":"product","link":"https:\/\/www.retro-games.hu\/index.php\/termek\/hoyle-kids-games\/","title":{"rendered":"Hoyle Kids Games"},"content":{"rendered":"<p>Kisgyerekeknek val\u00f3 j\u00e1t\u00e9kok kollekci\u00f3ja &#8211; 15 db teljes j\u00e1t\u00e9kot tartalmaz: Battling Ships, Checkers, Chinese Checkers, Crazy Eights, Go Fish, Hangman, Memory Match, Old Maid, Placer Racer, Snakes And Ladders, Speedy Racer, The Music Game, Tic Tac Toe, War. Kiad\u00e1s \u00e9ve: 2000. Platform: Windows 95\/98\/ME\/2000 \u00e9s Apple\/Power Macintosh. Kivitel: pap\u00edrdobozos, angol feliratos pap\u00edrdoboz, angol nyelv\u0171 pap\u00edrk\u00e9zik\u00f6nyv a cd tokban, cd tokban az eredeti cd, angol nyelv\u0171 j\u00e1t\u00e9kok. CD \u00e1llapota: karcmentes, \u00fajnak t\u0171nik<\/p>\n","protected":false},"excerpt":{"rendered":"<p>Kisgyerekeknek val\u00f3 j\u00e1t\u00e9kok kollekci\u00f3ja &#8211; 15 db teljes j\u00e1t\u00e9kot tartalmaz: Battling Ships, Checkers, Chinese Checkers, Crazy Eights, Go Fish, Hangman, Memory Match, Old Maid, Placer Racer, Snakes And Ladders, Speedy Racer, The Music Game, Tic Tac Toe, War. Kiad\u00e1s \u00e9ve: 2000. Platform: Windows 95\/98\/ME\/2000 \u00e9s Apple\/Power Macintosh. Kivitel: pap\u00edrdobozos, angol feliratos pap\u00edrdoboz, angol nyelv\u0171 pap\u00edrk\u00e9zik\u00f6nyv [&hellip;]<\/p>\n","protected":false},"featured_media":60003,"comment_status":"open","ping_status":"closed","template":"","meta":{"_et_pb_use_builder":"","_et_pb_old_content":"","_et_gb_content_width":""},"product_brand":[],"product_cat":[45,36,155],"product_tag":[],"class_list":{"0":"post-60004","1":"product","2":"type-product","3":"status-publish","4":"has-post-thumbnail","6":"product_cat-egyeb","7":"product_cat-osszeallitasok","8":"product_cat-jatekok","9":"pa_allapot-hasznalt","10":"pa_kivitel-papirdobozos","11":"pa_nyelv-angol","12":"pa_platform-applepower-macintosh","13":"pa_platform-pc-windows-2000","14":"pa_platform-pc-windows-95","15":"pa_platform-pc-windows-98","16":"pa_platform-pc-windows-me","18":"first","19":"instock","20":"shipping-taxable","21":"purchasable","22":"product-type-simple"},"_links":{"self":[{"href":"https:\/\/www.retro-games.hu\/index.php\/wp-json\/wp\/v2\/product\/60004","targetHints":{"allow":["GET"]}}],"collection":[{"href":"https:\/\/www.retro-games.hu\/index.php\/wp-json\/wp\/v2\/product"}],"about":[{"href":"https:\/\/www.retro-games.hu\/index.php\/wp-json\/wp\/v2\/types\/product"}],"replies":[{"embeddable":true,"href":"https:\/\/www.retro-games.hu\/index.php\/wp-json\/wp\/v2\/comments?post=60004"}],"wp:featuredmedia":[{"embeddable":true,"href":"https:\/\/www.retro-games.hu\/index.php\/wp-json\/wp\/v2\/media\/60003"}],"wp:attachment":[{"href":"https:\/\/www.retro-games.hu\/index.php\/wp-json\/wp\/v2\/media?parent=60004"}],"wp:term":[{"taxonomy":"product_brand","embeddable":true,"href":"https:\/\/www.retro-games.hu\/index.php\/wp-json\/wp\/v2\/product_brand?post=60004"},{"taxonomy":"product_cat","embeddable":true,"href":"https:\/\/www.retro-games.hu\/index.php\/wp-json\/wp\/v2\/product_cat?post=60004"},{"taxonomy":"product_tag","embeddable":true,"href":"https:\/\/www.retro-games.hu\/index.php\/wp-json\/wp\/v2\/product_tag?post=60004"}],"curies":[{"name":"wp","href":"https:\/\/api.w.org\/{rel}","templated":true}]}}