{"id":60009,"date":"2025-11-03T13:36:31","date_gmt":"2025-11-03T13:36:31","guid":{"rendered":"https:\/\/www.retro-games.hu\/index.php\/termek\/f-16-combat-pilot\/"},"modified":"2025-11-03T13:36:42","modified_gmt":"2025-11-03T13:36:42","slug":"f-16-combat-pilot","status":"publish","type":"product","link":"https:\/\/www.retro-games.hu\/index.php\/termek\/f-16-combat-pilot\/","title":{"rendered":"F-16 Combat Pilot"},"content":{"rendered":"<p>Harci rep\u00fcl\u0151g\u00e9p-szimul\u00e1tor. Kiad\u00e1s \u00e9ve: 1989. Platform: PC &#8211; DOS. Kivitel: pap\u00edrdobozos, els\u0151 kiad\u00e1s, angol feliratos pap\u00edrdobozos, angol nyelv\u0171 pap\u00edrk\u00e9zik\u00f6nyv, 2db 3,5 floppy, angol nyelv\u0171 j\u00e1t\u00e9k<\/p>\n","protected":false},"excerpt":{"rendered":"<p>Harci rep\u00fcl\u0151g\u00e9p-szimul\u00e1tor. Kiad\u00e1s \u00e9ve: 1989. Platform: PC &#8211; DOS. Kivitel: pap\u00edrdobozos, els\u0151 kiad\u00e1s, angol feliratos pap\u00edrdobozos, angol nyelv\u0171 pap\u00edrk\u00e9zik\u00f6nyv, 2db 3,5 floppy, angol nyelv\u0171 j\u00e1t\u00e9k<\/p>\n","protected":false},"featured_media":60008,"comment_status":"open","ping_status":"closed","template":"","meta":{"_et_pb_use_builder":"","_et_pb_old_content":"","_et_gb_content_width":""},"product_brand":[],"product_cat":[11,155,9,8],"product_tag":[],"class_list":{"0":"post-60009","1":"product","2":"type-product","3":"status-publish","4":"has-post-thumbnail","6":"product_cat-harci","7":"product_cat-jatekok","8":"product_cat-repulogep-szimulator-szimulator","9":"product_cat-szimulator","10":"pa_allapot-hasznalt","11":"pa_kivitel-papirdobozos","12":"pa_nyelv-angol","13":"pa_platform-pc_dos","15":"first","16":"instock","17":"shipping-taxable","18":"purchasable","19":"product-type-simple"},"_links":{"self":[{"href":"https:\/\/www.retro-games.hu\/index.php\/wp-json\/wp\/v2\/product\/60009","targetHints":{"allow":["GET"]}}],"collection":[{"href":"https:\/\/www.retro-games.hu\/index.php\/wp-json\/wp\/v2\/product"}],"about":[{"href":"https:\/\/www.retro-games.hu\/index.php\/wp-json\/wp\/v2\/types\/product"}],"replies":[{"embeddable":true,"href":"https:\/\/www.retro-games.hu\/index.php\/wp-json\/wp\/v2\/comments?post=60009"}],"wp:featuredmedia":[{"embeddable":true,"href":"https:\/\/www.retro-games.hu\/index.php\/wp-json\/wp\/v2\/media\/60008"}],"wp:attachment":[{"href":"https:\/\/www.retro-games.hu\/index.php\/wp-json\/wp\/v2\/media?parent=60009"}],"wp:term":[{"taxonomy":"product_brand","embeddable":true,"href":"https:\/\/www.retro-games.hu\/index.php\/wp-json\/wp\/v2\/product_brand?post=60009"},{"taxonomy":"product_cat","embeddable":true,"href":"https:\/\/www.retro-games.hu\/index.php\/wp-json\/wp\/v2\/product_cat?post=60009"},{"taxonomy":"product_tag","embeddable":true,"href":"https:\/\/www.retro-games.hu\/index.php\/wp-json\/wp\/v2\/product_tag?post=60009"}],"curies":[{"name":"wp","href":"https:\/\/api.w.org\/{rel}","templated":true}]}}