{"id":60073,"date":"2025-11-03T13:39:09","date_gmt":"2025-11-03T13:39:09","guid":{"rendered":"https:\/\/www.retro-games.hu\/index.php\/termek\/fly\/"},"modified":"2025-11-03T13:39:33","modified_gmt":"2025-11-03T13:39:33","slug":"fly","status":"publish","type":"product","link":"https:\/\/www.retro-games.hu\/index.php\/termek\/fly\/","title":{"rendered":"Fly!"},"content":{"rendered":"<p>Rep\u00fcl\u0151g\u00e9p-szimul\u00e1tor. Kiad\u00e1s \u00e9ve: 1999. Platform: Windows 95\/98\/NT. Kivitel: dombornyomott kihajthat\u00f3 el\u0151lap\u00fa pap\u00edrdobozos, els\u0151 USA kiad\u00e1s, angol feliratos bor\u00edt\u00f3, angol nyelv\u0171 pap\u00edrk\u00e9zik\u00f6nyv, Quick Reference Card, Addendum, Y2K0 Diagnostic floppy, eredeti 3 cd eredeti CD tokban, angol nyelv\u0171 j\u00e1t\u00e9k. CD-k \u00e1llapota: karcmentes, \u00fajnak t\u0171nik<\/p>\n","protected":false},"excerpt":{"rendered":"<p>Rep\u00fcl\u0151g\u00e9p-szimul\u00e1tor. Kiad\u00e1s \u00e9ve: 1999. Platform: Windows 95\/98\/NT. Kivitel: dombornyomott kihajthat\u00f3 el\u0151lap\u00fa pap\u00edrdobozos, els\u0151 USA kiad\u00e1s, angol feliratos bor\u00edt\u00f3, angol nyelv\u0171 pap\u00edrk\u00e9zik\u00f6nyv, Quick Reference Card, Addendum, Y2K0 Diagnostic floppy, eredeti 3 cd eredeti CD tokban, angol nyelv\u0171 j\u00e1t\u00e9k. CD-k \u00e1llapota: karcmentes, \u00fajnak t\u0171nik<\/p>\n","protected":false},"featured_media":60072,"comment_status":"open","ping_status":"closed","template":"","meta":{"_et_pb_use_builder":"","_et_pb_old_content":"","_et_gb_content_width":""},"product_brand":[],"product_cat":[155,10,9,8],"product_tag":[],"class_list":{"0":"post-60073","1":"product","2":"type-product","3":"status-publish","4":"has-post-thumbnail","6":"product_cat-jatekok","7":"product_cat-polgari","8":"product_cat-repulogep-szimulator-szimulator","9":"product_cat-szimulator","10":"pa_allapot-hasznalt","11":"pa_kivitel-papirdobozos","12":"pa_nyelv-angol","13":"pa_platform-pc-windows-95","14":"pa_platform-pc-windows-98","15":"pa_platform-pc-windows-nt","17":"first","18":"instock","19":"shipping-taxable","20":"purchasable","21":"product-type-simple"},"_links":{"self":[{"href":"https:\/\/www.retro-games.hu\/index.php\/wp-json\/wp\/v2\/product\/60073","targetHints":{"allow":["GET"]}}],"collection":[{"href":"https:\/\/www.retro-games.hu\/index.php\/wp-json\/wp\/v2\/product"}],"about":[{"href":"https:\/\/www.retro-games.hu\/index.php\/wp-json\/wp\/v2\/types\/product"}],"replies":[{"embeddable":true,"href":"https:\/\/www.retro-games.hu\/index.php\/wp-json\/wp\/v2\/comments?post=60073"}],"wp:featuredmedia":[{"embeddable":true,"href":"https:\/\/www.retro-games.hu\/index.php\/wp-json\/wp\/v2\/media\/60072"}],"wp:attachment":[{"href":"https:\/\/www.retro-games.hu\/index.php\/wp-json\/wp\/v2\/media?parent=60073"}],"wp:term":[{"taxonomy":"product_brand","embeddable":true,"href":"https:\/\/www.retro-games.hu\/index.php\/wp-json\/wp\/v2\/product_brand?post=60073"},{"taxonomy":"product_cat","embeddable":true,"href":"https:\/\/www.retro-games.hu\/index.php\/wp-json\/wp\/v2\/product_cat?post=60073"},{"taxonomy":"product_tag","embeddable":true,"href":"https:\/\/www.retro-games.hu\/index.php\/wp-json\/wp\/v2\/product_tag?post=60073"}],"curies":[{"name":"wp","href":"https:\/\/api.w.org\/{rel}","templated":true}]}}