{"id":60161,"date":"2025-11-03T13:42:46","date_gmt":"2025-11-03T13:42:46","guid":{"rendered":"https:\/\/www.retro-games.hu\/index.php\/termek\/great-britain-mid-ireland-for-microsoft-flight-simulator-4-scenery-designer-5\/"},"modified":"2025-11-03T13:43:00","modified_gmt":"2025-11-03T13:43:00","slug":"great-britain-mid-ireland-for-microsoft-flight-simulator-4-scenery-designer-5","status":"publish","type":"product","link":"https:\/\/www.retro-games.hu\/index.php\/termek\/great-britain-mid-ireland-for-microsoft-flight-simulator-4-scenery-designer-5\/","title":{"rendered":"Great Britain mid \/ Ireland for Microsoft Flight Simulator 4 + Scenery Designer \/ 5"},"content":{"rendered":"<p>Rep\u00fcl\u0151g\u00e9p-szimul\u00e1tor kieg\u00e9sz\u00edt\u0151 lemez. Kiad\u00e1s \u00e9ve: 1994. Platform: PC &#8211; DOS. Kivitel: pap\u00edrdobozos, els\u0151 kiad\u00e1s, angol feliratos pap\u00edrdobozos, angol\/n\u00e9met nyelv\u0171 pap\u00edrk\u00e9zik\u00f6nyv, kihajthat\u00f3 pap\u00edrt\u00e9rk\u00e9p, 5 db 3,5 floppy, angol nyelv\u0171 j\u00e1t\u00e9k. Futtat\u00e1s\u00e1hoz sz\u00fcks\u00e9ges a Microsoft Flight Simulator 4 vagy 5 verzi\u00f3ja!<\/p>\n","protected":false},"excerpt":{"rendered":"<p>Rep\u00fcl\u0151g\u00e9p-szimul\u00e1tor kieg\u00e9sz\u00edt\u0151 lemez. Kiad\u00e1s \u00e9ve: 1994. Platform: PC &#8211; DOS. Kivitel: pap\u00edrdobozos, els\u0151 kiad\u00e1s, angol feliratos pap\u00edrdobozos, angol\/n\u00e9met nyelv\u0171 pap\u00edrk\u00e9zik\u00f6nyv, kihajthat\u00f3 pap\u00edrt\u00e9rk\u00e9p, 5 db 3,5 floppy, angol nyelv\u0171 j\u00e1t\u00e9k. Futtat\u00e1s\u00e1hoz sz\u00fcks\u00e9ges a Microsoft Flight Simulator 4 vagy 5 verzi\u00f3ja!<\/p>\n","protected":false},"featured_media":60160,"comment_status":"open","ping_status":"closed","template":"","meta":{"_et_pb_use_builder":"","_et_pb_old_content":"","_et_gb_content_width":""},"product_brand":[],"product_cat":[155,10,9,8],"product_tag":[],"class_list":{"0":"post-60161","1":"product","2":"type-product","3":"status-publish","4":"has-post-thumbnail","6":"product_cat-jatekok","7":"product_cat-polgari","8":"product_cat-repulogep-szimulator-szimulator","9":"product_cat-szimulator","10":"pa_allapot-hasznalt","11":"pa_kivitel-papirdobozos","12":"pa_nyelv-angol","13":"pa_platform-pc_dos","15":"first","16":"instock","17":"shipping-taxable","18":"purchasable","19":"product-type-simple"},"_links":{"self":[{"href":"https:\/\/www.retro-games.hu\/index.php\/wp-json\/wp\/v2\/product\/60161","targetHints":{"allow":["GET"]}}],"collection":[{"href":"https:\/\/www.retro-games.hu\/index.php\/wp-json\/wp\/v2\/product"}],"about":[{"href":"https:\/\/www.retro-games.hu\/index.php\/wp-json\/wp\/v2\/types\/product"}],"replies":[{"embeddable":true,"href":"https:\/\/www.retro-games.hu\/index.php\/wp-json\/wp\/v2\/comments?post=60161"}],"wp:featuredmedia":[{"embeddable":true,"href":"https:\/\/www.retro-games.hu\/index.php\/wp-json\/wp\/v2\/media\/60160"}],"wp:attachment":[{"href":"https:\/\/www.retro-games.hu\/index.php\/wp-json\/wp\/v2\/media?parent=60161"}],"wp:term":[{"taxonomy":"product_brand","embeddable":true,"href":"https:\/\/www.retro-games.hu\/index.php\/wp-json\/wp\/v2\/product_brand?post=60161"},{"taxonomy":"product_cat","embeddable":true,"href":"https:\/\/www.retro-games.hu\/index.php\/wp-json\/wp\/v2\/product_cat?post=60161"},{"taxonomy":"product_tag","embeddable":true,"href":"https:\/\/www.retro-games.hu\/index.php\/wp-json\/wp\/v2\/product_tag?post=60161"}],"curies":[{"name":"wp","href":"https:\/\/api.w.org\/{rel}","templated":true}]}}