{"id":60188,"date":"2025-11-03T13:43:53","date_gmt":"2025-11-03T13:43:53","guid":{"rendered":"https:\/\/www.retro-games.hu\/index.php\/termek\/mortal-coil-adrenalin-intelligence\/"},"modified":"2025-11-03T13:44:03","modified_gmt":"2025-11-03T13:44:03","slug":"mortal-coil-adrenalin-intelligence","status":"publish","type":"product","link":"https:\/\/www.retro-games.hu\/index.php\/termek\/mortal-coil-adrenalin-intelligence\/","title":{"rendered":"Mortal Coil: Adrenalin Intelligence"},"content":{"rendered":"<p>Bels\u0151 n\u00e9zetes l\u00f6v\u00f6ld\u00f6z\u0151s j\u00e1t\u00e9k (FPS). Kiad\u00e1s \u00e9ve: 1995. Platform: DOS. Kivitel: pap\u00edrdobozos, els\u0151 kiad\u00e1s, angol feliratos pap\u00edrdoboz, cd tokban az eredeti cd, angol nyelv\u0171 j\u00e1t\u00e9k. A pap\u00edrdoboza el\u00e9g viseltes. CD \u00e1llapota: enyh\u00e9n karcos (hajsz\u00e1lkarcok), tesztelt, m\u0171k\u00f6dik.<\/p>\n","protected":false},"excerpt":{"rendered":"<p>Bels\u0151 n\u00e9zetes l\u00f6v\u00f6ld\u00f6z\u0151s j\u00e1t\u00e9k (FPS). Kiad\u00e1s \u00e9ve: 1995. Platform: DOS. Kivitel: pap\u00edrdobozos, els\u0151 kiad\u00e1s, angol feliratos pap\u00edrdoboz, cd tokban az eredeti cd, angol nyelv\u0171 j\u00e1t\u00e9k. A pap\u00edrdoboza el\u00e9g viseltes. CD \u00e1llapota: enyh\u00e9n karcos (hajsz\u00e1lkarcok), tesztelt, m\u0171k\u00f6dik.<\/p>\n","protected":false},"featured_media":60187,"comment_status":"open","ping_status":"closed","template":"","meta":{"_et_pb_use_builder":"","_et_pb_old_content":"","_et_gb_content_width":""},"product_brand":[],"product_cat":[21,22,155],"product_tag":[],"class_list":{"0":"post-60188","1":"product","2":"type-product","3":"status-publish","4":"has-post-thumbnail","6":"product_cat-akcio","7":"product_cat-belso-nezetes-lovoldozos-fps","8":"product_cat-jatekok","9":"pa_allapot-hasznalt","10":"pa_kivitel-papirdobozos","11":"pa_nyelv-angol","12":"pa_platform-pc_dos","14":"first","15":"instock","16":"shipping-taxable","17":"purchasable","18":"product-type-simple"},"_links":{"self":[{"href":"https:\/\/www.retro-games.hu\/index.php\/wp-json\/wp\/v2\/product\/60188","targetHints":{"allow":["GET"]}}],"collection":[{"href":"https:\/\/www.retro-games.hu\/index.php\/wp-json\/wp\/v2\/product"}],"about":[{"href":"https:\/\/www.retro-games.hu\/index.php\/wp-json\/wp\/v2\/types\/product"}],"replies":[{"embeddable":true,"href":"https:\/\/www.retro-games.hu\/index.php\/wp-json\/wp\/v2\/comments?post=60188"}],"wp:featuredmedia":[{"embeddable":true,"href":"https:\/\/www.retro-games.hu\/index.php\/wp-json\/wp\/v2\/media\/60187"}],"wp:attachment":[{"href":"https:\/\/www.retro-games.hu\/index.php\/wp-json\/wp\/v2\/media?parent=60188"}],"wp:term":[{"taxonomy":"product_brand","embeddable":true,"href":"https:\/\/www.retro-games.hu\/index.php\/wp-json\/wp\/v2\/product_brand?post=60188"},{"taxonomy":"product_cat","embeddable":true,"href":"https:\/\/www.retro-games.hu\/index.php\/wp-json\/wp\/v2\/product_cat?post=60188"},{"taxonomy":"product_tag","embeddable":true,"href":"https:\/\/www.retro-games.hu\/index.php\/wp-json\/wp\/v2\/product_tag?post=60188"}],"curies":[{"name":"wp","href":"https:\/\/api.w.org\/{rel}","templated":true}]}}