{"id":60194,"date":"2025-11-03T13:44:09","date_gmt":"2025-11-03T13:44:09","guid":{"rendered":"https:\/\/www.retro-games.hu\/index.php\/termek\/nfl-pro-league-football\/"},"modified":"2025-11-03T13:44:25","modified_gmt":"2025-11-03T13:44:25","slug":"nfl-pro-league-football","status":"publish","type":"product","link":"https:\/\/www.retro-games.hu\/index.php\/termek\/nfl-pro-league-football\/","title":{"rendered":"NFL Pro League Football"},"content":{"rendered":"<p>Sportj\u00e1t\u00e9k &#8211; amerikai futball. Kiad\u00e1s \u00e9ve: 1992. Platform: PC &#8211; DOS. Kivitel: pap\u00edrdobozos, els\u0151 kiad\u00e1s, angol feliratos pap\u00edrdobozos, angol nyelv\u0171 pap\u00edrk\u00e9zik\u00f6nyv, seg\u00e9danyagok, play card, regisztr\u00e1ci\u00f3s k\u00e1rtya, 2 db 5,25 floppy, angol nyelv\u0171 j\u00e1t\u00e9k<\/p>\n","protected":false},"excerpt":{"rendered":"<p>Sportj\u00e1t\u00e9k &#8211; amerikai futball. Kiad\u00e1s \u00e9ve: 1992. Platform: PC &#8211; DOS. Kivitel: pap\u00edrdobozos, els\u0151 kiad\u00e1s, angol feliratos pap\u00edrdobozos, angol nyelv\u0171 pap\u00edrk\u00e9zik\u00f6nyv, seg\u00e9danyagok, play card, regisztr\u00e1ci\u00f3s k\u00e1rtya, 2 db 5,25 floppy, angol nyelv\u0171 j\u00e1t\u00e9k<\/p>\n","protected":false},"featured_media":60193,"comment_status":"open","ping_status":"closed","template":"","meta":{"_et_pb_use_builder":"","_et_pb_old_content":"","_et_gb_content_width":""},"product_brand":[],"product_cat":[76,155,40],"product_tag":[],"class_list":{"0":"post-60194","1":"product","2":"type-product","3":"status-publish","4":"has-post-thumbnail","6":"product_cat-amerikai-futball","7":"product_cat-jatekok","8":"product_cat-sportjatek","9":"pa_allapot-hasznalt","10":"pa_kivitel-papirdobozos","11":"pa_nyelv-angol","12":"pa_platform-pc_dos","14":"first","15":"instock","16":"shipping-taxable","17":"purchasable","18":"product-type-simple"},"_links":{"self":[{"href":"https:\/\/www.retro-games.hu\/index.php\/wp-json\/wp\/v2\/product\/60194","targetHints":{"allow":["GET"]}}],"collection":[{"href":"https:\/\/www.retro-games.hu\/index.php\/wp-json\/wp\/v2\/product"}],"about":[{"href":"https:\/\/www.retro-games.hu\/index.php\/wp-json\/wp\/v2\/types\/product"}],"replies":[{"embeddable":true,"href":"https:\/\/www.retro-games.hu\/index.php\/wp-json\/wp\/v2\/comments?post=60194"}],"wp:featuredmedia":[{"embeddable":true,"href":"https:\/\/www.retro-games.hu\/index.php\/wp-json\/wp\/v2\/media\/60193"}],"wp:attachment":[{"href":"https:\/\/www.retro-games.hu\/index.php\/wp-json\/wp\/v2\/media?parent=60194"}],"wp:term":[{"taxonomy":"product_brand","embeddable":true,"href":"https:\/\/www.retro-games.hu\/index.php\/wp-json\/wp\/v2\/product_brand?post=60194"},{"taxonomy":"product_cat","embeddable":true,"href":"https:\/\/www.retro-games.hu\/index.php\/wp-json\/wp\/v2\/product_cat?post=60194"},{"taxonomy":"product_tag","embeddable":true,"href":"https:\/\/www.retro-games.hu\/index.php\/wp-json\/wp\/v2\/product_tag?post=60194"}],"curies":[{"name":"wp","href":"https:\/\/api.w.org\/{rel}","templated":true}]}}