{"id":60423,"date":"2025-11-03T13:53:27","date_gmt":"2025-11-03T13:53:27","guid":{"rendered":"https:\/\/www.retro-games.hu\/index.php\/termek\/who-wants-to-be-a-millionaire-sports-edition\/"},"modified":"2025-11-03T13:53:41","modified_gmt":"2025-11-03T13:53:41","slug":"who-wants-to-be-a-millionaire-sports-edition","status":"publish","type":"product","link":"https:\/\/www.retro-games.hu\/index.php\/termek\/who-wants-to-be-a-millionaire-sports-edition\/","title":{"rendered":"Who Wants to Be a Millionaire: Sports Edition"},"content":{"rendered":"<p>K\u00edvzj\u00e1t\u00e9k. Kiad\u00e1s \u00e9ve: 2000. Platform: Windows 95\/98\/ME \u00e9s Apple Macintosh. Kivitel:pap\u00edrdobozos, els\u0151 kiad\u00e1s, USA kiad\u00e1s, angol feliratos pap\u00edrdobozos, angol nyelv\u0171 pap\u00edrk\u00e9zik\u00f6nyv, regisztr\u00e1ci\u00f3s k\u00e1rtya, cd tokban az eredeti cd, angol nyelv\u0171 j\u00e1t\u00e9k. CD \u00e1llapota: karcmentes, \u00fajnak t\u0171nik<\/p>\n","protected":false},"excerpt":{"rendered":"<p>K\u00edvzj\u00e1t\u00e9k. Kiad\u00e1s \u00e9ve: 2000. Platform: Windows 95\/98\/ME \u00e9s Apple Macintosh. Kivitel:pap\u00edrdobozos, els\u0151 kiad\u00e1s, USA kiad\u00e1s, angol feliratos pap\u00edrdobozos, angol nyelv\u0171 pap\u00edrk\u00e9zik\u00f6nyv, regisztr\u00e1ci\u00f3s k\u00e1rtya, cd tokban az eredeti cd, angol nyelv\u0171 j\u00e1t\u00e9k. CD \u00e1llapota: karcmentes, \u00fajnak t\u0171nik<\/p>\n","protected":false},"featured_media":60422,"comment_status":"open","ping_status":"closed","template":"","meta":{"_et_pb_use_builder":"","_et_pb_old_content":"","_et_gb_content_width":""},"product_brand":[],"product_cat":[45,491,155],"product_tag":[],"class_list":{"0":"post-60423","1":"product","2":"type-product","3":"status-publish","4":"has-post-thumbnail","6":"product_cat-egyeb","7":"product_cat-kviz","8":"product_cat-jatekok","9":"pa_allapot-hasznalt","10":"pa_kivitel-papirdobozos","11":"pa_nyelv-angol","12":"pa_platform-applepower-macintosh","13":"pa_platform-pc-windows-95","14":"pa_platform-pc-windows-98","15":"pa_platform-pc-windows-me","17":"first","18":"instock","19":"shipping-taxable","20":"purchasable","21":"product-type-simple"},"_links":{"self":[{"href":"https:\/\/www.retro-games.hu\/index.php\/wp-json\/wp\/v2\/product\/60423","targetHints":{"allow":["GET"]}}],"collection":[{"href":"https:\/\/www.retro-games.hu\/index.php\/wp-json\/wp\/v2\/product"}],"about":[{"href":"https:\/\/www.retro-games.hu\/index.php\/wp-json\/wp\/v2\/types\/product"}],"replies":[{"embeddable":true,"href":"https:\/\/www.retro-games.hu\/index.php\/wp-json\/wp\/v2\/comments?post=60423"}],"wp:featuredmedia":[{"embeddable":true,"href":"https:\/\/www.retro-games.hu\/index.php\/wp-json\/wp\/v2\/media\/60422"}],"wp:attachment":[{"href":"https:\/\/www.retro-games.hu\/index.php\/wp-json\/wp\/v2\/media?parent=60423"}],"wp:term":[{"taxonomy":"product_brand","embeddable":true,"href":"https:\/\/www.retro-games.hu\/index.php\/wp-json\/wp\/v2\/product_brand?post=60423"},{"taxonomy":"product_cat","embeddable":true,"href":"https:\/\/www.retro-games.hu\/index.php\/wp-json\/wp\/v2\/product_cat?post=60423"},{"taxonomy":"product_tag","embeddable":true,"href":"https:\/\/www.retro-games.hu\/index.php\/wp-json\/wp\/v2\/product_tag?post=60423"}],"curies":[{"name":"wp","href":"https:\/\/api.w.org\/{rel}","templated":true}]}}