{"id":60464,"date":"2025-11-03T13:54:52","date_gmt":"2025-11-03T13:54:52","guid":{"rendered":"https:\/\/www.retro-games.hu\/index.php\/termek\/aces-of-the-deep\/"},"modified":"2025-11-03T13:54:53","modified_gmt":"2025-11-03T13:54:53","slug":"aces-of-the-deep","status":"publish","type":"product","link":"https:\/\/www.retro-games.hu\/index.php\/termek\/aces-of-the-deep\/","title":{"rendered":"Aces of the Deep"},"content":{"rendered":"<p>Tengeralattj\u00e1r\u00f3 szimul\u00e1tor. Kiad\u00e1s \u00e9ve: 1995. Platform: MS-DOS. Kivitel: cd tokos, els\u0151 kiad\u00e1s, angol\/n\u00e9met\/francia feliratos bor\u00edt\u00f3k, eredeti cd, angol, n\u00e9met \u00e9s francia nyelv\u0171 j\u00e1t\u00e9k. CD \u00e1llapota: szinte karcmentes, tesztelt, m\u0171k\u00f6dik<\/p>\n","protected":false},"excerpt":{"rendered":"<p>Tengeralattj\u00e1r\u00f3 szimul\u00e1tor. Kiad\u00e1s \u00e9ve: 1995. Platform: MS-DOS. Kivitel: cd tokos, els\u0151 kiad\u00e1s, angol\/n\u00e9met\/francia feliratos bor\u00edt\u00f3k, eredeti cd, angol, n\u00e9met \u00e9s francia nyelv\u0171 j\u00e1t\u00e9k. CD \u00e1llapota: szinte karcmentes, tesztelt, m\u0171k\u00f6dik<\/p>\n","protected":false},"featured_media":60463,"comment_status":"open","ping_status":"closed","template":"","meta":{"_et_pb_use_builder":"","_et_pb_old_content":"","_et_gb_content_width":""},"product_brand":[],"product_cat":[119,155,8],"product_tag":[],"class_list":{"0":"post-60464","1":"product","2":"type-product","3":"status-publish","4":"has-post-thumbnail","6":"product_cat-hadihajo","7":"product_cat-jatekok","8":"product_cat-szimulator","9":"pa_allapot-hasznalt","10":"pa_kivitel-cd-tokos","11":"pa_nyelv-angol","12":"pa_nyelv-francia","13":"pa_nyelv-nemet","14":"pa_platform-pc_dos","16":"first","17":"instock","18":"shipping-taxable","19":"purchasable","20":"product-type-simple"},"_links":{"self":[{"href":"https:\/\/www.retro-games.hu\/index.php\/wp-json\/wp\/v2\/product\/60464","targetHints":{"allow":["GET"]}}],"collection":[{"href":"https:\/\/www.retro-games.hu\/index.php\/wp-json\/wp\/v2\/product"}],"about":[{"href":"https:\/\/www.retro-games.hu\/index.php\/wp-json\/wp\/v2\/types\/product"}],"replies":[{"embeddable":true,"href":"https:\/\/www.retro-games.hu\/index.php\/wp-json\/wp\/v2\/comments?post=60464"}],"wp:featuredmedia":[{"embeddable":true,"href":"https:\/\/www.retro-games.hu\/index.php\/wp-json\/wp\/v2\/media\/60463"}],"wp:attachment":[{"href":"https:\/\/www.retro-games.hu\/index.php\/wp-json\/wp\/v2\/media?parent=60464"}],"wp:term":[{"taxonomy":"product_brand","embeddable":true,"href":"https:\/\/www.retro-games.hu\/index.php\/wp-json\/wp\/v2\/product_brand?post=60464"},{"taxonomy":"product_cat","embeddable":true,"href":"https:\/\/www.retro-games.hu\/index.php\/wp-json\/wp\/v2\/product_cat?post=60464"},{"taxonomy":"product_tag","embeddable":true,"href":"https:\/\/www.retro-games.hu\/index.php\/wp-json\/wp\/v2\/product_tag?post=60464"}],"curies":[{"name":"wp","href":"https:\/\/api.w.org\/{rel}","templated":true}]}}