{"id":60476,"date":"2025-11-03T13:55:15","date_gmt":"2025-11-03T13:55:15","guid":{"rendered":"https:\/\/www.retro-games.hu\/index.php\/termek\/biing-sex-intrigen-und-skalpelle-nemet\/"},"modified":"2025-11-03T13:55:15","modified_gmt":"2025-11-03T13:55:15","slug":"biing-sex-intrigen-und-skalpelle-nemet","status":"publish","type":"product","link":"https:\/\/www.retro-games.hu\/index.php\/termek\/biing-sex-intrigen-und-skalpelle-nemet\/","title":{"rendered":"Biing!: Sex, Intrigen und Skalpelle (n\u00e9met)"},"content":{"rendered":"<p>Erotikus k\u00f3rh\u00e1zszimul\u00e1tor j\u00e1t\u00e9k. Kiad\u00e1s \u00e9ve: 1995. Platform: DOS. Kivitel: cd tokos, els\u0151 kiad\u00e1s, n\u00e9met feliratos bor\u00edt\u00f3k, eredeti cd, n\u00e9met nyelv\u0171 j\u00e1t\u00e9k. CD \u00e1llapota: szinte karcmentes, tesztelt, m\u0171k\u00f6dik<\/p>\n","protected":false},"excerpt":{"rendered":"<p>Erotikus k\u00f3rh\u00e1zszimul\u00e1tor j\u00e1t\u00e9k. Kiad\u00e1s \u00e9ve: 1995. Platform: DOS. Kivitel: cd tokos, els\u0151 kiad\u00e1s, n\u00e9met feliratos bor\u00edt\u00f3k, eredeti cd, n\u00e9met nyelv\u0171 j\u00e1t\u00e9k. CD \u00e1llapota: szinte karcmentes, tesztelt, m\u0171k\u00f6dik<\/p>\n","protected":false},"featured_media":60475,"comment_status":"open","ping_status":"closed","template":"","meta":{"_et_pb_use_builder":"","_et_pb_old_content":"","_et_gb_content_width":""},"product_brand":[],"product_cat":[155,8,81],"product_tag":[],"class_list":{"0":"post-60476","1":"product","2":"type-product","3":"status-publish","4":"has-post-thumbnail","6":"product_cat-jatekok","7":"product_cat-szimulator","8":"product_cat-uzlet-menedzsment","9":"pa_allapot-hasznalt","10":"pa_kivitel-cd-tokos","11":"pa_nyelv-nemet","12":"pa_platform-pc_dos","14":"first","15":"instock","16":"shipping-taxable","17":"purchasable","18":"product-type-simple"},"_links":{"self":[{"href":"https:\/\/www.retro-games.hu\/index.php\/wp-json\/wp\/v2\/product\/60476","targetHints":{"allow":["GET"]}}],"collection":[{"href":"https:\/\/www.retro-games.hu\/index.php\/wp-json\/wp\/v2\/product"}],"about":[{"href":"https:\/\/www.retro-games.hu\/index.php\/wp-json\/wp\/v2\/types\/product"}],"replies":[{"embeddable":true,"href":"https:\/\/www.retro-games.hu\/index.php\/wp-json\/wp\/v2\/comments?post=60476"}],"wp:featuredmedia":[{"embeddable":true,"href":"https:\/\/www.retro-games.hu\/index.php\/wp-json\/wp\/v2\/media\/60475"}],"wp:attachment":[{"href":"https:\/\/www.retro-games.hu\/index.php\/wp-json\/wp\/v2\/media?parent=60476"}],"wp:term":[{"taxonomy":"product_brand","embeddable":true,"href":"https:\/\/www.retro-games.hu\/index.php\/wp-json\/wp\/v2\/product_brand?post=60476"},{"taxonomy":"product_cat","embeddable":true,"href":"https:\/\/www.retro-games.hu\/index.php\/wp-json\/wp\/v2\/product_cat?post=60476"},{"taxonomy":"product_tag","embeddable":true,"href":"https:\/\/www.retro-games.hu\/index.php\/wp-json\/wp\/v2\/product_tag?post=60476"}],"curies":[{"name":"wp","href":"https:\/\/api.w.org\/{rel}","templated":true}]}}