{"id":60487,"date":"2025-11-03T13:55:36","date_gmt":"2025-11-03T13:55:36","guid":{"rendered":"https:\/\/www.retro-games.hu\/index.php\/termek\/creature-shock-2\/"},"modified":"2025-11-03T13:55:37","modified_gmt":"2025-11-03T13:55:37","slug":"creature-shock-2","status":"publish","type":"product","link":"https:\/\/www.retro-games.hu\/index.php\/termek\/creature-shock-2\/","title":{"rendered":"Creature Shock"},"content":{"rendered":"<p>Bels\u0151 n\u00e9zetes l\u00f6v\u00f6ld\u00f6z\u0151s j\u00e1t\u00e9k (FPS). Kiad\u00e1s \u00e9ve: 1994. Platform: DOS. Kivitel: cd tokos, White Label kiad\u00e1s, angol\/n\u00e9met\/francia\/spanyol\/olasz pap\u00edrk\u00e9zik\u00f6nyv a cd tokban, eredeti 2cd, angol, n\u00e9met, francia, spanyol, olasz \u00e9s portug\u00e1l nyelv\u0171 j\u00e1t\u00e9k. CD \u00e1llapota: szinte karcmentes, tesztelt, m\u0171k\u00f6dik<\/p>\n","protected":false},"excerpt":{"rendered":"<p>Bels\u0151 n\u00e9zetes l\u00f6v\u00f6ld\u00f6z\u0151s j\u00e1t\u00e9k (FPS). Kiad\u00e1s \u00e9ve: 1994. Platform: DOS. Kivitel: cd tokos, White Label kiad\u00e1s, angol\/n\u00e9met\/francia\/spanyol\/olasz pap\u00edrk\u00e9zik\u00f6nyv a cd tokban, eredeti 2cd, angol, n\u00e9met, francia, spanyol, olasz \u00e9s portug\u00e1l nyelv\u0171 j\u00e1t\u00e9k. CD \u00e1llapota: szinte karcmentes, tesztelt, m\u0171k\u00f6dik<\/p>\n","protected":false},"featured_media":60486,"comment_status":"open","ping_status":"closed","template":"","meta":{"_et_pb_use_builder":"","_et_pb_old_content":"","_et_gb_content_width":""},"product_brand":[],"product_cat":[21,22,155],"product_tag":[],"class_list":{"0":"post-60487","1":"product","2":"type-product","3":"status-publish","4":"has-post-thumbnail","6":"product_cat-akcio","7":"product_cat-belso-nezetes-lovoldozos-fps","8":"product_cat-jatekok","9":"pa_allapot-hasznalt","10":"pa_kivitel-cd-tokos","11":"pa_nyelv-angol","12":"pa_nyelv-francia","13":"pa_nyelv-nemet","14":"pa_nyelv-olasz","15":"pa_nyelv-portugal","16":"pa_nyelv-spanyol","17":"pa_platform-pc_dos","19":"first","20":"instock","21":"shipping-taxable","22":"purchasable","23":"product-type-simple"},"_links":{"self":[{"href":"https:\/\/www.retro-games.hu\/index.php\/wp-json\/wp\/v2\/product\/60487","targetHints":{"allow":["GET"]}}],"collection":[{"href":"https:\/\/www.retro-games.hu\/index.php\/wp-json\/wp\/v2\/product"}],"about":[{"href":"https:\/\/www.retro-games.hu\/index.php\/wp-json\/wp\/v2\/types\/product"}],"replies":[{"embeddable":true,"href":"https:\/\/www.retro-games.hu\/index.php\/wp-json\/wp\/v2\/comments?post=60487"}],"wp:featuredmedia":[{"embeddable":true,"href":"https:\/\/www.retro-games.hu\/index.php\/wp-json\/wp\/v2\/media\/60486"}],"wp:attachment":[{"href":"https:\/\/www.retro-games.hu\/index.php\/wp-json\/wp\/v2\/media?parent=60487"}],"wp:term":[{"taxonomy":"product_brand","embeddable":true,"href":"https:\/\/www.retro-games.hu\/index.php\/wp-json\/wp\/v2\/product_brand?post=60487"},{"taxonomy":"product_cat","embeddable":true,"href":"https:\/\/www.retro-games.hu\/index.php\/wp-json\/wp\/v2\/product_cat?post=60487"},{"taxonomy":"product_tag","embeddable":true,"href":"https:\/\/www.retro-games.hu\/index.php\/wp-json\/wp\/v2\/product_tag?post=60487"}],"curies":[{"name":"wp","href":"https:\/\/api.w.org\/{rel}","templated":true}]}}