{"id":60489,"date":"2025-11-03T13:55:39","date_gmt":"2025-11-03T13:55:39","guid":{"rendered":"https:\/\/www.retro-games.hu\/index.php\/termek\/clash\/"},"modified":"2025-11-03T13:55:40","modified_gmt":"2025-11-03T13:55:40","slug":"clash","status":"publish","type":"product","link":"https:\/\/www.retro-games.hu\/index.php\/termek\/clash\/","title":{"rendered":"Clash"},"content":{"rendered":"<p>K\u00f6r\u00f6kre osztott strat\u00e9giai j\u00e1t\u00e9k. Kiad\u00e1s \u00e9ve: 1997. Platform: Windows 95\/NT. Kivitel: cd tokos, els\u0151 kiad\u00e1s, n\u00e9met feliratos bor\u00edt\u00f3k, eredeti cd, n\u00e9met nyelv\u0171 j\u00e1t\u00e9k. CD \u00e1llapota: enyh\u00e9n karcos (hajsz\u00e1lkarcok), tesztelt, m\u0171k\u00f6dik<\/p>\n","protected":false},"excerpt":{"rendered":"<p>K\u00f6r\u00f6kre osztott strat\u00e9giai j\u00e1t\u00e9k. Kiad\u00e1s \u00e9ve: 1997. Platform: Windows 95\/NT. Kivitel: cd tokos, els\u0151 kiad\u00e1s, n\u00e9met feliratos bor\u00edt\u00f3k, eredeti cd, n\u00e9met nyelv\u0171 j\u00e1t\u00e9k. CD \u00e1llapota: enyh\u00e9n karcos (hajsz\u00e1lkarcok), tesztelt, m\u0171k\u00f6dik<\/p>\n","protected":false},"featured_media":60488,"comment_status":"open","ping_status":"closed","template":"","meta":{"_et_pb_use_builder":"","_et_pb_old_content":"","_et_gb_content_width":""},"product_brand":[],"product_cat":[44,155,43],"product_tag":[],"class_list":{"0":"post-60489","1":"product","2":"type-product","3":"status-publish","4":"has-post-thumbnail","6":"product_cat-korokre-osztott","7":"product_cat-jatekok","8":"product_cat-strategiai-jatek","9":"pa_allapot-hasznalt","10":"pa_kivitel-cd-tokos","11":"pa_nyelv-nemet","12":"pa_platform-pc-windows-95","13":"pa_platform-pc-windows-nt","15":"first","16":"instock","17":"shipping-taxable","18":"purchasable","19":"product-type-simple"},"_links":{"self":[{"href":"https:\/\/www.retro-games.hu\/index.php\/wp-json\/wp\/v2\/product\/60489","targetHints":{"allow":["GET"]}}],"collection":[{"href":"https:\/\/www.retro-games.hu\/index.php\/wp-json\/wp\/v2\/product"}],"about":[{"href":"https:\/\/www.retro-games.hu\/index.php\/wp-json\/wp\/v2\/types\/product"}],"replies":[{"embeddable":true,"href":"https:\/\/www.retro-games.hu\/index.php\/wp-json\/wp\/v2\/comments?post=60489"}],"wp:featuredmedia":[{"embeddable":true,"href":"https:\/\/www.retro-games.hu\/index.php\/wp-json\/wp\/v2\/media\/60488"}],"wp:attachment":[{"href":"https:\/\/www.retro-games.hu\/index.php\/wp-json\/wp\/v2\/media?parent=60489"}],"wp:term":[{"taxonomy":"product_brand","embeddable":true,"href":"https:\/\/www.retro-games.hu\/index.php\/wp-json\/wp\/v2\/product_brand?post=60489"},{"taxonomy":"product_cat","embeddable":true,"href":"https:\/\/www.retro-games.hu\/index.php\/wp-json\/wp\/v2\/product_cat?post=60489"},{"taxonomy":"product_tag","embeddable":true,"href":"https:\/\/www.retro-games.hu\/index.php\/wp-json\/wp\/v2\/product_tag?post=60489"}],"curies":[{"name":"wp","href":"https:\/\/api.w.org\/{rel}","templated":true}]}}