{"id":60542,"date":"2025-11-03T13:57:13","date_gmt":"2025-11-03T13:57:13","guid":{"rendered":"https:\/\/www.retro-games.hu\/index.php\/termek\/field-stream-trophy-bass-3d\/"},"modified":"2025-11-03T13:57:13","modified_gmt":"2025-11-03T13:57:13","slug":"field-stream-trophy-bass-3d","status":"publish","type":"product","link":"https:\/\/www.retro-games.hu\/index.php\/termek\/field-stream-trophy-bass-3d\/","title":{"rendered":"Field &#038; Stream Trophy Bass 3D"},"content":{"rendered":"<p>Horg\u00e1szati j\u00e1t\u00e9k. Kiad\u00e1s \u00e9ve: 1999. Platform: Windows 95\/98\/NT. Kivitel: cd tokos, els\u0151 kiad\u00e1s, angol\/n\u00e9met feliratos h\u00e1ts\u00f3 bor\u00edt\u00f3, angol\/n\u00e9met nyelv\u0171 pap\u00edrk\u00e9zik\u00f6nyv az els\u0151 bor\u00edt\u00f3, eredeti cd, angol nyelv\u0171 j\u00e1t\u00e9k. CD \u00e1llapota: enyh\u00e9n karcos (hajsz\u00e1lkarcok), tesztelt, m\u0171k\u00f6dik.<\/p>\n","protected":false},"excerpt":{"rendered":"<p>Horg\u00e1szati j\u00e1t\u00e9k. Kiad\u00e1s \u00e9ve: 1999. Platform: Windows 95\/98\/NT. Kivitel: cd tokos, els\u0151 kiad\u00e1s, angol\/n\u00e9met feliratos h\u00e1ts\u00f3 bor\u00edt\u00f3, angol\/n\u00e9met nyelv\u0171 pap\u00edrk\u00e9zik\u00f6nyv az els\u0151 bor\u00edt\u00f3, eredeti cd, angol nyelv\u0171 j\u00e1t\u00e9k. CD \u00e1llapota: enyh\u00e9n karcos (hajsz\u00e1lkarcok), tesztelt, m\u0171k\u00f6dik.<\/p>\n","protected":false},"featured_media":60541,"comment_status":"open","ping_status":"closed","template":"","meta":{"_et_pb_use_builder":"","_et_pb_old_content":"","_et_gb_content_width":""},"product_brand":[],"product_cat":[21,136],"product_tag":[],"class_list":{"0":"post-60542","1":"product","2":"type-product","3":"status-publish","4":"has-post-thumbnail","6":"product_cat-akcio","7":"product_cat-vadaszat-horgaszat","8":"pa_allapot-hasznalt","9":"pa_kivitel-cd-tokos","10":"pa_nyelv-angol","11":"pa_platform-pc-windows-95","12":"pa_platform-pc-windows-98","13":"pa_platform-pc-windows-nt","15":"first","16":"instock","17":"shipping-taxable","18":"purchasable","19":"product-type-simple"},"_links":{"self":[{"href":"https:\/\/www.retro-games.hu\/index.php\/wp-json\/wp\/v2\/product\/60542","targetHints":{"allow":["GET"]}}],"collection":[{"href":"https:\/\/www.retro-games.hu\/index.php\/wp-json\/wp\/v2\/product"}],"about":[{"href":"https:\/\/www.retro-games.hu\/index.php\/wp-json\/wp\/v2\/types\/product"}],"replies":[{"embeddable":true,"href":"https:\/\/www.retro-games.hu\/index.php\/wp-json\/wp\/v2\/comments?post=60542"}],"wp:featuredmedia":[{"embeddable":true,"href":"https:\/\/www.retro-games.hu\/index.php\/wp-json\/wp\/v2\/media\/60541"}],"wp:attachment":[{"href":"https:\/\/www.retro-games.hu\/index.php\/wp-json\/wp\/v2\/media?parent=60542"}],"wp:term":[{"taxonomy":"product_brand","embeddable":true,"href":"https:\/\/www.retro-games.hu\/index.php\/wp-json\/wp\/v2\/product_brand?post=60542"},{"taxonomy":"product_cat","embeddable":true,"href":"https:\/\/www.retro-games.hu\/index.php\/wp-json\/wp\/v2\/product_cat?post=60542"},{"taxonomy":"product_tag","embeddable":true,"href":"https:\/\/www.retro-games.hu\/index.php\/wp-json\/wp\/v2\/product_tag?post=60542"}],"curies":[{"name":"wp","href":"https:\/\/api.w.org\/{rel}","templated":true}]}}