{"id":60546,"date":"2025-11-03T13:57:20","date_gmt":"2025-11-03T13:57:20","guid":{"rendered":"https:\/\/www.retro-games.hu\/index.php\/termek\/flipout\/"},"modified":"2025-11-03T13:57:21","modified_gmt":"2025-11-03T13:57:21","slug":"flipout","status":"publish","type":"product","link":"https:\/\/www.retro-games.hu\/index.php\/termek\/flipout\/","title":{"rendered":"FlipOut!"},"content":{"rendered":"<p>Puzzle j\u00e1t\u00e9k. Kiad\u00e1s \u00e9ve: 1995. Platform: DOS\/Windows 95. Kivitel: cd tokos, ut\u00e1nkiad\u00e1s, n\u00e9met feliratos bor\u00edt\u00f3k, eredeti cd, angol \u00e9s n\u00e9met, francia, olasz nyelv\u0171 j\u00e1t\u00e9k. Plusz 2 b\u00f3nusz j\u00e1t\u00e9k: Rings of Medusa Gold (n\u00e9met), Meridian 59 (n\u00e9met). CD \u00e1llapota: szinte karcmentes, tesztelt, m\u0171k\u00f6dik<\/p>\n","protected":false},"excerpt":{"rendered":"<p>Puzzle j\u00e1t\u00e9k. Kiad\u00e1s \u00e9ve: 1995. Platform: DOS\/Windows 95. Kivitel: cd tokos, ut\u00e1nkiad\u00e1s, n\u00e9met feliratos bor\u00edt\u00f3k, eredeti cd, angol \u00e9s n\u00e9met, francia, olasz nyelv\u0171 j\u00e1t\u00e9k. Plusz 2 b\u00f3nusz j\u00e1t\u00e9k: Rings of Medusa Gold (n\u00e9met), Meridian 59 (n\u00e9met). CD \u00e1llapota: szinte karcmentes, tesztelt, m\u0171k\u00f6dik<\/p>\n","protected":false},"featured_media":60545,"comment_status":"open","ping_status":"closed","template":"","meta":{"_et_pb_use_builder":"","_et_pb_old_content":"","_et_gb_content_width":""},"product_brand":[],"product_cat":[155,59],"product_tag":[],"class_list":{"0":"post-60546","1":"product","2":"type-product","3":"status-publish","4":"has-post-thumbnail","6":"product_cat-jatekok","7":"product_cat-puzzle-rejtveny","8":"pa_allapot-hasznalt","9":"pa_kivitel-cd-tokos","10":"pa_nyelv-angol","11":"pa_nyelv-francia","12":"pa_nyelv-nemet","13":"pa_nyelv-olasz","14":"pa_platform-pc_dos","15":"pa_platform-pc-windows-95","17":"first","18":"instock","19":"shipping-taxable","20":"purchasable","21":"product-type-simple"},"_links":{"self":[{"href":"https:\/\/www.retro-games.hu\/index.php\/wp-json\/wp\/v2\/product\/60546","targetHints":{"allow":["GET"]}}],"collection":[{"href":"https:\/\/www.retro-games.hu\/index.php\/wp-json\/wp\/v2\/product"}],"about":[{"href":"https:\/\/www.retro-games.hu\/index.php\/wp-json\/wp\/v2\/types\/product"}],"replies":[{"embeddable":true,"href":"https:\/\/www.retro-games.hu\/index.php\/wp-json\/wp\/v2\/comments?post=60546"}],"wp:featuredmedia":[{"embeddable":true,"href":"https:\/\/www.retro-games.hu\/index.php\/wp-json\/wp\/v2\/media\/60545"}],"wp:attachment":[{"href":"https:\/\/www.retro-games.hu\/index.php\/wp-json\/wp\/v2\/media?parent=60546"}],"wp:term":[{"taxonomy":"product_brand","embeddable":true,"href":"https:\/\/www.retro-games.hu\/index.php\/wp-json\/wp\/v2\/product_brand?post=60546"},{"taxonomy":"product_cat","embeddable":true,"href":"https:\/\/www.retro-games.hu\/index.php\/wp-json\/wp\/v2\/product_cat?post=60546"},{"taxonomy":"product_tag","embeddable":true,"href":"https:\/\/www.retro-games.hu\/index.php\/wp-json\/wp\/v2\/product_tag?post=60546"}],"curies":[{"name":"wp","href":"https:\/\/api.w.org\/{rel}","templated":true}]}}