{"id":60548,"date":"2025-11-03T13:57:24","date_gmt":"2025-11-03T13:57:24","guid":{"rendered":"https:\/\/www.retro-games.hu\/index.php\/termek\/family-fun-games\/"},"modified":"2025-11-03T13:57:24","modified_gmt":"2025-11-03T13:57:24","slug":"family-fun-games","status":"publish","type":"product","link":"https:\/\/www.retro-games.hu\/index.php\/termek\/family-fun-games\/","title":{"rendered":"Family Fun Games"},"content":{"rendered":"<p>J\u00e1t\u00e9kkollekci\u00f3. Kiad\u00e1s \u00e9ve: 2000. Platform: Windows 95\/98. Kivitel: cd tokos, kollekci\u00f3, angol feliratos bor\u00edt\u00f3k, eredeti cd, angol nyelv\u0171 j\u00e1t\u00e9kok. A kollekci\u00f3 tartalma 9 teljes j\u00e1t\u00e9k: Backgammon, Charm Rocks, Geomanty, Gun Shoot, Math School, Origin of Species, Road Roll, Sea Battle, Splinters. CD \u00e1llapota: karcmentes, \u00fajnak t\u0171nik<\/p>\n","protected":false},"excerpt":{"rendered":"<p>J\u00e1t\u00e9kkollekci\u00f3. Kiad\u00e1s \u00e9ve: 2000. Platform: Windows 95\/98. Kivitel: cd tokos, kollekci\u00f3, angol feliratos bor\u00edt\u00f3k, eredeti cd, angol nyelv\u0171 j\u00e1t\u00e9kok. A kollekci\u00f3 tartalma 9 teljes j\u00e1t\u00e9k: Backgammon, Charm Rocks, Geomanty, Gun Shoot, Math School, Origin of Species, Road Roll, Sea Battle, Splinters. CD \u00e1llapota: karcmentes, \u00fajnak t\u0171nik<\/p>\n","protected":false},"featured_media":60547,"comment_status":"open","ping_status":"closed","template":"","meta":{"_et_pb_use_builder":"","_et_pb_old_content":"","_et_gb_content_width":""},"product_brand":[],"product_cat":[45,36],"product_tag":[],"class_list":{"0":"post-60548","1":"product","2":"type-product","3":"status-publish","4":"has-post-thumbnail","6":"product_cat-egyeb","7":"product_cat-osszeallitasok","8":"pa_allapot-hasznalt","9":"pa_kivitel-cd-tokos","10":"pa_nyelv-angol","11":"pa_platform-pc-windows-95","12":"pa_platform-pc-windows-98","14":"first","15":"instock","16":"shipping-taxable","17":"purchasable","18":"product-type-simple"},"_links":{"self":[{"href":"https:\/\/www.retro-games.hu\/index.php\/wp-json\/wp\/v2\/product\/60548","targetHints":{"allow":["GET"]}}],"collection":[{"href":"https:\/\/www.retro-games.hu\/index.php\/wp-json\/wp\/v2\/product"}],"about":[{"href":"https:\/\/www.retro-games.hu\/index.php\/wp-json\/wp\/v2\/types\/product"}],"replies":[{"embeddable":true,"href":"https:\/\/www.retro-games.hu\/index.php\/wp-json\/wp\/v2\/comments?post=60548"}],"wp:featuredmedia":[{"embeddable":true,"href":"https:\/\/www.retro-games.hu\/index.php\/wp-json\/wp\/v2\/media\/60547"}],"wp:attachment":[{"href":"https:\/\/www.retro-games.hu\/index.php\/wp-json\/wp\/v2\/media?parent=60548"}],"wp:term":[{"taxonomy":"product_brand","embeddable":true,"href":"https:\/\/www.retro-games.hu\/index.php\/wp-json\/wp\/v2\/product_brand?post=60548"},{"taxonomy":"product_cat","embeddable":true,"href":"https:\/\/www.retro-games.hu\/index.php\/wp-json\/wp\/v2\/product_cat?post=60548"},{"taxonomy":"product_tag","embeddable":true,"href":"https:\/\/www.retro-games.hu\/index.php\/wp-json\/wp\/v2\/product_tag?post=60548"}],"curies":[{"name":"wp","href":"https:\/\/api.w.org\/{rel}","templated":true}]}}