{"id":60564,"date":"2025-11-03T13:57:53","date_gmt":"2025-11-03T13:57:53","guid":{"rendered":"https:\/\/www.retro-games.hu\/index.php\/termek\/hellfire-zone\/"},"modified":"2025-11-03T13:57:54","modified_gmt":"2025-11-03T13:57:54","slug":"hellfire-zone","status":"publish","type":"product","link":"https:\/\/www.retro-games.hu\/index.php\/termek\/hellfire-zone\/","title":{"rendered":"Hellfire Zone"},"content":{"rendered":"<p>\u00c1rk\u00e1d helikopter szimul\u00e1tor. Kiad\u00e1s \u00e9ve: 1995. Platform: DOS. Kivitel: cd tokos, ut\u00e1nkiad\u00e1s, n\u00e9met feliratos bor\u00edt\u00f3k, eredeti cd, angol \u00e9s n\u00e9met, francia nyelv\u0171 j\u00e1t\u00e9k. CD \u00e1llapota: szinte karcmentes, tesztelt, m\u0171k\u00f6dik. K\u00e9t b\u00f3nusz j\u00e1t\u00e9k: Millenia &#8211; Altered Destinies (angol) \u00e9s Meridian 59 (n\u00e9met).<\/p>\n","protected":false},"excerpt":{"rendered":"<p>\u00c1rk\u00e1d helikopter szimul\u00e1tor. Kiad\u00e1s \u00e9ve: 1995. Platform: DOS. Kivitel: cd tokos, ut\u00e1nkiad\u00e1s, n\u00e9met feliratos bor\u00edt\u00f3k, eredeti cd, angol \u00e9s n\u00e9met, francia nyelv\u0171 j\u00e1t\u00e9k. CD \u00e1llapota: szinte karcmentes, tesztelt, m\u0171k\u00f6dik. K\u00e9t b\u00f3nusz j\u00e1t\u00e9k: Millenia &#8211; Altered Destinies (angol) \u00e9s Meridian 59 (n\u00e9met).<\/p>\n","protected":false},"featured_media":60563,"comment_status":"open","ping_status":"closed","template":"","meta":{"_et_pb_use_builder":"","_et_pb_old_content":"","_et_gb_content_width":""},"product_brand":[],"product_cat":[21,125,155],"product_tag":[],"class_list":{"0":"post-60564","1":"product","2":"type-product","3":"status-publish","4":"has-post-thumbnail","6":"product_cat-akcio","7":"product_cat-egyeb-3d-lovoldozos","8":"product_cat-jatekok","9":"pa_allapot-hasznalt","10":"pa_kivitel-cd-tokos","11":"pa_nyelv-angol","12":"pa_nyelv-francia","13":"pa_nyelv-nemet","14":"pa_platform-pc_dos","16":"first","17":"instock","18":"shipping-taxable","19":"purchasable","20":"product-type-simple"},"_links":{"self":[{"href":"https:\/\/www.retro-games.hu\/index.php\/wp-json\/wp\/v2\/product\/60564","targetHints":{"allow":["GET"]}}],"collection":[{"href":"https:\/\/www.retro-games.hu\/index.php\/wp-json\/wp\/v2\/product"}],"about":[{"href":"https:\/\/www.retro-games.hu\/index.php\/wp-json\/wp\/v2\/types\/product"}],"replies":[{"embeddable":true,"href":"https:\/\/www.retro-games.hu\/index.php\/wp-json\/wp\/v2\/comments?post=60564"}],"wp:featuredmedia":[{"embeddable":true,"href":"https:\/\/www.retro-games.hu\/index.php\/wp-json\/wp\/v2\/media\/60563"}],"wp:attachment":[{"href":"https:\/\/www.retro-games.hu\/index.php\/wp-json\/wp\/v2\/media?parent=60564"}],"wp:term":[{"taxonomy":"product_brand","embeddable":true,"href":"https:\/\/www.retro-games.hu\/index.php\/wp-json\/wp\/v2\/product_brand?post=60564"},{"taxonomy":"product_cat","embeddable":true,"href":"https:\/\/www.retro-games.hu\/index.php\/wp-json\/wp\/v2\/product_cat?post=60564"},{"taxonomy":"product_tag","embeddable":true,"href":"https:\/\/www.retro-games.hu\/index.php\/wp-json\/wp\/v2\/product_tag?post=60564"}],"curies":[{"name":"wp","href":"https:\/\/api.w.org\/{rel}","templated":true}]}}