{"id":60582,"date":"2025-11-03T13:58:24","date_gmt":"2025-11-03T13:58:24","guid":{"rendered":"https:\/\/www.retro-games.hu\/index.php\/termek\/louvre-the-final-curse-the-messenger\/"},"modified":"2025-11-03T13:58:25","modified_gmt":"2025-11-03T13:58:25","slug":"louvre-the-final-curse-the-messenger","status":"publish","type":"product","link":"https:\/\/www.retro-games.hu\/index.php\/termek\/louvre-the-final-curse-the-messenger\/","title":{"rendered":"Louvre: The Final Curse (The Messenger)"},"content":{"rendered":"<p>Nyomoz\u00f3s kalandj\u00e1t\u00e9k. Kiad\u00e1s \u00e9ve: 2000. Platform: Windows 95\/98. Kivitel: cd tokos, els\u0151 kiad\u00e1s, angol feliratos bor\u00edt\u00f3k, eredeti 2 cd, angol nyelv\u0171 j\u00e1t\u00e9k. CD-k \u00e1llapota: enyh\u00e9n karcos (hajsz\u00e1lkarcok), tesztelt, m\u0171k\u00f6dik<\/p>\n","protected":false},"excerpt":{"rendered":"<p>Nyomoz\u00f3s kalandj\u00e1t\u00e9k. Kiad\u00e1s \u00e9ve: 2000. Platform: Windows 95\/98. Kivitel: cd tokos, els\u0151 kiad\u00e1s, angol feliratos bor\u00edt\u00f3k, eredeti 2 cd, angol nyelv\u0171 j\u00e1t\u00e9k. CD-k \u00e1llapota: enyh\u00e9n karcos (hajsz\u00e1lkarcok), tesztelt, m\u0171k\u00f6dik<\/p>\n","protected":false},"featured_media":60581,"comment_status":"open","ping_status":"closed","template":"","meta":{"_et_pb_use_builder":"","_et_pb_old_content":"","_et_gb_content_width":""},"product_brand":[],"product_cat":[25,155,114],"product_tag":[],"class_list":{"0":"post-60582","1":"product","2":"type-product","3":"status-publish","4":"has-post-thumbnail","6":"product_cat-kaland","7":"product_cat-jatekok","8":"product_cat-rejtvenymegoldo","9":"pa_allapot-hasznalt","10":"pa_kivitel-cd-tokos","11":"pa_nyelv-angol","12":"pa_platform-pc-windows-95","13":"pa_platform-pc-windows-98","15":"first","16":"instock","17":"shipping-taxable","18":"purchasable","19":"product-type-simple"},"_links":{"self":[{"href":"https:\/\/www.retro-games.hu\/index.php\/wp-json\/wp\/v2\/product\/60582","targetHints":{"allow":["GET"]}}],"collection":[{"href":"https:\/\/www.retro-games.hu\/index.php\/wp-json\/wp\/v2\/product"}],"about":[{"href":"https:\/\/www.retro-games.hu\/index.php\/wp-json\/wp\/v2\/types\/product"}],"replies":[{"embeddable":true,"href":"https:\/\/www.retro-games.hu\/index.php\/wp-json\/wp\/v2\/comments?post=60582"}],"wp:featuredmedia":[{"embeddable":true,"href":"https:\/\/www.retro-games.hu\/index.php\/wp-json\/wp\/v2\/media\/60581"}],"wp:attachment":[{"href":"https:\/\/www.retro-games.hu\/index.php\/wp-json\/wp\/v2\/media?parent=60582"}],"wp:term":[{"taxonomy":"product_brand","embeddable":true,"href":"https:\/\/www.retro-games.hu\/index.php\/wp-json\/wp\/v2\/product_brand?post=60582"},{"taxonomy":"product_cat","embeddable":true,"href":"https:\/\/www.retro-games.hu\/index.php\/wp-json\/wp\/v2\/product_cat?post=60582"},{"taxonomy":"product_tag","embeddable":true,"href":"https:\/\/www.retro-games.hu\/index.php\/wp-json\/wp\/v2\/product_tag?post=60582"}],"curies":[{"name":"wp","href":"https:\/\/api.w.org\/{rel}","templated":true}]}}