{"id":60586,"date":"2025-11-03T13:58:32","date_gmt":"2025-11-03T13:58:32","guid":{"rendered":"https:\/\/www.retro-games.hu\/index.php\/termek\/lucky-luke-on-the-daltons-trail\/"},"modified":"2026-03-24T20:46:15","modified_gmt":"2026-03-24T20:46:15","slug":"lucky-luke-on-the-daltons-trail","status":"publish","type":"product","link":"https:\/\/www.retro-games.hu\/index.php\/termek\/lucky-luke-on-the-daltons-trail\/","title":{"rendered":"Lucky Luke: On the Dalton&#8217;s Trail"},"content":{"rendered":"<p>Akci\u00f3-kalandj\u00e1t\u00e9k. Kiad\u00e1s \u00e9ve: 2000. Platform: Windows 95\/98. Kivitel: cd tokos, els\u0151 kiad\u00e1s, angol-sv\u00e9d feliratos bor\u00edt\u00f3, angol\/sv\u00e9d\/finn nyelv\u0171 pap\u00edrk\u00e9zik\u00f6nyv, eredeti cd, angol, francia, kanadai francia, spanyol, holland, n\u00e9met \u00e9s olasz nyelv\u0171 j\u00e1t\u00e9k. CD \u00e1llapota: karcmentes, \u00fajnak t\u0171nik<\/p>\n","protected":false},"excerpt":{"rendered":"<p>Akci\u00f3-kalandj\u00e1t\u00e9k. Kiad\u00e1s \u00e9ve: 2000. Platform: Windows 95\/98. Kivitel: cd tokos, els\u0151 kiad\u00e1s, angol-sv\u00e9d feliratos bor\u00edt\u00f3, angol\/sv\u00e9d\/finn nyelv\u0171 pap\u00edrk\u00e9zik\u00f6nyv, eredeti cd, angol, francia, kanadai francia, spanyol, holland, n\u00e9met \u00e9s olasz nyelv\u0171 j\u00e1t\u00e9k. CD \u00e1llapota: karcmentes, \u00fajnak t\u0171nik<\/p>\n","protected":false},"featured_media":60585,"comment_status":"open","ping_status":"closed","template":"","meta":{"_et_pb_use_builder":"","_et_pb_old_content":"","_et_gb_content_width":""},"product_brand":[],"product_cat":[26,25,155],"product_tag":[],"class_list":{"0":"post-60586","1":"product","2":"type-product","3":"status-publish","4":"has-post-thumbnail","6":"product_cat-akcio-kalandjatek","7":"product_cat-kaland","8":"product_cat-jatekok","9":"pa_allapot-hasznalt","10":"pa_kivitel-cd-tokos","11":"pa_nyelv-angol","12":"pa_nyelv-francia","13":"pa_nyelv-holland","14":"pa_nyelv-kanadai-francia","15":"pa_nyelv-nemet","16":"pa_nyelv-olasz","17":"pa_nyelv-spanyol","18":"pa_platform-pc-windows-95","19":"pa_platform-pc-windows-98","21":"first","22":"outofstock","23":"shipping-taxable","24":"purchasable","25":"product-type-simple"},"_links":{"self":[{"href":"https:\/\/www.retro-games.hu\/index.php\/wp-json\/wp\/v2\/product\/60586","targetHints":{"allow":["GET"]}}],"collection":[{"href":"https:\/\/www.retro-games.hu\/index.php\/wp-json\/wp\/v2\/product"}],"about":[{"href":"https:\/\/www.retro-games.hu\/index.php\/wp-json\/wp\/v2\/types\/product"}],"replies":[{"embeddable":true,"href":"https:\/\/www.retro-games.hu\/index.php\/wp-json\/wp\/v2\/comments?post=60586"}],"wp:featuredmedia":[{"embeddable":true,"href":"https:\/\/www.retro-games.hu\/index.php\/wp-json\/wp\/v2\/media\/60585"}],"wp:attachment":[{"href":"https:\/\/www.retro-games.hu\/index.php\/wp-json\/wp\/v2\/media?parent=60586"}],"wp:term":[{"taxonomy":"product_brand","embeddable":true,"href":"https:\/\/www.retro-games.hu\/index.php\/wp-json\/wp\/v2\/product_brand?post=60586"},{"taxonomy":"product_cat","embeddable":true,"href":"https:\/\/www.retro-games.hu\/index.php\/wp-json\/wp\/v2\/product_cat?post=60586"},{"taxonomy":"product_tag","embeddable":true,"href":"https:\/\/www.retro-games.hu\/index.php\/wp-json\/wp\/v2\/product_tag?post=60586"}],"curies":[{"name":"wp","href":"https:\/\/api.w.org\/{rel}","templated":true}]}}