{"id":60602,"date":"2025-11-03T13:59:00","date_gmt":"2025-11-03T13:59:00","guid":{"rendered":"https:\/\/www.retro-games.hu\/index.php\/termek\/kid-pilot\/"},"modified":"2025-11-03T13:59:01","modified_gmt":"2025-11-03T13:59:01","slug":"kid-pilot","status":"publish","type":"product","link":"https:\/\/www.retro-games.hu\/index.php\/termek\/kid-pilot\/","title":{"rendered":"Kid Pilot"},"content":{"rendered":"<p>Rep\u00fcl\u0151g\u00e9p-szimul\u00e1tor j\u00e1t\u00e9k (gyerekeknek). Kiad\u00e1s \u00e9ve: 1998. Platform: Windows 95\/98. Kivitel: cd tokos, els\u0151 kiad\u00e1s, angol feliratos bor\u00edt\u00f3k (az els\u0151 bor\u00edt\u00f3 r\u00f6vid k\u00e9zik\u00f6nyv is), eredeti cd, angol nyelv\u0171 j\u00e1t\u00e9k. CD \u00e1llapota: enyh\u00e9n karcos (hajsz\u00e1lkarcok), tesztelt, m\u0171k\u00f6dik<\/p>\n","protected":false},"excerpt":{"rendered":"<p>Rep\u00fcl\u0151g\u00e9p-szimul\u00e1tor j\u00e1t\u00e9k (gyerekeknek). Kiad\u00e1s \u00e9ve: 1998. Platform: Windows 95\/98. Kivitel: cd tokos, els\u0151 kiad\u00e1s, angol feliratos bor\u00edt\u00f3k (az els\u0151 bor\u00edt\u00f3 r\u00f6vid k\u00e9zik\u00f6nyv is), eredeti cd, angol nyelv\u0171 j\u00e1t\u00e9k. CD \u00e1llapota: enyh\u00e9n karcos (hajsz\u00e1lkarcok), tesztelt, m\u0171k\u00f6dik<\/p>\n","protected":false},"featured_media":60601,"comment_status":"open","ping_status":"closed","template":"","meta":{"_et_pb_use_builder":"","_et_pb_old_content":"","_et_gb_content_width":""},"product_brand":[],"product_cat":[155,10,8],"product_tag":[],"class_list":{"0":"post-60602","1":"product","2":"type-product","3":"status-publish","4":"has-post-thumbnail","6":"product_cat-jatekok","7":"product_cat-polgari","8":"product_cat-szimulator","9":"pa_allapot-hasznalt","10":"pa_kivitel-cd-tokos","11":"pa_nyelv-angol","12":"pa_platform-pc-windows-95","13":"pa_platform-pc-windows-98","15":"first","16":"instock","17":"shipping-taxable","18":"purchasable","19":"product-type-simple"},"_links":{"self":[{"href":"https:\/\/www.retro-games.hu\/index.php\/wp-json\/wp\/v2\/product\/60602","targetHints":{"allow":["GET"]}}],"collection":[{"href":"https:\/\/www.retro-games.hu\/index.php\/wp-json\/wp\/v2\/product"}],"about":[{"href":"https:\/\/www.retro-games.hu\/index.php\/wp-json\/wp\/v2\/types\/product"}],"replies":[{"embeddable":true,"href":"https:\/\/www.retro-games.hu\/index.php\/wp-json\/wp\/v2\/comments?post=60602"}],"wp:featuredmedia":[{"embeddable":true,"href":"https:\/\/www.retro-games.hu\/index.php\/wp-json\/wp\/v2\/media\/60601"}],"wp:attachment":[{"href":"https:\/\/www.retro-games.hu\/index.php\/wp-json\/wp\/v2\/media?parent=60602"}],"wp:term":[{"taxonomy":"product_brand","embeddable":true,"href":"https:\/\/www.retro-games.hu\/index.php\/wp-json\/wp\/v2\/product_brand?post=60602"},{"taxonomy":"product_cat","embeddable":true,"href":"https:\/\/www.retro-games.hu\/index.php\/wp-json\/wp\/v2\/product_cat?post=60602"},{"taxonomy":"product_tag","embeddable":true,"href":"https:\/\/www.retro-games.hu\/index.php\/wp-json\/wp\/v2\/product_tag?post=60602"}],"curies":[{"name":"wp","href":"https:\/\/api.w.org\/{rel}","templated":true}]}}