{"id":60608,"date":"2025-11-03T13:59:10","date_gmt":"2025-11-03T13:59:10","guid":{"rendered":"https:\/\/www.retro-games.hu\/index.php\/termek\/f-117a-stealth-fighter-2-0-night-hawk\/"},"modified":"2025-11-03T13:59:10","modified_gmt":"2025-11-03T13:59:10","slug":"f-117a-stealth-fighter-2-0-night-hawk","status":"publish","type":"product","link":"https:\/\/www.retro-games.hu\/index.php\/termek\/f-117a-stealth-fighter-2-0-night-hawk\/","title":{"rendered":"F-117A Stealth Fighter 2.0 (Night Hawk)"},"content":{"rendered":"<p>Harci rep\u00fcl\u0151g\u00e9p-szimul\u00e1tor. Kiad\u00e1s \u00e9ve: 1991 (els\u0151 kiad\u00e1s). Platform: DOS \u00e9s Windows 95\/98. Kivitel: cd tokos, els\u0151 kiad\u00e1s, angol\/n\u00e9met\/francia\/holland feliratos bor\u00edt\u00f3k, eredeti cd, angol nyelv\u0171 j\u00e1t\u00e9k. CD \u00e1llapota: karcmentes, \u00fajnak t\u0171nik<\/p>\n","protected":false},"excerpt":{"rendered":"<p>Harci rep\u00fcl\u0151g\u00e9p-szimul\u00e1tor. Kiad\u00e1s \u00e9ve: 1991 (els\u0151 kiad\u00e1s). Platform: DOS \u00e9s Windows 95\/98. Kivitel: cd tokos, els\u0151 kiad\u00e1s, angol\/n\u00e9met\/francia\/holland feliratos bor\u00edt\u00f3k, eredeti cd, angol nyelv\u0171 j\u00e1t\u00e9k. CD \u00e1llapota: karcmentes, \u00fajnak t\u0171nik<\/p>\n","protected":false},"featured_media":60607,"comment_status":"open","ping_status":"closed","template":"","meta":{"_et_pb_use_builder":"","_et_pb_old_content":"","_et_gb_content_width":""},"product_brand":[],"product_cat":[11,155,9,8],"product_tag":[],"class_list":{"0":"post-60608","1":"product","2":"type-product","3":"status-publish","4":"has-post-thumbnail","6":"product_cat-harci","7":"product_cat-jatekok","8":"product_cat-repulogep-szimulator-szimulator","9":"product_cat-szimulator","10":"pa_allapot-hasznalt","11":"pa_kivitel-cd-tokos","12":"pa_nyelv-angol","13":"pa_platform-pc_dos","14":"pa_platform-pc-windows-95","15":"pa_platform-pc-windows-98","17":"first","18":"instock","19":"shipping-taxable","20":"purchasable","21":"product-type-simple"},"_links":{"self":[{"href":"https:\/\/www.retro-games.hu\/index.php\/wp-json\/wp\/v2\/product\/60608","targetHints":{"allow":["GET"]}}],"collection":[{"href":"https:\/\/www.retro-games.hu\/index.php\/wp-json\/wp\/v2\/product"}],"about":[{"href":"https:\/\/www.retro-games.hu\/index.php\/wp-json\/wp\/v2\/types\/product"}],"replies":[{"embeddable":true,"href":"https:\/\/www.retro-games.hu\/index.php\/wp-json\/wp\/v2\/comments?post=60608"}],"wp:featuredmedia":[{"embeddable":true,"href":"https:\/\/www.retro-games.hu\/index.php\/wp-json\/wp\/v2\/media\/60607"}],"wp:attachment":[{"href":"https:\/\/www.retro-games.hu\/index.php\/wp-json\/wp\/v2\/media?parent=60608"}],"wp:term":[{"taxonomy":"product_brand","embeddable":true,"href":"https:\/\/www.retro-games.hu\/index.php\/wp-json\/wp\/v2\/product_brand?post=60608"},{"taxonomy":"product_cat","embeddable":true,"href":"https:\/\/www.retro-games.hu\/index.php\/wp-json\/wp\/v2\/product_cat?post=60608"},{"taxonomy":"product_tag","embeddable":true,"href":"https:\/\/www.retro-games.hu\/index.php\/wp-json\/wp\/v2\/product_tag?post=60608"}],"curies":[{"name":"wp","href":"https:\/\/api.w.org\/{rel}","templated":true}]}}