{"id":60622,"date":"2025-11-03T13:59:34","date_gmt":"2025-11-03T13:59:34","guid":{"rendered":"https:\/\/www.retro-games.hu\/index.php\/termek\/microsoft-flight-simulator-add-on-scenery-pack\/"},"modified":"2025-11-03T13:59:34","modified_gmt":"2025-11-03T13:59:34","slug":"microsoft-flight-simulator-add-on-scenery-pack","status":"publish","type":"product","link":"https:\/\/www.retro-games.hu\/index.php\/termek\/microsoft-flight-simulator-add-on-scenery-pack\/","title":{"rendered":"Microsoft Flight Simulator Add-On: Scenery Pack"},"content":{"rendered":"<p>Rep\u00fcl\u0151g\u00e9p-szimul\u00e1tor kieg\u00e9sz\u00edt\u0151 lemez : Great Britain Part 3: South West England. Kiad\u00e1s \u00e9ve: 1999. Platform: Windows 95. Kivitel, cd tokos, els\u0151 kiad\u00e1s, angol\/n\u00e9met\/francia feliratos bor\u00edt\u00f3k, eredeti cd, angol, n\u00e9met, francia nyelv\u0171 kieg\u00e9sz\u00edt\u0151 lemez. Futtat\u00e1s\u00e1hoz sz\u00fcks\u00e9ges a Microsoft Flight Simulator for Windows 95! CD \u00e1llapota: szinte karcmentes, tesztelt, m\u0171k\u00f6dik<\/p>\n","protected":false},"excerpt":{"rendered":"<p>Rep\u00fcl\u0151g\u00e9p-szimul\u00e1tor kieg\u00e9sz\u00edt\u0151 lemez : Great Britain Part 3: South West England. Kiad\u00e1s \u00e9ve: 1999. Platform: Windows 95. Kivitel, cd tokos, els\u0151 kiad\u00e1s, angol\/n\u00e9met\/francia feliratos bor\u00edt\u00f3k, eredeti cd, angol, n\u00e9met, francia nyelv\u0171 kieg\u00e9sz\u00edt\u0151 lemez. Futtat\u00e1s\u00e1hoz sz\u00fcks\u00e9ges a Microsoft Flight Simulator for Windows 95! CD \u00e1llapota: szinte karcmentes, tesztelt, m\u0171k\u00f6dik<\/p>\n","protected":false},"featured_media":60621,"comment_status":"open","ping_status":"closed","template":"","meta":{"_et_pb_use_builder":"","_et_pb_old_content":"","_et_gb_content_width":""},"product_brand":[],"product_cat":[10,9,8],"product_tag":[],"class_list":{"0":"post-60622","1":"product","2":"type-product","3":"status-publish","4":"has-post-thumbnail","6":"product_cat-polgari","7":"product_cat-repulogep-szimulator-szimulator","8":"product_cat-szimulator","9":"pa_allapot-hasznalt","10":"pa_kivitel-cd-tokos","11":"pa_nyelv-angol","12":"pa_nyelv-francia","13":"pa_nyelv-nemet","14":"pa_platform-pc-windows-95","16":"first","17":"instock","18":"shipping-taxable","19":"purchasable","20":"product-type-simple"},"_links":{"self":[{"href":"https:\/\/www.retro-games.hu\/index.php\/wp-json\/wp\/v2\/product\/60622","targetHints":{"allow":["GET"]}}],"collection":[{"href":"https:\/\/www.retro-games.hu\/index.php\/wp-json\/wp\/v2\/product"}],"about":[{"href":"https:\/\/www.retro-games.hu\/index.php\/wp-json\/wp\/v2\/types\/product"}],"replies":[{"embeddable":true,"href":"https:\/\/www.retro-games.hu\/index.php\/wp-json\/wp\/v2\/comments?post=60622"}],"wp:featuredmedia":[{"embeddable":true,"href":"https:\/\/www.retro-games.hu\/index.php\/wp-json\/wp\/v2\/media\/60621"}],"wp:attachment":[{"href":"https:\/\/www.retro-games.hu\/index.php\/wp-json\/wp\/v2\/media?parent=60622"}],"wp:term":[{"taxonomy":"product_brand","embeddable":true,"href":"https:\/\/www.retro-games.hu\/index.php\/wp-json\/wp\/v2\/product_brand?post=60622"},{"taxonomy":"product_cat","embeddable":true,"href":"https:\/\/www.retro-games.hu\/index.php\/wp-json\/wp\/v2\/product_cat?post=60622"},{"taxonomy":"product_tag","embeddable":true,"href":"https:\/\/www.retro-games.hu\/index.php\/wp-json\/wp\/v2\/product_tag?post=60622"}],"curies":[{"name":"wp","href":"https:\/\/api.w.org\/{rel}","templated":true}]}}